{"id":5583977,"date":"2026-01-31T15:30:20","date_gmt":"2026-01-31T14:30:20","guid":{"rendered":"https:\/\/stoic-curie.212-227-153-4.plesk.page\/product\/suzuki-propeler-od-nehrdajuceg-celika-solas-15-1-4-x-21\/"},"modified":"2026-02-25T00:01:11","modified_gmt":"2026-02-25T00:01:11","slug":"suzuki-propeler-od-nehrdajuceg-celika-solas-15-1-4-x-21","status":"publish","type":"product","link":"https:\/\/stoic-curie.212-227-153-4.plesk.page\/hr\/product\/suzuki-propeler-od-nehrdajuceg-celika-solas-15-1-4-x-21\/","title":{"rendered":"Suzuki &#8211; Propeler od nehr\u0111aju\u0107eg \u010delika Solas 15 1\/4 x 21"},"content":{"rendered":"<p>Suzuki &#8211; Propeler od nehr\u0111aju\u0107eg \u010delika Solas 15 1\/4 x 21 &#8211; <\/p>\n<p>Propeleri od nehr\u0111aju\u0107eg \u010delika Solas za vanbrodske motore. Izvrsan dizajn i kvaliteta izrade omogu\u0107uju jednostavnu zamjenu Solas propellera s originalnim propelerima. Plus = Pove\u0107ana povr\u0161ina lopatice propellera L = Propeler s kontra okretanjem (suprotno od kazaljke na satu)<\/p>\n","protected":false},"excerpt":{"rendered":"<p>Suzuki &#8211; Propeler od nehr\u0111aju\u0107eg \u010delika Solas 15 1\/4 x 21 &#8211; Propeleri od nehr\u0111aju\u0107eg \u010delika Solas za vanbrodske motore.<\/p>\n","protected":false},"featured_media":5945752,"comment_status":"open","ping_status":"closed","template":"","meta":[],"product_brand":[3411],"product_cat":[1803,1832],"product_tag":[],"class_list":{"0":"post-5583977","1":"product","2":"type-product","3":"status-publish","4":"has-post-thumbnail","6":"product_brand-solas-hr","7":"product_cat-propeleri-za-vanbrodske-motore","8":"product_cat-rezervni-dijelovi-za-vanbrodske-motore-suzuki","10":"first","11":"instock","12":"shipping-taxable","13":"purchasable","14":"product-type-simple"},"_links":{"self":[{"href":"https:\/\/stoic-curie.212-227-153-4.plesk.page\/hr\/wp-json\/wp\/v2\/product\/5583977","targetHints":{"allow":["GET"]}}],"collection":[{"href":"https:\/\/stoic-curie.212-227-153-4.plesk.page\/hr\/wp-json\/wp\/v2\/product"}],"about":[{"href":"https:\/\/stoic-curie.212-227-153-4.plesk.page\/hr\/wp-json\/wp\/v2\/types\/product"}],"replies":[{"embeddable":true,"href":"https:\/\/stoic-curie.212-227-153-4.plesk.page\/hr\/wp-json\/wp\/v2\/comments?post=5583977"}],"version-history":[{"count":0,"href":"https:\/\/stoic-curie.212-227-153-4.plesk.page\/hr\/wp-json\/wp\/v2\/product\/5583977\/revisions"}],"wp:featuredmedia":[{"embeddable":true,"href":"https:\/\/stoic-curie.212-227-153-4.plesk.page\/hr\/wp-json\/wp\/v2\/media\/5945752"}],"wp:attachment":[{"href":"https:\/\/stoic-curie.212-227-153-4.plesk.page\/hr\/wp-json\/wp\/v2\/media?parent=5583977"}],"wp:term":[{"taxonomy":"product_brand","embeddable":true,"href":"https:\/\/stoic-curie.212-227-153-4.plesk.page\/hr\/wp-json\/wp\/v2\/product_brand?post=5583977"},{"taxonomy":"product_cat","embeddable":true,"href":"https:\/\/stoic-curie.212-227-153-4.plesk.page\/hr\/wp-json\/wp\/v2\/product_cat?post=5583977"},{"taxonomy":"product_tag","embeddable":true,"href":"https:\/\/stoic-curie.212-227-153-4.plesk.page\/hr\/wp-json\/wp\/v2\/product_tag?post=5583977"}],"curies":[{"name":"wp","href":"https:\/\/api.w.org\/{rel}","templated":true}]}}