{"id":5583978,"date":"2026-01-31T15:30:43","date_gmt":"2026-01-31T14:30:43","guid":{"rendered":"https:\/\/stoic-curie.212-227-153-4.plesk.page\/product\/clarion-cmm-10gr-usb-bt-marine-stereo\/"},"modified":"2026-02-25T00:01:41","modified_gmt":"2026-02-25T00:01:41","slug":"clarion-cmm-10gr-usb-bt-marine-stereo","status":"publish","type":"product","link":"https:\/\/stoic-curie.212-227-153-4.plesk.page\/hr\/product\/clarion-cmm-10gr-usb-bt-marine-stereo\/","title":{"rendered":"Clarion CMM-10GR USB BT Marine Stereo"},"content":{"rendered":"<p>Clarion CMM-10GR USB BT Marine Stereo &#8211; <\/p>\n<p>Kompaktna stereo jedinica Clarion CMM-10GR s LCD zaslonom i osvijetljenim tipkama. AM\/FM radio s RDS-om, USB priklju\u010dak i dva stra\u017enja AUX ulaza. MP3\/WMA player s ugra\u0111enim Bluetooth-om za be\u017ei\u010dno strimanje zvuka s pametnog telefona. Dizajniran za ugradnju s IP66 vodootpornim ku\u0107i\u0161tem. Uklju\u010duje spojne kabele, okvir za obrub i vijke.<\/p>\n","protected":false},"excerpt":{"rendered":"<p>Clarion CMM-10GR USB BT Marine Stereo &#8211; Kompaktna stereo jedinica Clarion CMM-10GR s LCD zaslonom i osvijetljenim tipkama. AM\/FM radio<\/p>\n","protected":false},"featured_media":5949354,"comment_status":"open","ping_status":"closed","template":"","meta":[],"product_brand":[3206],"product_cat":[1733],"product_tag":[],"class_list":{"0":"post-5583978","1":"product","2":"type-product","3":"status-publish","4":"has-post-thumbnail","6":"product_brand-nova-argonautica-hr","7":"product_cat-stereo-i-zvucnici","9":"first","10":"instock","11":"shipping-taxable","12":"purchasable","13":"product-type-simple"},"_links":{"self":[{"href":"https:\/\/stoic-curie.212-227-153-4.plesk.page\/hr\/wp-json\/wp\/v2\/product\/5583978","targetHints":{"allow":["GET"]}}],"collection":[{"href":"https:\/\/stoic-curie.212-227-153-4.plesk.page\/hr\/wp-json\/wp\/v2\/product"}],"about":[{"href":"https:\/\/stoic-curie.212-227-153-4.plesk.page\/hr\/wp-json\/wp\/v2\/types\/product"}],"replies":[{"embeddable":true,"href":"https:\/\/stoic-curie.212-227-153-4.plesk.page\/hr\/wp-json\/wp\/v2\/comments?post=5583978"}],"version-history":[{"count":0,"href":"https:\/\/stoic-curie.212-227-153-4.plesk.page\/hr\/wp-json\/wp\/v2\/product\/5583978\/revisions"}],"wp:featuredmedia":[{"embeddable":true,"href":"https:\/\/stoic-curie.212-227-153-4.plesk.page\/hr\/wp-json\/wp\/v2\/media\/5949354"}],"wp:attachment":[{"href":"https:\/\/stoic-curie.212-227-153-4.plesk.page\/hr\/wp-json\/wp\/v2\/media?parent=5583978"}],"wp:term":[{"taxonomy":"product_brand","embeddable":true,"href":"https:\/\/stoic-curie.212-227-153-4.plesk.page\/hr\/wp-json\/wp\/v2\/product_brand?post=5583978"},{"taxonomy":"product_cat","embeddable":true,"href":"https:\/\/stoic-curie.212-227-153-4.plesk.page\/hr\/wp-json\/wp\/v2\/product_cat?post=5583978"},{"taxonomy":"product_tag","embeddable":true,"href":"https:\/\/stoic-curie.212-227-153-4.plesk.page\/hr\/wp-json\/wp\/v2\/product_tag?post=5583978"}],"curies":[{"name":"wp","href":"https:\/\/api.w.org\/{rel}","templated":true}]}}