{"id":5583979,"date":"2026-01-31T15:30:44","date_gmt":"2026-01-31T14:30:44","guid":{"rendered":"https:\/\/stoic-curie.212-227-153-4.plesk.page\/product\/clarion-cmm-10i-usb-bt-morski-stereo\/"},"modified":"2026-02-25T00:01:41","modified_gmt":"2026-02-25T00:01:41","slug":"clarion-cmm-10i-usb-bt-morski-stereo","status":"publish","type":"product","link":"https:\/\/stoic-curie.212-227-153-4.plesk.page\/hr\/product\/clarion-cmm-10i-usb-bt-morski-stereo\/","title":{"rendered":"Clarion CMM-10i USB BT Morski Stereo"},"content":{"rendered":"<p>Clarion CMM-10i USB BT Morski Stereo &#8211; <\/p>\n<p>Kompaktna Clarion CMM-10i stereo jedinica s LCD prikazom i osvijetljenim tipkama. Ova AM\/FM radio je spremna za DAB+ s RDS, USB priklju\u010dkom i dvostrukim stra\u017enjim AUX ulazima. Tako\u0111er ima MP3\/WMA player s integriranim Bluetoothom za audio streaming s pametnog telefona. Jedinica je dizajnirana za ugradnu instalaciju i ima IP66 vodootporno ku\u0107i\u0161te. Uklju\u010duje priklju\u010dne kabele, okvir za zavr\u0161nu obradu i vijke.<\/p>\n","protected":false},"excerpt":{"rendered":"<p>Clarion CMM-10i USB BT Morski Stereo &#8211; Kompaktna Clarion CMM-10i stereo jedinica s LCD prikazom i osvijetljenim tipkama. Ova AM\/FM<\/p>\n","protected":false},"featured_media":5949356,"comment_status":"open","ping_status":"closed","template":"","meta":[],"product_brand":[3206],"product_cat":[1733],"product_tag":[],"class_list":{"0":"post-5583979","1":"product","2":"type-product","3":"status-publish","4":"has-post-thumbnail","6":"product_brand-nova-argonautica-hr","7":"product_cat-stereo-i-zvucnici","9":"first","10":"instock","11":"shipping-taxable","12":"purchasable","13":"product-type-simple"},"_links":{"self":[{"href":"https:\/\/stoic-curie.212-227-153-4.plesk.page\/hr\/wp-json\/wp\/v2\/product\/5583979","targetHints":{"allow":["GET"]}}],"collection":[{"href":"https:\/\/stoic-curie.212-227-153-4.plesk.page\/hr\/wp-json\/wp\/v2\/product"}],"about":[{"href":"https:\/\/stoic-curie.212-227-153-4.plesk.page\/hr\/wp-json\/wp\/v2\/types\/product"}],"replies":[{"embeddable":true,"href":"https:\/\/stoic-curie.212-227-153-4.plesk.page\/hr\/wp-json\/wp\/v2\/comments?post=5583979"}],"version-history":[{"count":0,"href":"https:\/\/stoic-curie.212-227-153-4.plesk.page\/hr\/wp-json\/wp\/v2\/product\/5583979\/revisions"}],"wp:featuredmedia":[{"embeddable":true,"href":"https:\/\/stoic-curie.212-227-153-4.plesk.page\/hr\/wp-json\/wp\/v2\/media\/5949356"}],"wp:attachment":[{"href":"https:\/\/stoic-curie.212-227-153-4.plesk.page\/hr\/wp-json\/wp\/v2\/media?parent=5583979"}],"wp:term":[{"taxonomy":"product_brand","embeddable":true,"href":"https:\/\/stoic-curie.212-227-153-4.plesk.page\/hr\/wp-json\/wp\/v2\/product_brand?post=5583979"},{"taxonomy":"product_cat","embeddable":true,"href":"https:\/\/stoic-curie.212-227-153-4.plesk.page\/hr\/wp-json\/wp\/v2\/product_cat?post=5583979"},{"taxonomy":"product_tag","embeddable":true,"href":"https:\/\/stoic-curie.212-227-153-4.plesk.page\/hr\/wp-json\/wp\/v2\/product_tag?post=5583979"}],"curies":[{"name":"wp","href":"https:\/\/api.w.org\/{rel}","templated":true}]}}