{"id":5583980,"date":"2026-01-31T15:30:45","date_gmt":"2026-01-31T14:30:45","guid":{"rendered":"https:\/\/stoic-curie.212-227-153-4.plesk.page\/product\/clarion-cmsp-651-rgb-sport-premium-zvucnici-2\/"},"modified":"2026-02-25T00:01:41","modified_gmt":"2026-02-25T00:01:41","slug":"clarion-cmsp-651-rgb-sport-premium-zvucnici-2","status":"publish","type":"product","link":"https:\/\/stoic-curie.212-227-153-4.plesk.page\/hr\/product\/clarion-cmsp-651-rgb-sport-premium-zvucnici-2\/","title":{"rendered":"Clarion CMSP-651 RGB Sport Premium Zvu\u010dnici"},"content":{"rendered":"<p>Clarion CMSP-651 RGB Sport Premium Zvu\u010dnici &#8211; <\/p>\n<p>Par Clarion CMSP-651 dvosmjernih zvu\u010dnika s RGB LED rasvjetom. Ovi zvu\u010dnici su napravljeni s morskim komponentama, a uklju\u010duju svilen dome visokotonac i injekcijski oblikovane polimer woofere s visokopropusnim filtrom. Paket uklju\u010duje dvije izmjenjive re\u0161etke u bijeloj i crnoj boji.<\/p>\n","protected":false},"excerpt":{"rendered":"<p>Clarion CMSP-651 RGB Sport Premium Zvu\u010dnici &#8211; Par Clarion CMSP-651 dvosmjernih zvu\u010dnika s RGB LED rasvjetom. Ovi zvu\u010dnici su napravljeni<\/p>\n","protected":false},"featured_media":5949360,"comment_status":"open","ping_status":"closed","template":"","meta":[],"product_brand":[3206],"product_cat":[1733],"product_tag":[],"class_list":{"0":"post-5583980","1":"product","2":"type-product","3":"status-publish","4":"has-post-thumbnail","6":"product_brand-nova-argonautica-hr","7":"product_cat-stereo-i-zvucnici","9":"first","10":"instock","11":"shipping-taxable","12":"purchasable","13":"product-type-simple"},"_links":{"self":[{"href":"https:\/\/stoic-curie.212-227-153-4.plesk.page\/hr\/wp-json\/wp\/v2\/product\/5583980","targetHints":{"allow":["GET"]}}],"collection":[{"href":"https:\/\/stoic-curie.212-227-153-4.plesk.page\/hr\/wp-json\/wp\/v2\/product"}],"about":[{"href":"https:\/\/stoic-curie.212-227-153-4.plesk.page\/hr\/wp-json\/wp\/v2\/types\/product"}],"replies":[{"embeddable":true,"href":"https:\/\/stoic-curie.212-227-153-4.plesk.page\/hr\/wp-json\/wp\/v2\/comments?post=5583980"}],"version-history":[{"count":0,"href":"https:\/\/stoic-curie.212-227-153-4.plesk.page\/hr\/wp-json\/wp\/v2\/product\/5583980\/revisions"}],"wp:featuredmedia":[{"embeddable":true,"href":"https:\/\/stoic-curie.212-227-153-4.plesk.page\/hr\/wp-json\/wp\/v2\/media\/5949360"}],"wp:attachment":[{"href":"https:\/\/stoic-curie.212-227-153-4.plesk.page\/hr\/wp-json\/wp\/v2\/media?parent=5583980"}],"wp:term":[{"taxonomy":"product_brand","embeddable":true,"href":"https:\/\/stoic-curie.212-227-153-4.plesk.page\/hr\/wp-json\/wp\/v2\/product_brand?post=5583980"},{"taxonomy":"product_cat","embeddable":true,"href":"https:\/\/stoic-curie.212-227-153-4.plesk.page\/hr\/wp-json\/wp\/v2\/product_cat?post=5583980"},{"taxonomy":"product_tag","embeddable":true,"href":"https:\/\/stoic-curie.212-227-153-4.plesk.page\/hr\/wp-json\/wp\/v2\/product_tag?post=5583980"}],"curies":[{"name":"wp","href":"https:\/\/api.w.org\/{rel}","templated":true}]}}