{"id":5583983,"date":"2026-01-31T15:30:48","date_gmt":"2026-01-31T14:30:48","guid":{"rendered":"https:\/\/stoic-curie.212-227-153-4.plesk.page\/product\/musto-br1-midlayer-jakna-velicina-s-mornarsko-plava\/"},"modified":"2026-02-25T00:01:49","modified_gmt":"2026-02-25T00:01:49","slug":"musto-br1-midlayer-jakna-velicina-s-mornarsko-plava","status":"publish","type":"product","link":"https:\/\/stoic-curie.212-227-153-4.plesk.page\/hr\/product\/musto-br1-midlayer-jakna-velicina-s-mornarsko-plava\/","title":{"rendered":"Musto BR1 Midlayer jakna veli\u010dina S &#8211; Mornarsko Plava"},"content":{"rendered":"<p>Musto BR1 Midlayer jakna veli\u010dina S &#8211; Mornarsko Plava &#8211; <\/p>\n<p>Musto jakna je dizajnirana kao srednji sloj, s PrimaLoft\u00c2\u00ae RISE izolacijom koja pru\u017ea toplinu i slobodu kretanja. Vodonepropusna je zahvaljuju\u0107i potpuno naljepljenim \u0161avovima, pa se mo\u017ee nositi i samostalno u blagim uvjetima. Jakna ima sklopivu kapulja\u010du u ovratniku, YKK\u00c2\u00ae VISLON\u00c2\u00ae patentni zatvara\u010d, d\u017eepove podstavljene flisom i reflektiraju\u0107e detalje. Ovaj proizvod je certifikovan bluesign\u00c2\u00ae i izra\u0111en je od recikliranih materijala. <a href='#'>Kliknite ovdje da provjerite ta\u010dnu veli\u010dinu.<\/a><\/p>\n","protected":false},"excerpt":{"rendered":"<p>Musto BR1 Midlayer jakna veli\u010dina S &#8211; Mornarsko Plava &#8211; Musto jakna je dizajnirana kao srednji sloj, s PrimaLoft\u00c2\u00ae RISE<\/p>\n","protected":false},"featured_media":5949510,"comment_status":"open","ping_status":"closed","template":"","meta":[],"product_brand":[3156],"product_cat":[1854],"product_tag":[],"class_list":{"0":"post-5583983","1":"product","2":"type-product","3":"status-publish","4":"has-post-thumbnail","6":"product_brand-musto-hr","7":"product_cat-jedrilicarska-odjeca-musto","9":"first","10":"instock","11":"shipping-taxable","12":"purchasable","13":"product-type-simple"},"_links":{"self":[{"href":"https:\/\/stoic-curie.212-227-153-4.plesk.page\/hr\/wp-json\/wp\/v2\/product\/5583983","targetHints":{"allow":["GET"]}}],"collection":[{"href":"https:\/\/stoic-curie.212-227-153-4.plesk.page\/hr\/wp-json\/wp\/v2\/product"}],"about":[{"href":"https:\/\/stoic-curie.212-227-153-4.plesk.page\/hr\/wp-json\/wp\/v2\/types\/product"}],"replies":[{"embeddable":true,"href":"https:\/\/stoic-curie.212-227-153-4.plesk.page\/hr\/wp-json\/wp\/v2\/comments?post=5583983"}],"version-history":[{"count":0,"href":"https:\/\/stoic-curie.212-227-153-4.plesk.page\/hr\/wp-json\/wp\/v2\/product\/5583983\/revisions"}],"wp:featuredmedia":[{"embeddable":true,"href":"https:\/\/stoic-curie.212-227-153-4.plesk.page\/hr\/wp-json\/wp\/v2\/media\/5949510"}],"wp:attachment":[{"href":"https:\/\/stoic-curie.212-227-153-4.plesk.page\/hr\/wp-json\/wp\/v2\/media?parent=5583983"}],"wp:term":[{"taxonomy":"product_brand","embeddable":true,"href":"https:\/\/stoic-curie.212-227-153-4.plesk.page\/hr\/wp-json\/wp\/v2\/product_brand?post=5583983"},{"taxonomy":"product_cat","embeddable":true,"href":"https:\/\/stoic-curie.212-227-153-4.plesk.page\/hr\/wp-json\/wp\/v2\/product_cat?post=5583983"},{"taxonomy":"product_tag","embeddable":true,"href":"https:\/\/stoic-curie.212-227-153-4.plesk.page\/hr\/wp-json\/wp\/v2\/product_tag?post=5583983"}],"curies":[{"name":"wp","href":"https:\/\/api.w.org\/{rel}","templated":true}]}}