{"id":5583986,"date":"2026-01-31T15:30:50","date_gmt":"2026-01-31T14:30:50","guid":{"rendered":"https:\/\/stoic-curie.212-227-153-4.plesk.page\/product\/musto-br1-midlayer-jakna-velicina-xl-boja-mornar-plava\/"},"modified":"2026-02-25T00:01:49","modified_gmt":"2026-02-25T00:01:49","slug":"musto-br1-midlayer-jakna-velicina-xl-boja-mornar-plava","status":"publish","type":"product","link":"https:\/\/stoic-curie.212-227-153-4.plesk.page\/hr\/product\/musto-br1-midlayer-jakna-velicina-xl-boja-mornar-plava\/","title":{"rendered":"Musto BR1 Midlayer Jakna &#8211; Veli\u010dina XL &#8211; Boja: Mornar Plava"},"content":{"rendered":"<p>Musto BR1 Midlayer Jakna &#8211; Veli\u010dina XL &#8211; Boja: Mornar Plava &#8211; <\/p>\n<p>Musto jakna je stru\u010dno dizajnirana kao srednji sloj, s PrimaLoft\u00ae RISE izolacijom koja pru\u017ea optimalnu toplinu i slobodu kretanja. Vodootporna je zahvaljuju\u0107i potpuno zavarenim \u0161avovima, \u0161to je \u010dini pogodnom za no\u0161enje samostalno u blagim uvjetima. Jakna ima sklopivu kapu integriranu u ovratnik, YKK\u00ae VISLON\u00ae zatvara\u010d, d\u017eepove oblo\u017eene flisom i reflektiraju\u0107e detalje. Ovaj proizvod ima bluesign\u00ae certifikat i izra\u0111en je od recikliranih materijala.<br \/>Kliknite ovdje da provjerite to\u010dnu veli\u010dinu:<\/p>\n","protected":false},"excerpt":{"rendered":"<p>Musto BR1 Midlayer Jakna &#8211; Veli\u010dina XL &#8211; Boja: Mornar Plava &#8211; Musto jakna je stru\u010dno dizajnirana kao srednji sloj,<\/p>\n","protected":false},"featured_media":5949510,"comment_status":"open","ping_status":"closed","template":"","meta":[],"product_brand":[3156],"product_cat":[1854],"product_tag":[],"class_list":{"0":"post-5583986","1":"product","2":"type-product","3":"status-publish","4":"has-post-thumbnail","6":"product_brand-musto-hr","7":"product_cat-jedrilicarska-odjeca-musto","9":"first","10":"instock","11":"shipping-taxable","12":"purchasable","13":"product-type-simple"},"_links":{"self":[{"href":"https:\/\/stoic-curie.212-227-153-4.plesk.page\/hr\/wp-json\/wp\/v2\/product\/5583986","targetHints":{"allow":["GET"]}}],"collection":[{"href":"https:\/\/stoic-curie.212-227-153-4.plesk.page\/hr\/wp-json\/wp\/v2\/product"}],"about":[{"href":"https:\/\/stoic-curie.212-227-153-4.plesk.page\/hr\/wp-json\/wp\/v2\/types\/product"}],"replies":[{"embeddable":true,"href":"https:\/\/stoic-curie.212-227-153-4.plesk.page\/hr\/wp-json\/wp\/v2\/comments?post=5583986"}],"version-history":[{"count":0,"href":"https:\/\/stoic-curie.212-227-153-4.plesk.page\/hr\/wp-json\/wp\/v2\/product\/5583986\/revisions"}],"wp:featuredmedia":[{"embeddable":true,"href":"https:\/\/stoic-curie.212-227-153-4.plesk.page\/hr\/wp-json\/wp\/v2\/media\/5949510"}],"wp:attachment":[{"href":"https:\/\/stoic-curie.212-227-153-4.plesk.page\/hr\/wp-json\/wp\/v2\/media?parent=5583986"}],"wp:term":[{"taxonomy":"product_brand","embeddable":true,"href":"https:\/\/stoic-curie.212-227-153-4.plesk.page\/hr\/wp-json\/wp\/v2\/product_brand?post=5583986"},{"taxonomy":"product_cat","embeddable":true,"href":"https:\/\/stoic-curie.212-227-153-4.plesk.page\/hr\/wp-json\/wp\/v2\/product_cat?post=5583986"},{"taxonomy":"product_tag","embeddable":true,"href":"https:\/\/stoic-curie.212-227-153-4.plesk.page\/hr\/wp-json\/wp\/v2\/product_tag?post=5583986"}],"curies":[{"name":"wp","href":"https:\/\/api.w.org\/{rel}","templated":true}]}}