{"id":5583990,"date":"2026-01-31T15:30:54","date_gmt":"2026-01-31T14:30:54","guid":{"rendered":"https:\/\/stoic-curie.212-227-153-4.plesk.page\/product\/helly-hansen-pier-bib-4-0-velicina-l-mornarika-plava\/"},"modified":"2026-02-25T00:01:49","modified_gmt":"2026-02-25T00:01:49","slug":"helly-hansen-pier-bib-4-0-velicina-l-mornarika-plava","status":"publish","type":"product","link":"https:\/\/stoic-curie.212-227-153-4.plesk.page\/hr\/product\/helly-hansen-pier-bib-4-0-velicina-l-mornarika-plava\/","title":{"rendered":"Helly Hansen Pier Bib 4.0 Veli\u010dina L &#8211; Mornarika Plava"},"content":{"rendered":"<p>Helly Hansen Pier Bib 4.0 Veli\u010dina L &#8211; Mornarika Plava &#8211; <\/p>\n<p>Helly Hansen Pier Bib 4.0 je idealan za sve aktivnosti uz obalu ili jedrenje. Sadr\u017ei HellyTech Performance sa dvostrukom konstrukcijom i PFC-slobodno trajno vodoodbojno (DWR) tretiranje, \u0161to ga \u010dini vodootpornim, vjetrootpornim i prozra\u010dnim. Ovaj proizvod uklju\u010duje potpuno zape\u010da\u0107ene \u0161avove, brzosu\u0161e\u0107u mre\u017eastu podstavu, oja\u010danja na sjedalu i koljenima, visoki le\u0111a s podesivim naramenicama, podesiv struk, dvosmjernu YKK\u00ae prednju patentnu zatvara\u010d, cargo d\u017eep, podesive otvore nogu i artikulirana sjedala i koljena s reflektorima koji udovoljavaju SOLAS-u.<\/p>\n","protected":false},"excerpt":{"rendered":"<p>Helly Hansen Pier Bib 4.0 Veli\u010dina L &#8211; Mornarika Plava &#8211; Helly Hansen Pier Bib 4.0 je idealan za sve<\/p>\n","protected":false},"featured_media":5949532,"comment_status":"open","ping_status":"closed","template":"","meta":[],"product_brand":[3001],"product_cat":[1857],"product_tag":[],"class_list":{"0":"post-5583990","1":"product","2":"type-product","3":"status-publish","4":"has-post-thumbnail","6":"product_brand-helly-hansen-hr","7":"product_cat-jedrilicarska-odjeca-helly-hansen","9":"first","10":"instock","11":"shipping-taxable","12":"purchasable","13":"product-type-simple"},"_links":{"self":[{"href":"https:\/\/stoic-curie.212-227-153-4.plesk.page\/hr\/wp-json\/wp\/v2\/product\/5583990","targetHints":{"allow":["GET"]}}],"collection":[{"href":"https:\/\/stoic-curie.212-227-153-4.plesk.page\/hr\/wp-json\/wp\/v2\/product"}],"about":[{"href":"https:\/\/stoic-curie.212-227-153-4.plesk.page\/hr\/wp-json\/wp\/v2\/types\/product"}],"replies":[{"embeddable":true,"href":"https:\/\/stoic-curie.212-227-153-4.plesk.page\/hr\/wp-json\/wp\/v2\/comments?post=5583990"}],"version-history":[{"count":0,"href":"https:\/\/stoic-curie.212-227-153-4.plesk.page\/hr\/wp-json\/wp\/v2\/product\/5583990\/revisions"}],"wp:featuredmedia":[{"embeddable":true,"href":"https:\/\/stoic-curie.212-227-153-4.plesk.page\/hr\/wp-json\/wp\/v2\/media\/5949532"}],"wp:attachment":[{"href":"https:\/\/stoic-curie.212-227-153-4.plesk.page\/hr\/wp-json\/wp\/v2\/media?parent=5583990"}],"wp:term":[{"taxonomy":"product_brand","embeddable":true,"href":"https:\/\/stoic-curie.212-227-153-4.plesk.page\/hr\/wp-json\/wp\/v2\/product_brand?post=5583990"},{"taxonomy":"product_cat","embeddable":true,"href":"https:\/\/stoic-curie.212-227-153-4.plesk.page\/hr\/wp-json\/wp\/v2\/product_cat?post=5583990"},{"taxonomy":"product_tag","embeddable":true,"href":"https:\/\/stoic-curie.212-227-153-4.plesk.page\/hr\/wp-json\/wp\/v2\/product_tag?post=5583990"}],"curies":[{"name":"wp","href":"https:\/\/api.w.org\/{rel}","templated":true}]}}