{"id":5583991,"date":"2026-01-31T15:30:55","date_gmt":"2026-01-31T14:30:55","guid":{"rendered":"https:\/\/stoic-curie.212-227-153-4.plesk.page\/product\/helly-hansen-pier-bib-4-0-velicina-xl-mornarsko-plava\/"},"modified":"2026-02-25T00:01:49","modified_gmt":"2026-02-25T00:01:49","slug":"helly-hansen-pier-bib-4-0-velicina-xl-mornarsko-plava","status":"publish","type":"product","link":"https:\/\/stoic-curie.212-227-153-4.plesk.page\/hr\/product\/helly-hansen-pier-bib-4-0-velicina-xl-mornarsko-plava\/","title":{"rendered":"Helly Hansen Pier Bib 4.0 Veli\u010dina XL &#8211; Mornarsko Plava"},"content":{"rendered":"<p>Helly Hansen Pier Bib 4.0 Veli\u010dina XL &#8211; Mornarsko Plava &#8211; <\/p>\n<p>Helly Hansen Pier Bib 4.0 idealan je za bilo koju obalu ili aktivnosti na \u010damcu. Ima HellyTech Performance dvostruki sloj s PFC-besplatnom trajnom vodoodbojnom (DWR) obradom. Ova vodootporna, vjetrootporna i prozra\u010dna platna dizajnirana je s potpuno zape\u010da\u0107enim \u0161avovima, brzo su\u0161e\u0107im mre\u017eastim oblogom i poja\u010danjima na sjedalu i koljenima. Visoki le\u0111a imaju podesive naramenice, a struk se tako\u0111er mo\u017ee pode\u0161avati. Ima dvosmjernu YKK\u00ae prednju patent-zatvara\u010d, cargo d\u017eep, podesive otvore za noge te artikulirane sjedalo i koljena. U skladu s refleksivnim SOLAS standardima. <br \/> Kliknite ovdje za provjeru to\u010dne veli\u010dine:<\/p>\n","protected":false},"excerpt":{"rendered":"<p>Helly Hansen Pier Bib 4.0 Veli\u010dina XL &#8211; Mornarsko Plava &#8211; Helly Hansen Pier Bib 4.0 idealan je za bilo<\/p>\n","protected":false},"featured_media":5949532,"comment_status":"open","ping_status":"closed","template":"","meta":[],"product_brand":[3001],"product_cat":[1857],"product_tag":[],"class_list":{"0":"post-5583991","1":"product","2":"type-product","3":"status-publish","4":"has-post-thumbnail","6":"product_brand-helly-hansen-hr","7":"product_cat-jedrilicarska-odjeca-helly-hansen","9":"first","10":"instock","11":"shipping-taxable","12":"purchasable","13":"product-type-simple"},"_links":{"self":[{"href":"https:\/\/stoic-curie.212-227-153-4.plesk.page\/hr\/wp-json\/wp\/v2\/product\/5583991","targetHints":{"allow":["GET"]}}],"collection":[{"href":"https:\/\/stoic-curie.212-227-153-4.plesk.page\/hr\/wp-json\/wp\/v2\/product"}],"about":[{"href":"https:\/\/stoic-curie.212-227-153-4.plesk.page\/hr\/wp-json\/wp\/v2\/types\/product"}],"replies":[{"embeddable":true,"href":"https:\/\/stoic-curie.212-227-153-4.plesk.page\/hr\/wp-json\/wp\/v2\/comments?post=5583991"}],"version-history":[{"count":0,"href":"https:\/\/stoic-curie.212-227-153-4.plesk.page\/hr\/wp-json\/wp\/v2\/product\/5583991\/revisions"}],"wp:featuredmedia":[{"embeddable":true,"href":"https:\/\/stoic-curie.212-227-153-4.plesk.page\/hr\/wp-json\/wp\/v2\/media\/5949532"}],"wp:attachment":[{"href":"https:\/\/stoic-curie.212-227-153-4.plesk.page\/hr\/wp-json\/wp\/v2\/media?parent=5583991"}],"wp:term":[{"taxonomy":"product_brand","embeddable":true,"href":"https:\/\/stoic-curie.212-227-153-4.plesk.page\/hr\/wp-json\/wp\/v2\/product_brand?post=5583991"},{"taxonomy":"product_cat","embeddable":true,"href":"https:\/\/stoic-curie.212-227-153-4.plesk.page\/hr\/wp-json\/wp\/v2\/product_cat?post=5583991"},{"taxonomy":"product_tag","embeddable":true,"href":"https:\/\/stoic-curie.212-227-153-4.plesk.page\/hr\/wp-json\/wp\/v2\/product_tag?post=5583991"}],"curies":[{"name":"wp","href":"https:\/\/api.w.org\/{rel}","templated":true}]}}