{"id":5583992,"date":"2026-01-31T15:30:56","date_gmt":"2026-01-31T14:30:56","guid":{"rendered":"https:\/\/stoic-curie.212-227-153-4.plesk.page\/product\/helly-hansen-pier-bib-4-0-velicina-2xl-morska-plava\/"},"modified":"2026-02-25T00:01:49","modified_gmt":"2026-02-25T00:01:49","slug":"helly-hansen-pier-bib-4-0-velicina-2xl-morska-plava","status":"publish","type":"product","link":"https:\/\/stoic-curie.212-227-153-4.plesk.page\/hr\/product\/helly-hansen-pier-bib-4-0-velicina-2xl-morska-plava\/","title":{"rendered":"Helly Hansen Pier Bib 4.0 &#8211; Veli\u010dina 2XL &#8211; Morska Plava"},"content":{"rendered":"<p>Helly Hansen Pier Bib 4.0 &#8211; Veli\u010dina 2XL &#8211; Morska Plava &#8211; <\/p>\n<p>Helly Hansen Pier Bib 4.0 je savr\u0161en za sve va\u0161e aktivnosti na obali i na \u010damcu. Ima inovativnu HellyTech Performance s 2-slojnim dizajnom i DWR tretmanom slobodnim od PFC za vodonepropusno, vjetrootporno i prozra\u010dno iskustvo. Kombinezon uklju\u010duje potpuno zatvorene \u0161uve, brzo su\u0161e\u0107u mre\u017eastu podstavu, oja\u010danja sjedala i koljena, visoki le\u0111a s podesivim naramenicama, podesiv struk, dvosmjernu YKK\u00ae prednju patent-zatvara\u010d, cargo d\u017eep, podesive otvore nogu i artikulirane sjedi\u0161ta i koljena s reflektivnim detaljima u skladu sa SOLAS.<\/p>\n","protected":false},"excerpt":{"rendered":"<p>Helly Hansen Pier Bib 4.0 &#8211; Veli\u010dina 2XL &#8211; Morska Plava &#8211; Helly Hansen Pier Bib 4.0 je savr\u0161en za<\/p>\n","protected":false},"featured_media":5949532,"comment_status":"open","ping_status":"closed","template":"","meta":[],"product_brand":[3001],"product_cat":[1857],"product_tag":[],"class_list":{"0":"post-5583992","1":"product","2":"type-product","3":"status-publish","4":"has-post-thumbnail","6":"product_brand-helly-hansen-hr","7":"product_cat-jedrilicarska-odjeca-helly-hansen","9":"first","10":"instock","11":"shipping-taxable","12":"purchasable","13":"product-type-simple"},"_links":{"self":[{"href":"https:\/\/stoic-curie.212-227-153-4.plesk.page\/hr\/wp-json\/wp\/v2\/product\/5583992","targetHints":{"allow":["GET"]}}],"collection":[{"href":"https:\/\/stoic-curie.212-227-153-4.plesk.page\/hr\/wp-json\/wp\/v2\/product"}],"about":[{"href":"https:\/\/stoic-curie.212-227-153-4.plesk.page\/hr\/wp-json\/wp\/v2\/types\/product"}],"replies":[{"embeddable":true,"href":"https:\/\/stoic-curie.212-227-153-4.plesk.page\/hr\/wp-json\/wp\/v2\/comments?post=5583992"}],"version-history":[{"count":0,"href":"https:\/\/stoic-curie.212-227-153-4.plesk.page\/hr\/wp-json\/wp\/v2\/product\/5583992\/revisions"}],"wp:featuredmedia":[{"embeddable":true,"href":"https:\/\/stoic-curie.212-227-153-4.plesk.page\/hr\/wp-json\/wp\/v2\/media\/5949532"}],"wp:attachment":[{"href":"https:\/\/stoic-curie.212-227-153-4.plesk.page\/hr\/wp-json\/wp\/v2\/media?parent=5583992"}],"wp:term":[{"taxonomy":"product_brand","embeddable":true,"href":"https:\/\/stoic-curie.212-227-153-4.plesk.page\/hr\/wp-json\/wp\/v2\/product_brand?post=5583992"},{"taxonomy":"product_cat","embeddable":true,"href":"https:\/\/stoic-curie.212-227-153-4.plesk.page\/hr\/wp-json\/wp\/v2\/product_cat?post=5583992"},{"taxonomy":"product_tag","embeddable":true,"href":"https:\/\/stoic-curie.212-227-153-4.plesk.page\/hr\/wp-json\/wp\/v2\/product_tag?post=5583992"}],"curies":[{"name":"wp","href":"https:\/\/api.w.org\/{rel}","templated":true}]}}