{"id":5583993,"date":"2026-01-31T15:30:57","date_gmt":"2026-01-31T14:30:57","guid":{"rendered":"https:\/\/stoic-curie.212-227-153-4.plesk.page\/product\/hh-pier-bib-4-0-velicina-s-ebony-grey\/"},"modified":"2026-02-25T00:01:49","modified_gmt":"2026-02-25T00:01:49","slug":"hh-pier-bib-4-0-velicina-s-ebony-grey","status":"publish","type":"product","link":"https:\/\/stoic-curie.212-227-153-4.plesk.page\/hr\/product\/hh-pier-bib-4-0-velicina-s-ebony-grey\/","title":{"rendered":"Hh Pier Bib 4.0 veli\u010dina S &#8211; Ebony Grey"},"content":{"rendered":"<p>Hh Pier Bib 4.0 veli\u010dina S &#8211; Ebony Grey &#8211; <\/p>\n<p>Helly Hansen Pier Bib 4.0 idealan je za sve aktivnosti uz obalu ili na \u010damcu. Ima HellyTech Performance dvostruku konstrukciju, slobodan je od PFC-a te posjeduje Durable Water Repellency (DWR) tretman za vodootpornost, vjetrootpornost i prozra\u010dnost. S potpuno zatvorenim \u0161avovima, mre\u017eastim podstavom koji brzo su\u0161i, oja\u010danim sjedi\u0161tem i koljenima, visokim le\u0111ima s podesivim naramenicama, podesivim strukom, dvostrukim YKK\u00c2\u00ae prednjim patentnim zatvara\u010dem, cargo d\u017eepom, podesivim otvaranjima nogavica i oblikovanim sjedi\u0161tem i koljenima, tako\u0111er uklju\u010duje reflektiraju\u0107e elemente koji udovoljavaju Solas standardima.<\/p>\n","protected":false},"excerpt":{"rendered":"<p>Hh Pier Bib 4.0 veli\u010dina S &#8211; Ebony Grey &#8211; Helly Hansen Pier Bib 4.0 idealan je za sve aktivnosti<\/p>\n","protected":false},"featured_media":5949532,"comment_status":"open","ping_status":"closed","template":"","meta":[],"product_brand":[3001],"product_cat":[1857],"product_tag":[],"class_list":{"0":"post-5583993","1":"product","2":"type-product","3":"status-publish","4":"has-post-thumbnail","6":"product_brand-helly-hansen-hr","7":"product_cat-jedrilicarska-odjeca-helly-hansen","9":"first","10":"instock","11":"shipping-taxable","12":"purchasable","13":"product-type-simple"},"_links":{"self":[{"href":"https:\/\/stoic-curie.212-227-153-4.plesk.page\/hr\/wp-json\/wp\/v2\/product\/5583993","targetHints":{"allow":["GET"]}}],"collection":[{"href":"https:\/\/stoic-curie.212-227-153-4.plesk.page\/hr\/wp-json\/wp\/v2\/product"}],"about":[{"href":"https:\/\/stoic-curie.212-227-153-4.plesk.page\/hr\/wp-json\/wp\/v2\/types\/product"}],"replies":[{"embeddable":true,"href":"https:\/\/stoic-curie.212-227-153-4.plesk.page\/hr\/wp-json\/wp\/v2\/comments?post=5583993"}],"version-history":[{"count":0,"href":"https:\/\/stoic-curie.212-227-153-4.plesk.page\/hr\/wp-json\/wp\/v2\/product\/5583993\/revisions"}],"wp:featuredmedia":[{"embeddable":true,"href":"https:\/\/stoic-curie.212-227-153-4.plesk.page\/hr\/wp-json\/wp\/v2\/media\/5949532"}],"wp:attachment":[{"href":"https:\/\/stoic-curie.212-227-153-4.plesk.page\/hr\/wp-json\/wp\/v2\/media?parent=5583993"}],"wp:term":[{"taxonomy":"product_brand","embeddable":true,"href":"https:\/\/stoic-curie.212-227-153-4.plesk.page\/hr\/wp-json\/wp\/v2\/product_brand?post=5583993"},{"taxonomy":"product_cat","embeddable":true,"href":"https:\/\/stoic-curie.212-227-153-4.plesk.page\/hr\/wp-json\/wp\/v2\/product_cat?post=5583993"},{"taxonomy":"product_tag","embeddable":true,"href":"https:\/\/stoic-curie.212-227-153-4.plesk.page\/hr\/wp-json\/wp\/v2\/product_tag?post=5583993"}],"curies":[{"name":"wp","href":"https:\/\/api.w.org\/{rel}","templated":true}]}}