{"id":5583996,"date":"2026-01-31T15:31:00","date_gmt":"2026-01-31T14:31:00","guid":{"rendered":"https:\/\/stoic-curie.212-227-153-4.plesk.page\/product\/helly-hansen-pier-bib-4-0-velicina-xl-ebony-grey\/"},"modified":"2026-02-25T00:01:49","modified_gmt":"2026-02-25T00:01:49","slug":"helly-hansen-pier-bib-4-0-velicina-xl-ebony-grey","status":"publish","type":"product","link":"https:\/\/stoic-curie.212-227-153-4.plesk.page\/hr\/product\/helly-hansen-pier-bib-4-0-velicina-xl-ebony-grey\/","title":{"rendered":"Helly Hansen Pier Bib 4.0 Veli\u010dina XL &#8211; Ebony Grey"},"content":{"rendered":"<p>Helly Hansen Pier Bib 4.0 Veli\u010dina XL &#8211; Ebony Grey &#8211; <\/p>\n<p>Helly Hansen Pier Bib 4.0 je savr\u0161ena za svaku obalnu ili brodsku aktivnost. Ima HellyTech Performance s dvostrukim slojem i PFC -slobodnu dugotrajnu vodoodbojnost (DWR), \u0161to ga \u010dini vodootpornim, vjetrootpornim i prozra\u010dnim. Ova traka dizajnirana je s potpuno zatvorenim \u0161avovima, brzo suhim mre\u017enim podstavljanjem, oja\u010danjem stra\u017enjeg dijela i koljena, visokim le\u0111ima s podesivim naramenicama, podesivim strukom, dvosmjernim YKK\u00c2\u00ae prednjim patentnim zatvara\u010dem, teretnom vre\u0107icom, podesivim otvaranjem nogavica i artikuliranim stra\u017enjim dijelovima i koljenima, svi opremljeni reflektorima u skladu s Solas-om.<\/p>\n","protected":false},"excerpt":{"rendered":"<p>Helly Hansen Pier Bib 4.0 Veli\u010dina XL &#8211; Ebony Grey &#8211; Helly Hansen Pier Bib 4.0 je savr\u0161ena za svaku<\/p>\n","protected":false},"featured_media":5949532,"comment_status":"open","ping_status":"closed","template":"","meta":[],"product_brand":[3001],"product_cat":[1857],"product_tag":[],"class_list":{"0":"post-5583996","1":"product","2":"type-product","3":"status-publish","4":"has-post-thumbnail","6":"product_brand-helly-hansen-hr","7":"product_cat-jedrilicarska-odjeca-helly-hansen","9":"first","10":"instock","11":"shipping-taxable","12":"purchasable","13":"product-type-simple"},"_links":{"self":[{"href":"https:\/\/stoic-curie.212-227-153-4.plesk.page\/hr\/wp-json\/wp\/v2\/product\/5583996","targetHints":{"allow":["GET"]}}],"collection":[{"href":"https:\/\/stoic-curie.212-227-153-4.plesk.page\/hr\/wp-json\/wp\/v2\/product"}],"about":[{"href":"https:\/\/stoic-curie.212-227-153-4.plesk.page\/hr\/wp-json\/wp\/v2\/types\/product"}],"replies":[{"embeddable":true,"href":"https:\/\/stoic-curie.212-227-153-4.plesk.page\/hr\/wp-json\/wp\/v2\/comments?post=5583996"}],"version-history":[{"count":0,"href":"https:\/\/stoic-curie.212-227-153-4.plesk.page\/hr\/wp-json\/wp\/v2\/product\/5583996\/revisions"}],"wp:featuredmedia":[{"embeddable":true,"href":"https:\/\/stoic-curie.212-227-153-4.plesk.page\/hr\/wp-json\/wp\/v2\/media\/5949532"}],"wp:attachment":[{"href":"https:\/\/stoic-curie.212-227-153-4.plesk.page\/hr\/wp-json\/wp\/v2\/media?parent=5583996"}],"wp:term":[{"taxonomy":"product_brand","embeddable":true,"href":"https:\/\/stoic-curie.212-227-153-4.plesk.page\/hr\/wp-json\/wp\/v2\/product_brand?post=5583996"},{"taxonomy":"product_cat","embeddable":true,"href":"https:\/\/stoic-curie.212-227-153-4.plesk.page\/hr\/wp-json\/wp\/v2\/product_cat?post=5583996"},{"taxonomy":"product_tag","embeddable":true,"href":"https:\/\/stoic-curie.212-227-153-4.plesk.page\/hr\/wp-json\/wp\/v2\/product_tag?post=5583996"}],"curies":[{"name":"wp","href":"https:\/\/api.w.org\/{rel}","templated":true}]}}