{"id":5584005,"date":"2026-01-31T15:31:08","date_gmt":"2026-01-31T14:31:08","guid":{"rendered":"https:\/\/stoic-curie.212-227-153-4.plesk.page\/product\/suzuki-propeler-od-nehrdajuceg-celika-solas-15-3-4-x-21-plus\/"},"modified":"2026-02-25T00:02:19","modified_gmt":"2026-02-25T00:02:19","slug":"suzuki-propeler-od-nehrdajuceg-celika-solas-15-3-4-x-21-plus","status":"publish","type":"product","link":"https:\/\/stoic-curie.212-227-153-4.plesk.page\/hr\/product\/suzuki-propeler-od-nehrdajuceg-celika-solas-15-3-4-x-21-plus\/","title":{"rendered":"Suzuki &#8211; Propeler od nehr\u0111aju\u0107eg \u010delika Solas 15 3\/4 x 21 (Plus)"},"content":{"rendered":"<p>Suzuki &#8211; Propeler od nehr\u0111aju\u0107eg \u010delika Solas 15 3\/4 x 21 (Plus) &#8211; <\/p>\n<p>Propeleri od nehr\u0111aju\u0107eg \u010delika Solas za vanbrodske motore. Odli\u010dan dizajn i visoka kvaliteta izrade omogu\u0107avaju da se Solas propeleri lako zamijene s originalnim propelerima. Plus = Pove\u0107ana povr\u0161ina kraka propelera L = Lijevo okretni propeler (suprotno od kazaljke na satu)<\/p>\n","protected":false},"excerpt":{"rendered":"<p>Suzuki &#8211; Propeler od nehr\u0111aju\u0107eg \u010delika Solas 15 3\/4 x 21 (Plus) &#8211; Propeleri od nehr\u0111aju\u0107eg \u010delika Solas za vanbrodske<\/p>\n","protected":false},"featured_media":5945752,"comment_status":"open","ping_status":"closed","template":"","meta":[],"product_brand":[3411],"product_cat":[1803,1832],"product_tag":[],"class_list":{"0":"post-5584005","1":"product","2":"type-product","3":"status-publish","4":"has-post-thumbnail","6":"product_brand-solas-hr","7":"product_cat-propeleri-za-vanbrodske-motore","8":"product_cat-rezervni-dijelovi-za-vanbrodske-motore-suzuki","10":"first","11":"instock","12":"shipping-taxable","13":"purchasable","14":"product-type-simple"},"_links":{"self":[{"href":"https:\/\/stoic-curie.212-227-153-4.plesk.page\/hr\/wp-json\/wp\/v2\/product\/5584005","targetHints":{"allow":["GET"]}}],"collection":[{"href":"https:\/\/stoic-curie.212-227-153-4.plesk.page\/hr\/wp-json\/wp\/v2\/product"}],"about":[{"href":"https:\/\/stoic-curie.212-227-153-4.plesk.page\/hr\/wp-json\/wp\/v2\/types\/product"}],"replies":[{"embeddable":true,"href":"https:\/\/stoic-curie.212-227-153-4.plesk.page\/hr\/wp-json\/wp\/v2\/comments?post=5584005"}],"version-history":[{"count":0,"href":"https:\/\/stoic-curie.212-227-153-4.plesk.page\/hr\/wp-json\/wp\/v2\/product\/5584005\/revisions"}],"wp:featuredmedia":[{"embeddable":true,"href":"https:\/\/stoic-curie.212-227-153-4.plesk.page\/hr\/wp-json\/wp\/v2\/media\/5945752"}],"wp:attachment":[{"href":"https:\/\/stoic-curie.212-227-153-4.plesk.page\/hr\/wp-json\/wp\/v2\/media?parent=5584005"}],"wp:term":[{"taxonomy":"product_brand","embeddable":true,"href":"https:\/\/stoic-curie.212-227-153-4.plesk.page\/hr\/wp-json\/wp\/v2\/product_brand?post=5584005"},{"taxonomy":"product_cat","embeddable":true,"href":"https:\/\/stoic-curie.212-227-153-4.plesk.page\/hr\/wp-json\/wp\/v2\/product_cat?post=5584005"},{"taxonomy":"product_tag","embeddable":true,"href":"https:\/\/stoic-curie.212-227-153-4.plesk.page\/hr\/wp-json\/wp\/v2\/product_tag?post=5584005"}],"curies":[{"name":"wp","href":"https:\/\/api.w.org\/{rel}","templated":true}]}}