{"id":5635969,"date":"2026-02-02T07:30:46","date_gmt":"2026-02-02T06:30:46","guid":{"rendered":"https:\/\/stoic-curie.212-227-153-4.plesk.page\/product\/marco-elektronicke-pumpe-za-slatkovodnu-pritisak-ref-up2-e\/"},"modified":"2026-02-25T00:01:35","modified_gmt":"2026-02-25T00:01:35","slug":"marco-elektronicke-pumpe-za-slatkovodnu-pritisak-ref-up2-e","status":"publish","type":"product","link":"https:\/\/stoic-curie.212-227-153-4.plesk.page\/hr\/product\/marco-elektronicke-pumpe-za-slatkovodnu-pritisak-ref-up2-e\/","title":{"rendered":"Marco Elektroni\u010dke Pumpe za Slatkovodnu Pritisak REF UP2\/E"},"content":{"rendered":"<p>Marco Elektroni\u010dke Pumpe za Slatkovodnu Pritisak REF UP2\/E &#8211; <\/p>\n<p>Marco elektroni\u010dke pumpe za slatkovodnu tlak pru\u017eaju do 1,5 m za slatkovodne i slane aplikacije. Ove pumpe su opremljene povratnim ventilom, \u0161to osigurava u\u010dinkovito djelovanje. Elektronika automatski zaustavlja pumpu u slu\u010daju nedostatka teku\u0107ine, optimiziraju\u0107i potro\u0161nju energije. Stalno kontroliraju tlak bez potrebe za ekspanzijskim rezervoarima, \u0161to rezultira manjim tro\u0161enjem komponenti i duljim vekom trajanja sustava.<\/p>\n","protected":false},"excerpt":{"rendered":"<p>Marco Elektroni\u010dke Pumpe za Slatkovodnu Pritisak REF UP2\/E &#8211; Marco elektroni\u010dke pumpe za slatkovodnu tlak pru\u017eaju do 1,5 m za<\/p>\n","protected":false},"featured_media":5945417,"comment_status":"open","ping_status":"closed","template":"","meta":[],"product_brand":[3096],"product_cat":[1660],"product_tag":[],"class_list":{"0":"post-5635969","1":"product","2":"type-product","3":"status-publish","4":"has-post-thumbnail","6":"product_brand-marco-hr","7":"product_cat-pumpe-za-tlak-vode","9":"first","10":"instock","11":"shipping-taxable","12":"purchasable","13":"product-type-simple"},"_links":{"self":[{"href":"https:\/\/stoic-curie.212-227-153-4.plesk.page\/hr\/wp-json\/wp\/v2\/product\/5635969","targetHints":{"allow":["GET"]}}],"collection":[{"href":"https:\/\/stoic-curie.212-227-153-4.plesk.page\/hr\/wp-json\/wp\/v2\/product"}],"about":[{"href":"https:\/\/stoic-curie.212-227-153-4.plesk.page\/hr\/wp-json\/wp\/v2\/types\/product"}],"replies":[{"embeddable":true,"href":"https:\/\/stoic-curie.212-227-153-4.plesk.page\/hr\/wp-json\/wp\/v2\/comments?post=5635969"}],"version-history":[{"count":0,"href":"https:\/\/stoic-curie.212-227-153-4.plesk.page\/hr\/wp-json\/wp\/v2\/product\/5635969\/revisions"}],"wp:featuredmedia":[{"embeddable":true,"href":"https:\/\/stoic-curie.212-227-153-4.plesk.page\/hr\/wp-json\/wp\/v2\/media\/5945417"}],"wp:attachment":[{"href":"https:\/\/stoic-curie.212-227-153-4.plesk.page\/hr\/wp-json\/wp\/v2\/media?parent=5635969"}],"wp:term":[{"taxonomy":"product_brand","embeddable":true,"href":"https:\/\/stoic-curie.212-227-153-4.plesk.page\/hr\/wp-json\/wp\/v2\/product_brand?post=5635969"},{"taxonomy":"product_cat","embeddable":true,"href":"https:\/\/stoic-curie.212-227-153-4.plesk.page\/hr\/wp-json\/wp\/v2\/product_cat?post=5635969"},{"taxonomy":"product_tag","embeddable":true,"href":"https:\/\/stoic-curie.212-227-153-4.plesk.page\/hr\/wp-json\/wp\/v2\/product_tag?post=5635969"}],"curies":[{"name":"wp","href":"https:\/\/api.w.org\/{rel}","templated":true}]}}