{"id":5635973,"date":"2026-02-02T07:30:50","date_gmt":"2026-02-02T06:30:50","guid":{"rendered":"https:\/\/stoic-curie.212-227-153-4.plesk.page\/product\/plastimo-contest-101-kompas-bijeli\/"},"modified":"2026-02-25T00:01:35","modified_gmt":"2026-02-25T00:01:35","slug":"plastimo-contest-101-kompas-bijeli","status":"publish","type":"product","link":"https:\/\/stoic-curie.212-227-153-4.plesk.page\/hr\/product\/plastimo-contest-101-kompas-bijeli\/","title":{"rendered":"Plastimo Contest 101 Kompas &#8211; Bijeli"},"content":{"rendered":"<p>Plastimo Contest 101 Kompas &#8211; Bijeli &#8211; <\/p>\n<p>Plastimo Contest 101 Kompas namijenjen je za ugradnju u verticalni bulkhead.<br \/>\u2022 Promjer karte: 100 mm<br \/>\u2022 Crvena karta s bijelim oznakama svaka 5\u00b0<br \/>\u2022 Idealno za jedrilice dulje od 9 metara<br \/>\u2022 Dolazi s kliinometrom i poklopcem<br \/>\u2022 Ima standardnu LED rasvjetu (12\/24 V) &#8211; nemojte rezati \u017eice kako biste izbjegli o\u0161te\u0107enje LED-a.<\/p>\n","protected":false},"excerpt":{"rendered":"<p>Plastimo Contest 101 Kompas &#8211; Bijeli &#8211; Plastimo Contest 101 Kompas namijenjen je za ugradnju u verticalni bulkhead.\u2022 Promjer karte:<\/p>\n","protected":false},"featured_media":5634609,"comment_status":"open","ping_status":"closed","template":"","meta":[],"product_brand":[3206],"product_cat":[1780],"product_tag":[],"class_list":{"0":"post-5635973","1":"product","2":"type-product","3":"status-publish","4":"has-post-thumbnail","6":"product_brand-nova-argonautica-hr","7":"product_cat-navigacijski-kompas","9":"first","10":"instock","11":"shipping-taxable","12":"purchasable","13":"product-type-simple"},"_links":{"self":[{"href":"https:\/\/stoic-curie.212-227-153-4.plesk.page\/hr\/wp-json\/wp\/v2\/product\/5635973","targetHints":{"allow":["GET"]}}],"collection":[{"href":"https:\/\/stoic-curie.212-227-153-4.plesk.page\/hr\/wp-json\/wp\/v2\/product"}],"about":[{"href":"https:\/\/stoic-curie.212-227-153-4.plesk.page\/hr\/wp-json\/wp\/v2\/types\/product"}],"replies":[{"embeddable":true,"href":"https:\/\/stoic-curie.212-227-153-4.plesk.page\/hr\/wp-json\/wp\/v2\/comments?post=5635973"}],"version-history":[{"count":0,"href":"https:\/\/stoic-curie.212-227-153-4.plesk.page\/hr\/wp-json\/wp\/v2\/product\/5635973\/revisions"}],"wp:featuredmedia":[{"embeddable":true,"href":"https:\/\/stoic-curie.212-227-153-4.plesk.page\/hr\/wp-json\/wp\/v2\/media\/5634609"}],"wp:attachment":[{"href":"https:\/\/stoic-curie.212-227-153-4.plesk.page\/hr\/wp-json\/wp\/v2\/media?parent=5635973"}],"wp:term":[{"taxonomy":"product_brand","embeddable":true,"href":"https:\/\/stoic-curie.212-227-153-4.plesk.page\/hr\/wp-json\/wp\/v2\/product_brand?post=5635973"},{"taxonomy":"product_cat","embeddable":true,"href":"https:\/\/stoic-curie.212-227-153-4.plesk.page\/hr\/wp-json\/wp\/v2\/product_cat?post=5635973"},{"taxonomy":"product_tag","embeddable":true,"href":"https:\/\/stoic-curie.212-227-153-4.plesk.page\/hr\/wp-json\/wp\/v2\/product_tag?post=5635973"}],"curies":[{"name":"wp","href":"https:\/\/api.w.org\/{rel}","templated":true}]}}