{"id":5667076,"date":"2026-02-03T07:46:23","date_gmt":"2026-02-03T06:46:23","guid":{"rendered":"https:\/\/stoic-curie.212-227-153-4.plesk.page\/product\/digitalni-bluetooth-taktni-ploca-s-kontrolnom-kutijom-i-8-dimmabilnih-prekidaca\/"},"modified":"2026-02-25T00:01:35","modified_gmt":"2026-02-25T00:01:35","slug":"digitalni-bluetooth-taktni-ploca-s-kontrolnom-kutijom-i-8-dimmabilnih-prekidaca","status":"publish","type":"product","link":"https:\/\/stoic-curie.212-227-153-4.plesk.page\/hr\/product\/digitalni-bluetooth-taktni-ploca-s-kontrolnom-kutijom-i-8-dimmabilnih-prekidaca\/","title":{"rendered":"Digitalni Bluetooth Taktni Plo\u010da s Kontrolnom Kutijom i 8 Dimmabilnih Prekida\u010da"},"content":{"rendered":"<p>Digitalni Bluetooth Taktni Plo\u010da s Kontrolnom Kutijom i 8 Dimmabilnih Prekida\u010da &#8211; <\/p>\n<p>Vodootporna 12\/24V plo\u010da s 10A dodirnim prekida\u010dima i LED svjetlom. Opremljena Bluetooth povezivanjem za kontrolu putem pametnog telefona koriste\u0107i besplatnu aplikaciju. Isporu\u010duje se s kontrolnom kutijom, priklju\u010dnim kabelom, vijcima i setom oznaka.<\/p>\n","protected":false},"excerpt":{"rendered":"<p>Digitalni Bluetooth Taktni Plo\u010da s Kontrolnom Kutijom i 8 Dimmabilnih Prekida\u010da &#8211; Vodootporna 12\/24V plo\u010da s 10A dodirnim prekida\u010dima i<\/p>\n","protected":false},"featured_media":5665546,"comment_status":"open","ping_status":"closed","template":"","meta":[],"product_brand":[2831],"product_cat":[1746],"product_tag":[],"class_list":{"0":"post-5667076","1":"product","2":"type-product","3":"status-publish","4":"has-post-thumbnail","6":"product_brand-blue-sea-systems-hr","7":"product_cat-elektricne-ploce-prekidaca","9":"first","10":"instock","11":"shipping-taxable","12":"purchasable","13":"product-type-simple"},"_links":{"self":[{"href":"https:\/\/stoic-curie.212-227-153-4.plesk.page\/hr\/wp-json\/wp\/v2\/product\/5667076","targetHints":{"allow":["GET"]}}],"collection":[{"href":"https:\/\/stoic-curie.212-227-153-4.plesk.page\/hr\/wp-json\/wp\/v2\/product"}],"about":[{"href":"https:\/\/stoic-curie.212-227-153-4.plesk.page\/hr\/wp-json\/wp\/v2\/types\/product"}],"replies":[{"embeddable":true,"href":"https:\/\/stoic-curie.212-227-153-4.plesk.page\/hr\/wp-json\/wp\/v2\/comments?post=5667076"}],"version-history":[{"count":0,"href":"https:\/\/stoic-curie.212-227-153-4.plesk.page\/hr\/wp-json\/wp\/v2\/product\/5667076\/revisions"}],"wp:featuredmedia":[{"embeddable":true,"href":"https:\/\/stoic-curie.212-227-153-4.plesk.page\/hr\/wp-json\/wp\/v2\/media\/5665546"}],"wp:attachment":[{"href":"https:\/\/stoic-curie.212-227-153-4.plesk.page\/hr\/wp-json\/wp\/v2\/media?parent=5667076"}],"wp:term":[{"taxonomy":"product_brand","embeddable":true,"href":"https:\/\/stoic-curie.212-227-153-4.plesk.page\/hr\/wp-json\/wp\/v2\/product_brand?post=5667076"},{"taxonomy":"product_cat","embeddable":true,"href":"https:\/\/stoic-curie.212-227-153-4.plesk.page\/hr\/wp-json\/wp\/v2\/product_cat?post=5667076"},{"taxonomy":"product_tag","embeddable":true,"href":"https:\/\/stoic-curie.212-227-153-4.plesk.page\/hr\/wp-json\/wp\/v2\/product_tag?post=5667076"}],"curies":[{"name":"wp","href":"https:\/\/api.w.org\/{rel}","templated":true}]}}