{"id":5667078,"date":"2026-02-03T07:46:25","date_gmt":"2026-02-03T06:46:25","guid":{"rendered":"https:\/\/stoic-curie.212-227-153-4.plesk.page\/product\/plastimo-offshore-95-kompas-bijeli\/"},"modified":"2026-02-25T00:01:35","modified_gmt":"2026-02-25T00:01:35","slug":"plastimo-offshore-95-kompas-bijeli","status":"publish","type":"product","link":"https:\/\/stoic-curie.212-227-153-4.plesk.page\/hr\/product\/plastimo-offshore-95-kompas-bijeli\/","title":{"rendered":"Plastimo Offshore 95 Kompas &#8211; Bijeli"},"content":{"rendered":"<p>Plastimo Offshore 95 Kompas &#8211; Bijeli &#8211; <\/p>\n<p>Plastimo Offshore 95 Kompas za ugradnju.<br \/>\u2022 Promjer karte: 81 mm<br \/>\u2022 Konusna karta s 5\u00b0 oznakama, prednje o\u010ditanje<br \/>\u2022 Pogodan za motorne \u010damce du\u017eine od 6 do 10 metara<br \/>\u2022 Standardno LED osvjetljenje 12\/24 V (ne rezati \u017eice kako biste izbjegli o\u0161te\u0107enje LED-a)<\/p>\n","protected":false},"excerpt":{"rendered":"<p>Plastimo Offshore 95 Kompas &#8211; Bijeli &#8211; Plastimo Offshore 95 Kompas za ugradnju.\u2022 Promjer karte: 81 mm\u2022 Konusna karta s<\/p>\n","protected":false},"featured_media":5665550,"comment_status":"open","ping_status":"closed","template":"","meta":[],"product_brand":[3206],"product_cat":[1780],"product_tag":[],"class_list":{"0":"post-5667078","1":"product","2":"type-product","3":"status-publish","4":"has-post-thumbnail","6":"product_brand-nova-argonautica-hr","7":"product_cat-navigacijski-kompas","9":"first","10":"instock","11":"shipping-taxable","12":"purchasable","13":"product-type-simple"},"_links":{"self":[{"href":"https:\/\/stoic-curie.212-227-153-4.plesk.page\/hr\/wp-json\/wp\/v2\/product\/5667078","targetHints":{"allow":["GET"]}}],"collection":[{"href":"https:\/\/stoic-curie.212-227-153-4.plesk.page\/hr\/wp-json\/wp\/v2\/product"}],"about":[{"href":"https:\/\/stoic-curie.212-227-153-4.plesk.page\/hr\/wp-json\/wp\/v2\/types\/product"}],"replies":[{"embeddable":true,"href":"https:\/\/stoic-curie.212-227-153-4.plesk.page\/hr\/wp-json\/wp\/v2\/comments?post=5667078"}],"version-history":[{"count":0,"href":"https:\/\/stoic-curie.212-227-153-4.plesk.page\/hr\/wp-json\/wp\/v2\/product\/5667078\/revisions"}],"wp:featuredmedia":[{"embeddable":true,"href":"https:\/\/stoic-curie.212-227-153-4.plesk.page\/hr\/wp-json\/wp\/v2\/media\/5665550"}],"wp:attachment":[{"href":"https:\/\/stoic-curie.212-227-153-4.plesk.page\/hr\/wp-json\/wp\/v2\/media?parent=5667078"}],"wp:term":[{"taxonomy":"product_brand","embeddable":true,"href":"https:\/\/stoic-curie.212-227-153-4.plesk.page\/hr\/wp-json\/wp\/v2\/product_brand?post=5667078"},{"taxonomy":"product_cat","embeddable":true,"href":"https:\/\/stoic-curie.212-227-153-4.plesk.page\/hr\/wp-json\/wp\/v2\/product_cat?post=5667078"},{"taxonomy":"product_tag","embeddable":true,"href":"https:\/\/stoic-curie.212-227-153-4.plesk.page\/hr\/wp-json\/wp\/v2\/product_tag?post=5667078"}],"curies":[{"name":"wp","href":"https:\/\/api.w.org\/{rel}","templated":true}]}}