{"id":5667088,"date":"2026-02-03T07:46:35","date_gmt":"2026-02-03T06:46:35","guid":{"rendered":"https:\/\/stoic-curie.212-227-153-4.plesk.page\/product\/musto-evo-crew-softshell-jakna-xl-platina\/"},"modified":"2026-02-25T00:01:49","modified_gmt":"2026-02-25T00:01:49","slug":"musto-evo-crew-softshell-jakna-xl-platina","status":"publish","type":"product","link":"https:\/\/stoic-curie.212-227-153-4.plesk.page\/hr\/product\/musto-evo-crew-softshell-jakna-xl-platina\/","title":{"rendered":"Musto Evo Crew Softshell Jakna XL Platina"},"content":{"rendered":"<p>Musto Evo Crew Softshell Jakna XL Platina &#8211; <\/p>\n<p>Musto Evo Crew Softshell Jakna izra\u0111ena je od rastezljivog softshell materijala koji je prozra\u010dan i otporan na vjetar. Ima PFC-free DWR (trajna vodoodbojna) obrada, dvije bo\u010dne d\u017eepove s YKK\u00ae zatvara\u010dem i elasti\u010dne rubove na donjem rubu i na rukavima za \u010dvrsto pristajanje. <br \/>Kliknite ovdje za provjeru to\u010dne veli\u010dine:<\/p>\n","protected":false},"excerpt":{"rendered":"<p>Musto Evo Crew Softshell Jakna XL Platina &#8211; Musto Evo Crew Softshell Jakna izra\u0111ena je od rastezljivog softshell materijala koji<\/p>\n","protected":false},"featured_media":5665636,"comment_status":"open","ping_status":"closed","template":"","meta":[],"product_brand":[3156],"product_cat":[1854],"product_tag":[],"class_list":{"0":"post-5667088","1":"product","2":"type-product","3":"status-publish","4":"has-post-thumbnail","6":"product_brand-musto-hr","7":"product_cat-jedrilicarska-odjeca-musto","9":"first","10":"instock","11":"shipping-taxable","12":"purchasable","13":"product-type-simple"},"_links":{"self":[{"href":"https:\/\/stoic-curie.212-227-153-4.plesk.page\/hr\/wp-json\/wp\/v2\/product\/5667088","targetHints":{"allow":["GET"]}}],"collection":[{"href":"https:\/\/stoic-curie.212-227-153-4.plesk.page\/hr\/wp-json\/wp\/v2\/product"}],"about":[{"href":"https:\/\/stoic-curie.212-227-153-4.plesk.page\/hr\/wp-json\/wp\/v2\/types\/product"}],"replies":[{"embeddable":true,"href":"https:\/\/stoic-curie.212-227-153-4.plesk.page\/hr\/wp-json\/wp\/v2\/comments?post=5667088"}],"version-history":[{"count":0,"href":"https:\/\/stoic-curie.212-227-153-4.plesk.page\/hr\/wp-json\/wp\/v2\/product\/5667088\/revisions"}],"wp:featuredmedia":[{"embeddable":true,"href":"https:\/\/stoic-curie.212-227-153-4.plesk.page\/hr\/wp-json\/wp\/v2\/media\/5665636"}],"wp:attachment":[{"href":"https:\/\/stoic-curie.212-227-153-4.plesk.page\/hr\/wp-json\/wp\/v2\/media?parent=5667088"}],"wp:term":[{"taxonomy":"product_brand","embeddable":true,"href":"https:\/\/stoic-curie.212-227-153-4.plesk.page\/hr\/wp-json\/wp\/v2\/product_brand?post=5667088"},{"taxonomy":"product_cat","embeddable":true,"href":"https:\/\/stoic-curie.212-227-153-4.plesk.page\/hr\/wp-json\/wp\/v2\/product_cat?post=5667088"},{"taxonomy":"product_tag","embeddable":true,"href":"https:\/\/stoic-curie.212-227-153-4.plesk.page\/hr\/wp-json\/wp\/v2\/product_tag?post=5667088"}],"curies":[{"name":"wp","href":"https:\/\/api.w.org\/{rel}","templated":true}]}}