{"id":5667104,"date":"2026-02-03T07:46:53","date_gmt":"2026-02-03T06:46:53","guid":{"rendered":"https:\/\/stoic-curie.212-227-153-4.plesk.page\/product\/hh-skagen-f-1-offshore-cipele-velicina-42-85-mornarsko-plava\/"},"modified":"2026-02-25T00:01:49","modified_gmt":"2026-02-25T00:01:49","slug":"hh-skagen-f-1-offshore-cipele-velicina-42-85-mornarsko-plava","status":"publish","type":"product","link":"https:\/\/stoic-curie.212-227-153-4.plesk.page\/hr\/product\/hh-skagen-f-1-offshore-cipele-velicina-42-85-mornarsko-plava\/","title":{"rendered":"Hh Skagen F-1 Offshore Cipele Veli\u010dina 42 (8,5) &#8211; Mornarsko Plava"},"content":{"rendered":"<p>Hh Skagen F-1 Offshore Cipele Veli\u010dina 42 (8,5) &#8211; Mornarsko Plava &#8211; <\/p>\n<p>Otkrijte Helly Hansen visoko u\u010dinkovit yacht-sneaker s prozra\u010dno, fleksibilnom, be\u0161avnom, hidrofobnom i brzosu\u0161e\u0107om mre\u017eastom konstrukcijom. Potplat je projektiran da \u0161titi va\u0161a stopala od opreme na palubi i stijena, opremljen je oblikovanom, antibakterijskom, uklonjivom EVA ulo\u0161kom i s medial postingom 2. gusto\u0107e. Fleksibilna vanjska potplat s vi\u0161esmjernim sustavom prihvata, odvodnim kanalima i gumom koja ne ostavlja tragove osigurava optimalnu prionljivost.<\/p>\n","protected":false},"excerpt":{"rendered":"<p>Hh Skagen F-1 Offshore Cipele Veli\u010dina 42 (8,5) &#8211; Mornarsko Plava &#8211; Otkrijte Helly Hansen visoko u\u010dinkovit yacht-sneaker s prozra\u010dno,<\/p>\n","protected":false},"featured_media":5665805,"comment_status":"open","ping_status":"closed","template":"","meta":[],"product_brand":[3001],"product_cat":[1860],"product_tag":[],"class_list":{"0":"post-5667104","1":"product","2":"type-product","3":"status-publish","4":"has-post-thumbnail","6":"product_brand-helly-hansen-hr","7":"product_cat-nauticke-cipele","9":"first","10":"instock","11":"shipping-taxable","12":"purchasable","13":"product-type-simple"},"_links":{"self":[{"href":"https:\/\/stoic-curie.212-227-153-4.plesk.page\/hr\/wp-json\/wp\/v2\/product\/5667104","targetHints":{"allow":["GET"]}}],"collection":[{"href":"https:\/\/stoic-curie.212-227-153-4.plesk.page\/hr\/wp-json\/wp\/v2\/product"}],"about":[{"href":"https:\/\/stoic-curie.212-227-153-4.plesk.page\/hr\/wp-json\/wp\/v2\/types\/product"}],"replies":[{"embeddable":true,"href":"https:\/\/stoic-curie.212-227-153-4.plesk.page\/hr\/wp-json\/wp\/v2\/comments?post=5667104"}],"version-history":[{"count":0,"href":"https:\/\/stoic-curie.212-227-153-4.plesk.page\/hr\/wp-json\/wp\/v2\/product\/5667104\/revisions"}],"wp:featuredmedia":[{"embeddable":true,"href":"https:\/\/stoic-curie.212-227-153-4.plesk.page\/hr\/wp-json\/wp\/v2\/media\/5665805"}],"wp:attachment":[{"href":"https:\/\/stoic-curie.212-227-153-4.plesk.page\/hr\/wp-json\/wp\/v2\/media?parent=5667104"}],"wp:term":[{"taxonomy":"product_brand","embeddable":true,"href":"https:\/\/stoic-curie.212-227-153-4.plesk.page\/hr\/wp-json\/wp\/v2\/product_brand?post=5667104"},{"taxonomy":"product_cat","embeddable":true,"href":"https:\/\/stoic-curie.212-227-153-4.plesk.page\/hr\/wp-json\/wp\/v2\/product_cat?post=5667104"},{"taxonomy":"product_tag","embeddable":true,"href":"https:\/\/stoic-curie.212-227-153-4.plesk.page\/hr\/wp-json\/wp\/v2\/product_tag?post=5667104"}],"curies":[{"name":"wp","href":"https:\/\/api.w.org\/{rel}","templated":true}]}}