{"id":5667108,"date":"2026-02-03T07:46:57","date_gmt":"2026-02-03T06:46:57","guid":{"rendered":"https:\/\/stoic-curie.212-227-153-4.plesk.page\/product\/hh-skagen-f-1-offshore-cipele-velicina-445-105-boja-plava-mornar\/"},"modified":"2026-02-25T00:01:49","modified_gmt":"2026-02-25T00:01:49","slug":"hh-skagen-f-1-offshore-cipele-velicina-445-105-boja-plava-mornar","status":"publish","type":"product","link":"https:\/\/stoic-curie.212-227-153-4.plesk.page\/hr\/product\/hh-skagen-f-1-offshore-cipele-velicina-445-105-boja-plava-mornar\/","title":{"rendered":"Hh Skagen F-1 Offshore Cipele Veli\u010dina 44,5 (10,5) Boja Plava Mornar"},"content":{"rendered":"<p>Hh Skagen F-1 Offshore Cipele Veli\u010dina 44,5 (10,5) Boja Plava Mornar &#8211; <\/p>\n<p>Helly Hansenove tenisice za jedrenje visoke izvedbe imaju prozra\u010dnu, fleksibilnu, be\u0161avnu, hidrofobnu i brzo su\u0161e\u0107u mre\u017eastu konstrukciju. Potplat je dizajniran da za\u0161titi stopala od opreme na palubi i kamenja, opremljen oblikovanom EVA antibakterijskom uklonjivom unutarnjom ulo\u0161kom i medijalnim postavljanjem druge gusto\u0107e. Fleksibilna vanjska potplate uklju\u010duje multidirekcijski sustav hvatanja, drena\u017ene kanale i gumene podloge koje ne ostavljaju tragove. <a>Kliknite ovdje za provjeru to\u010dne veli\u010dine<\/a>.<\/p>\n","protected":false},"excerpt":{"rendered":"<p>Hh Skagen F-1 Offshore Cipele Veli\u010dina 44,5 (10,5) Boja Plava Mornar &#8211; Helly Hansenove tenisice za jedrenje visoke izvedbe imaju<\/p>\n","protected":false},"featured_media":5665805,"comment_status":"open","ping_status":"closed","template":"","meta":[],"product_brand":[3001],"product_cat":[1860],"product_tag":[],"class_list":{"0":"post-5667108","1":"product","2":"type-product","3":"status-publish","4":"has-post-thumbnail","6":"product_brand-helly-hansen-hr","7":"product_cat-nauticke-cipele","9":"first","10":"instock","11":"shipping-taxable","12":"purchasable","13":"product-type-simple"},"_links":{"self":[{"href":"https:\/\/stoic-curie.212-227-153-4.plesk.page\/hr\/wp-json\/wp\/v2\/product\/5667108","targetHints":{"allow":["GET"]}}],"collection":[{"href":"https:\/\/stoic-curie.212-227-153-4.plesk.page\/hr\/wp-json\/wp\/v2\/product"}],"about":[{"href":"https:\/\/stoic-curie.212-227-153-4.plesk.page\/hr\/wp-json\/wp\/v2\/types\/product"}],"replies":[{"embeddable":true,"href":"https:\/\/stoic-curie.212-227-153-4.plesk.page\/hr\/wp-json\/wp\/v2\/comments?post=5667108"}],"version-history":[{"count":0,"href":"https:\/\/stoic-curie.212-227-153-4.plesk.page\/hr\/wp-json\/wp\/v2\/product\/5667108\/revisions"}],"wp:featuredmedia":[{"embeddable":true,"href":"https:\/\/stoic-curie.212-227-153-4.plesk.page\/hr\/wp-json\/wp\/v2\/media\/5665805"}],"wp:attachment":[{"href":"https:\/\/stoic-curie.212-227-153-4.plesk.page\/hr\/wp-json\/wp\/v2\/media?parent=5667108"}],"wp:term":[{"taxonomy":"product_brand","embeddable":true,"href":"https:\/\/stoic-curie.212-227-153-4.plesk.page\/hr\/wp-json\/wp\/v2\/product_brand?post=5667108"},{"taxonomy":"product_cat","embeddable":true,"href":"https:\/\/stoic-curie.212-227-153-4.plesk.page\/hr\/wp-json\/wp\/v2\/product_cat?post=5667108"},{"taxonomy":"product_tag","embeddable":true,"href":"https:\/\/stoic-curie.212-227-153-4.plesk.page\/hr\/wp-json\/wp\/v2\/product_tag?post=5667108"}],"curies":[{"name":"wp","href":"https:\/\/api.w.org\/{rel}","templated":true}]}}