{"id":5667109,"date":"2026-02-03T07:46:58","date_gmt":"2026-02-03T06:46:58","guid":{"rendered":"https:\/\/stoic-curie.212-227-153-4.plesk.page\/product\/hh-skagen-f-1-offshoreske-broj-45-11-tamnoplava\/"},"modified":"2026-02-25T00:01:49","modified_gmt":"2026-02-25T00:01:49","slug":"hh-skagen-f-1-offshoreske-broj-45-11-tamnoplava","status":"publish","type":"product","link":"https:\/\/stoic-curie.212-227-153-4.plesk.page\/hr\/product\/hh-skagen-f-1-offshoreske-broj-45-11-tamnoplava\/","title":{"rendered":"Hh Skagen F-1 Offshoreske Broj 45 (11) &#8211; Tamnoplava"},"content":{"rendered":"<p>Hh Skagen F-1 Offshoreske Broj 45 (11) &#8211; Tamnoplava &#8211; <\/p>\n<p>Iskusite visoke performanse Helly Hansen jedrili\u010darskih tenisica dizajniranih s prozra\u010dnom, fleksibilnom, be\u0161avnom, hidrofobnom i brzosu\u0161e\u0107om mre\u017enom konstrukcijom. Potplat je dizajniran za za\u0161titu stopala od opreme na palubi i stijena, a sadr\u017ei oblikovanu, antibakterijsku, uklonjivu EVA ulo\u017eak i podr\u0161ku za medijalnu gusto\u0107u. Fleksibilna potplata uklju\u010duje sustav vi\u0161enamjenskog prianjanja, kanale za ocje\u0111ivanje i gumu koja ne ostavlja tragove.<\/p>\n","protected":false},"excerpt":{"rendered":"<p>Hh Skagen F-1 Offshoreske Broj 45 (11) &#8211; Tamnoplava &#8211; Iskusite visoke performanse Helly Hansen jedrili\u010darskih tenisica dizajniranih s prozra\u010dnom,<\/p>\n","protected":false},"featured_media":5665805,"comment_status":"open","ping_status":"closed","template":"","meta":[],"product_brand":[3001],"product_cat":[1860],"product_tag":[],"class_list":{"0":"post-5667109","1":"product","2":"type-product","3":"status-publish","4":"has-post-thumbnail","6":"product_brand-helly-hansen-hr","7":"product_cat-nauticke-cipele","9":"first","10":"instock","11":"shipping-taxable","12":"purchasable","13":"product-type-simple"},"_links":{"self":[{"href":"https:\/\/stoic-curie.212-227-153-4.plesk.page\/hr\/wp-json\/wp\/v2\/product\/5667109","targetHints":{"allow":["GET"]}}],"collection":[{"href":"https:\/\/stoic-curie.212-227-153-4.plesk.page\/hr\/wp-json\/wp\/v2\/product"}],"about":[{"href":"https:\/\/stoic-curie.212-227-153-4.plesk.page\/hr\/wp-json\/wp\/v2\/types\/product"}],"replies":[{"embeddable":true,"href":"https:\/\/stoic-curie.212-227-153-4.plesk.page\/hr\/wp-json\/wp\/v2\/comments?post=5667109"}],"version-history":[{"count":0,"href":"https:\/\/stoic-curie.212-227-153-4.plesk.page\/hr\/wp-json\/wp\/v2\/product\/5667109\/revisions"}],"wp:featuredmedia":[{"embeddable":true,"href":"https:\/\/stoic-curie.212-227-153-4.plesk.page\/hr\/wp-json\/wp\/v2\/media\/5665805"}],"wp:attachment":[{"href":"https:\/\/stoic-curie.212-227-153-4.plesk.page\/hr\/wp-json\/wp\/v2\/media?parent=5667109"}],"wp:term":[{"taxonomy":"product_brand","embeddable":true,"href":"https:\/\/stoic-curie.212-227-153-4.plesk.page\/hr\/wp-json\/wp\/v2\/product_brand?post=5667109"},{"taxonomy":"product_cat","embeddable":true,"href":"https:\/\/stoic-curie.212-227-153-4.plesk.page\/hr\/wp-json\/wp\/v2\/product_cat?post=5667109"},{"taxonomy":"product_tag","embeddable":true,"href":"https:\/\/stoic-curie.212-227-153-4.plesk.page\/hr\/wp-json\/wp\/v2\/product_tag?post=5667109"}],"curies":[{"name":"wp","href":"https:\/\/api.w.org\/{rel}","templated":true}]}}