{"id":5667113,"date":"2026-02-03T07:47:01","date_gmt":"2026-02-03T06:47:01","guid":{"rendered":"https:\/\/stoic-curie.212-227-153-4.plesk.page\/product\/hh-skagen-f-1-offshore-cipele-velicina-42-85-siva\/"},"modified":"2026-02-25T00:01:49","modified_gmt":"2026-02-25T00:01:49","slug":"hh-skagen-f-1-offshore-cipele-velicina-42-85-siva","status":"publish","type":"product","link":"https:\/\/stoic-curie.212-227-153-4.plesk.page\/hr\/product\/hh-skagen-f-1-offshore-cipele-velicina-42-85-siva\/","title":{"rendered":"Hh Skagen F-1 Offshore Cipele Veli\u010dina 42 (8,5) &#8211; Siva"},"content":{"rendered":"<p>Hh Skagen F-1 Offshore Cipele Veli\u010dina 42 (8,5) &#8211; Siva &#8211; <\/p>\n<p>Iskusite vrhunske performanse na vodi s Helly Hansen jedrili\u010darskim tenisicama. Dizajnirane s prozra\u010dnom, fleksibilnom, bez\u0161avnom, hidrofobnom i brzo su\u0161ivom mre\u017enom konstrukcijom, ove cipele nude vrhunsku udobnost. Potplat je izra\u0111en da \u0161titi va\u0161e noge od opreme na palubi i kamenja, sa oblikovanom antibakterijskom uklonjivom ulo\u0161kom od EVA i drugom gusto\u0107om medijalne potpore. Fleksibilna potplate uklju\u010duje sustav prianjanja u vi\u0161e smjerova, kanale za odvodnju i gumu koja ne ostavlja tragove za optimalnu vu\u010du. <a>Kliknite ovdje<\/a> za provjeru to\u010dne veli\u010dine.<\/p>\n","protected":false},"excerpt":{"rendered":"<p>Hh Skagen F-1 Offshore Cipele Veli\u010dina 42 (8,5) &#8211; Siva &#8211; Iskusite vrhunske performanse na vodi s Helly Hansen jedrili\u010darskim<\/p>\n","protected":false},"featured_media":5665805,"comment_status":"open","ping_status":"closed","template":"","meta":[],"product_brand":[3001],"product_cat":[1860],"product_tag":[],"class_list":{"0":"post-5667113","1":"product","2":"type-product","3":"status-publish","4":"has-post-thumbnail","6":"product_brand-helly-hansen-hr","7":"product_cat-nauticke-cipele","9":"first","10":"instock","11":"shipping-taxable","12":"purchasable","13":"product-type-simple"},"_links":{"self":[{"href":"https:\/\/stoic-curie.212-227-153-4.plesk.page\/hr\/wp-json\/wp\/v2\/product\/5667113","targetHints":{"allow":["GET"]}}],"collection":[{"href":"https:\/\/stoic-curie.212-227-153-4.plesk.page\/hr\/wp-json\/wp\/v2\/product"}],"about":[{"href":"https:\/\/stoic-curie.212-227-153-4.plesk.page\/hr\/wp-json\/wp\/v2\/types\/product"}],"replies":[{"embeddable":true,"href":"https:\/\/stoic-curie.212-227-153-4.plesk.page\/hr\/wp-json\/wp\/v2\/comments?post=5667113"}],"version-history":[{"count":0,"href":"https:\/\/stoic-curie.212-227-153-4.plesk.page\/hr\/wp-json\/wp\/v2\/product\/5667113\/revisions"}],"wp:featuredmedia":[{"embeddable":true,"href":"https:\/\/stoic-curie.212-227-153-4.plesk.page\/hr\/wp-json\/wp\/v2\/media\/5665805"}],"wp:attachment":[{"href":"https:\/\/stoic-curie.212-227-153-4.plesk.page\/hr\/wp-json\/wp\/v2\/media?parent=5667113"}],"wp:term":[{"taxonomy":"product_brand","embeddable":true,"href":"https:\/\/stoic-curie.212-227-153-4.plesk.page\/hr\/wp-json\/wp\/v2\/product_brand?post=5667113"},{"taxonomy":"product_cat","embeddable":true,"href":"https:\/\/stoic-curie.212-227-153-4.plesk.page\/hr\/wp-json\/wp\/v2\/product_cat?post=5667113"},{"taxonomy":"product_tag","embeddable":true,"href":"https:\/\/stoic-curie.212-227-153-4.plesk.page\/hr\/wp-json\/wp\/v2\/product_tag?post=5667113"}],"curies":[{"name":"wp","href":"https:\/\/api.w.org\/{rel}","templated":true}]}}