{"id":5667115,"date":"2026-02-03T07:47:03","date_gmt":"2026-02-03T06:47:03","guid":{"rendered":"https:\/\/stoic-curie.212-227-153-4.plesk.page\/product\/hh-skagen-f-1-offshore-cipele-velicina-43-95-siva\/"},"modified":"2026-02-25T00:01:49","modified_gmt":"2026-02-25T00:01:49","slug":"hh-skagen-f-1-offshore-cipele-velicina-43-95-siva","status":"publish","type":"product","link":"https:\/\/stoic-curie.212-227-153-4.plesk.page\/hr\/product\/hh-skagen-f-1-offshore-cipele-velicina-43-95-siva\/","title":{"rendered":"Hh Skagen F-1 Offshore Cipele Veli\u010dina 43 (9,5) &#8211; Siva"},"content":{"rendered":"<p>Hh Skagen F-1 Offshore Cipele Veli\u010dina 43 (9,5) &#8211; Siva &#8211; <\/p>\n<p>Predstavljamo Helly Hansen cipele za jedrenje visokih performansi, dizajnirane s prozra\u010dnom, fleksibilnom, bez\u0161avom, hidrofobnom i brzo su\u0161e\u0107om mre\u017enom konstrukcijom. Potplat je stru\u010dno dizajniran kako bi za\u0161titio va\u0161e noge od opreme na palubi i stjenovitih povr\u0161ina. S oblikovanim antibakterijskim EVA ulo\u0161kom koji se mo\u017ee izvaditi i medijalnim osloncem druge gusto\u0107e, ove cipele osiguravaju vrhunsku udobnost. Fleksibilna potplata uklju\u010duje sustav vi\u0161e smjerova, drena\u017ene kanale i gumeni materijal koji ne ostavlja tragove za optimalne performanse na svim povr\u0161inama. <a>Kliknite ovdje za provjeru to\u010dne veli\u010dine.<\/a><\/p>\n","protected":false},"excerpt":{"rendered":"<p>Hh Skagen F-1 Offshore Cipele Veli\u010dina 43 (9,5) &#8211; Siva &#8211; Predstavljamo Helly Hansen cipele za jedrenje visokih performansi, dizajnirane<\/p>\n","protected":false},"featured_media":5665805,"comment_status":"open","ping_status":"closed","template":"","meta":[],"product_brand":[3001],"product_cat":[1860],"product_tag":[],"class_list":{"0":"post-5667115","1":"product","2":"type-product","3":"status-publish","4":"has-post-thumbnail","6":"product_brand-helly-hansen-hr","7":"product_cat-nauticke-cipele","9":"first","10":"instock","11":"shipping-taxable","12":"purchasable","13":"product-type-simple"},"_links":{"self":[{"href":"https:\/\/stoic-curie.212-227-153-4.plesk.page\/hr\/wp-json\/wp\/v2\/product\/5667115","targetHints":{"allow":["GET"]}}],"collection":[{"href":"https:\/\/stoic-curie.212-227-153-4.plesk.page\/hr\/wp-json\/wp\/v2\/product"}],"about":[{"href":"https:\/\/stoic-curie.212-227-153-4.plesk.page\/hr\/wp-json\/wp\/v2\/types\/product"}],"replies":[{"embeddable":true,"href":"https:\/\/stoic-curie.212-227-153-4.plesk.page\/hr\/wp-json\/wp\/v2\/comments?post=5667115"}],"version-history":[{"count":0,"href":"https:\/\/stoic-curie.212-227-153-4.plesk.page\/hr\/wp-json\/wp\/v2\/product\/5667115\/revisions"}],"wp:featuredmedia":[{"embeddable":true,"href":"https:\/\/stoic-curie.212-227-153-4.plesk.page\/hr\/wp-json\/wp\/v2\/media\/5665805"}],"wp:attachment":[{"href":"https:\/\/stoic-curie.212-227-153-4.plesk.page\/hr\/wp-json\/wp\/v2\/media?parent=5667115"}],"wp:term":[{"taxonomy":"product_brand","embeddable":true,"href":"https:\/\/stoic-curie.212-227-153-4.plesk.page\/hr\/wp-json\/wp\/v2\/product_brand?post=5667115"},{"taxonomy":"product_cat","embeddable":true,"href":"https:\/\/stoic-curie.212-227-153-4.plesk.page\/hr\/wp-json\/wp\/v2\/product_cat?post=5667115"},{"taxonomy":"product_tag","embeddable":true,"href":"https:\/\/stoic-curie.212-227-153-4.plesk.page\/hr\/wp-json\/wp\/v2\/product_tag?post=5667115"}],"curies":[{"name":"wp","href":"https:\/\/api.w.org\/{rel}","templated":true}]}}