{"id":5667117,"date":"2026-02-03T07:47:05","date_gmt":"2026-02-03T06:47:05","guid":{"rendered":"https:\/\/stoic-curie.212-227-153-4.plesk.page\/product\/hh-skagen-f-1-offshore-cipele-velicina-445-105-siva\/"},"modified":"2026-02-25T00:01:49","modified_gmt":"2026-02-25T00:01:49","slug":"hh-skagen-f-1-offshore-cipele-velicina-445-105-siva","status":"publish","type":"product","link":"https:\/\/stoic-curie.212-227-153-4.plesk.page\/hr\/product\/hh-skagen-f-1-offshore-cipele-velicina-445-105-siva\/","title":{"rendered":"Hh Skagen F-1 Offshore Cipele Veli\u010dina 44,5 (10,5) &#8211; Siva"},"content":{"rendered":"<p>Hh Skagen F-1 Offshore Cipele Veli\u010dina 44,5 (10,5) &#8211; Siva &#8211; <\/p>\n<p>Helly Hansenove visoko performansne jedrili\u010darske tenisice sadr\u017ee prozra\u010dnu, fleksibilnu, be\u0161avnu, hidrofobnu i brzo su\u0161e\u0107u mre\u017eastu konstrukciju. Potplat je dizajniran da za\u0161titi va\u0161e noge od opreme s palube i stjenovitih povr\u0161ina. Uklju\u010duje oblikovanu antibakterijsku izlo\u017eivu ulo\u017eak od EVA-a i medijalnu postavu druge gusto\u0107e za dodatnu udobnost. Fleksibilna potplat uklju\u010duje vi\u0161esmjerni sustav prijanjanja, odvodne kanale i gumene tvari koje ne ostavljaju tragove za superiornu trakciju.<\/p>\n<p>Kliknite ovdje za provjeru to\u010dne veli\u010dine:<\/p>\n","protected":false},"excerpt":{"rendered":"<p>Hh Skagen F-1 Offshore Cipele Veli\u010dina 44,5 (10,5) &#8211; Siva &#8211; Helly Hansenove visoko performansne jedrili\u010darske tenisice sadr\u017ee prozra\u010dnu, fleksibilnu,<\/p>\n","protected":false},"featured_media":5665805,"comment_status":"open","ping_status":"closed","template":"","meta":[],"product_brand":[3001],"product_cat":[1860],"product_tag":[],"class_list":{"0":"post-5667117","1":"product","2":"type-product","3":"status-publish","4":"has-post-thumbnail","6":"product_brand-helly-hansen-hr","7":"product_cat-nauticke-cipele","9":"first","10":"instock","11":"shipping-taxable","12":"purchasable","13":"product-type-simple"},"_links":{"self":[{"href":"https:\/\/stoic-curie.212-227-153-4.plesk.page\/hr\/wp-json\/wp\/v2\/product\/5667117","targetHints":{"allow":["GET"]}}],"collection":[{"href":"https:\/\/stoic-curie.212-227-153-4.plesk.page\/hr\/wp-json\/wp\/v2\/product"}],"about":[{"href":"https:\/\/stoic-curie.212-227-153-4.plesk.page\/hr\/wp-json\/wp\/v2\/types\/product"}],"replies":[{"embeddable":true,"href":"https:\/\/stoic-curie.212-227-153-4.plesk.page\/hr\/wp-json\/wp\/v2\/comments?post=5667117"}],"version-history":[{"count":0,"href":"https:\/\/stoic-curie.212-227-153-4.plesk.page\/hr\/wp-json\/wp\/v2\/product\/5667117\/revisions"}],"wp:featuredmedia":[{"embeddable":true,"href":"https:\/\/stoic-curie.212-227-153-4.plesk.page\/hr\/wp-json\/wp\/v2\/media\/5665805"}],"wp:attachment":[{"href":"https:\/\/stoic-curie.212-227-153-4.plesk.page\/hr\/wp-json\/wp\/v2\/media?parent=5667117"}],"wp:term":[{"taxonomy":"product_brand","embeddable":true,"href":"https:\/\/stoic-curie.212-227-153-4.plesk.page\/hr\/wp-json\/wp\/v2\/product_brand?post=5667117"},{"taxonomy":"product_cat","embeddable":true,"href":"https:\/\/stoic-curie.212-227-153-4.plesk.page\/hr\/wp-json\/wp\/v2\/product_cat?post=5667117"},{"taxonomy":"product_tag","embeddable":true,"href":"https:\/\/stoic-curie.212-227-153-4.plesk.page\/hr\/wp-json\/wp\/v2\/product_tag?post=5667117"}],"curies":[{"name":"wp","href":"https:\/\/api.w.org\/{rel}","templated":true}]}}