{"id":5667119,"date":"2026-02-03T07:47:07","date_gmt":"2026-02-03T06:47:07","guid":{"rendered":"https:\/\/stoic-curie.212-227-153-4.plesk.page\/product\/hh-skagen-f-1-offshore-cipele-velicina-46-115-siva\/"},"modified":"2026-02-25T00:01:49","modified_gmt":"2026-02-25T00:01:49","slug":"hh-skagen-f-1-offshore-cipele-velicina-46-115-siva","status":"publish","type":"product","link":"https:\/\/stoic-curie.212-227-153-4.plesk.page\/hr\/product\/hh-skagen-f-1-offshore-cipele-velicina-46-115-siva\/","title":{"rendered":"Hh Skagen F-1 Offshore Cipele Veli\u010dina 46 (11,5) &#8211; Siva"},"content":{"rendered":"<p>Hh Skagen F-1 Offshore Cipele Veli\u010dina 46 (11,5) &#8211; Siva &#8211; <\/p>\n<p>Iskusite visoke performanse na vodi s Helly Hansen Skagen F-1 offshore cipelama. Ove \u010damce tenisice imaju prozra\u010dnu, fleksibilnu i be\u0161avnu hidrofobnu mre\u017enu konstrukciju koja se brzo su\u0161i. Potplat je dizajniran da \u0161titi va\u0161e noge od opreme na palubi i stjenovitih povr\u0161ina, a oblazni antibakterijski EVA izlo\u017eni ulo\u017eak i drugi gusto postavljeni srednji dio pru\u017eaju dodatnu udobnost. Fleksibilna potplat uklju\u010duje multidirekcijski sustav prianjanja, kanale za odvodnju i gumu koja ne ostavlja tragove za optimalne performanse. <a>Kliknite ovdje za provjeru to\u010dne veli\u010dine:<\/a><\/p>\n","protected":false},"excerpt":{"rendered":"<p>Hh Skagen F-1 Offshore Cipele Veli\u010dina 46 (11,5) &#8211; Siva &#8211; Iskusite visoke performanse na vodi s Helly Hansen Skagen<\/p>\n","protected":false},"featured_media":5665805,"comment_status":"open","ping_status":"closed","template":"","meta":[],"product_brand":[3001],"product_cat":[1860],"product_tag":[],"class_list":{"0":"post-5667119","1":"product","2":"type-product","3":"status-publish","4":"has-post-thumbnail","6":"product_brand-helly-hansen-hr","7":"product_cat-nauticke-cipele","9":"first","10":"instock","11":"shipping-taxable","12":"purchasable","13":"product-type-simple"},"_links":{"self":[{"href":"https:\/\/stoic-curie.212-227-153-4.plesk.page\/hr\/wp-json\/wp\/v2\/product\/5667119","targetHints":{"allow":["GET"]}}],"collection":[{"href":"https:\/\/stoic-curie.212-227-153-4.plesk.page\/hr\/wp-json\/wp\/v2\/product"}],"about":[{"href":"https:\/\/stoic-curie.212-227-153-4.plesk.page\/hr\/wp-json\/wp\/v2\/types\/product"}],"replies":[{"embeddable":true,"href":"https:\/\/stoic-curie.212-227-153-4.plesk.page\/hr\/wp-json\/wp\/v2\/comments?post=5667119"}],"version-history":[{"count":0,"href":"https:\/\/stoic-curie.212-227-153-4.plesk.page\/hr\/wp-json\/wp\/v2\/product\/5667119\/revisions"}],"wp:featuredmedia":[{"embeddable":true,"href":"https:\/\/stoic-curie.212-227-153-4.plesk.page\/hr\/wp-json\/wp\/v2\/media\/5665805"}],"wp:attachment":[{"href":"https:\/\/stoic-curie.212-227-153-4.plesk.page\/hr\/wp-json\/wp\/v2\/media?parent=5667119"}],"wp:term":[{"taxonomy":"product_brand","embeddable":true,"href":"https:\/\/stoic-curie.212-227-153-4.plesk.page\/hr\/wp-json\/wp\/v2\/product_brand?post=5667119"},{"taxonomy":"product_cat","embeddable":true,"href":"https:\/\/stoic-curie.212-227-153-4.plesk.page\/hr\/wp-json\/wp\/v2\/product_cat?post=5667119"},{"taxonomy":"product_tag","embeddable":true,"href":"https:\/\/stoic-curie.212-227-153-4.plesk.page\/hr\/wp-json\/wp\/v2\/product_tag?post=5667119"}],"curies":[{"name":"wp","href":"https:\/\/api.w.org\/{rel}","templated":true}]}}