{"id":5667120,"date":"2026-02-03T07:47:07","date_gmt":"2026-02-03T06:47:07","guid":{"rendered":"https:\/\/stoic-curie.212-227-153-4.plesk.page\/product\/hh-skagen-f-1-offshore-cipele-zene-velicina-37-6-boja-plava-mornarska\/"},"modified":"2026-02-25T00:01:49","modified_gmt":"2026-02-25T00:01:49","slug":"hh-skagen-f-1-offshore-cipele-zene-velicina-37-6-boja-plava-mornarska","status":"publish","type":"product","link":"https:\/\/stoic-curie.212-227-153-4.plesk.page\/hr\/product\/hh-skagen-f-1-offshore-cipele-zene-velicina-37-6-boja-plava-mornarska\/","title":{"rendered":"Hh Skagen F-1 Offshore Cipele \u017dene Veli\u010dina 37 (6) Boja Plava Mornarska"},"content":{"rendered":"<p>Hh Skagen F-1 Offshore Cipele \u017dene Veli\u010dina 37 (6) Boja Plava Mornarska &#8211; <\/p>\n<p>Helly Hansen visoko-performantna jedrili\u010darska tenisica s prozra\u010dnom, fleksibilnom, be\u0161avnom, hidrofobnom i brzo su\u0161nom mre\u017enom konstrukcijom. Potplat je dizajniran da za\u0161titi stopala od opreme na palubi i stijenama, s oblikovanom antibakterijskom EVA uklonjivom ulo\u0161kom i srednjim postojanjem druge gusto\u0107e. Fleksibilna potplata s multidirekcijskim sustavom prianjanja, drena\u017enim kanalima i gumom koja ne ostavlja tragove.<\/p>\n","protected":false},"excerpt":{"rendered":"<p>Hh Skagen F-1 Offshore Cipele \u017dene Veli\u010dina 37 (6) Boja Plava Mornarska &#8211; Helly Hansen visoko-performantna jedrili\u010darska tenisica s prozra\u010dnom,<\/p>\n","protected":false},"featured_media":5665967,"comment_status":"open","ping_status":"closed","template":"","meta":[],"product_brand":[3001],"product_cat":[1860],"product_tag":[],"class_list":{"0":"post-5667120","1":"product","2":"type-product","3":"status-publish","4":"has-post-thumbnail","6":"product_brand-helly-hansen-hr","7":"product_cat-nauticke-cipele","9":"first","10":"instock","11":"shipping-taxable","12":"purchasable","13":"product-type-simple"},"_links":{"self":[{"href":"https:\/\/stoic-curie.212-227-153-4.plesk.page\/hr\/wp-json\/wp\/v2\/product\/5667120","targetHints":{"allow":["GET"]}}],"collection":[{"href":"https:\/\/stoic-curie.212-227-153-4.plesk.page\/hr\/wp-json\/wp\/v2\/product"}],"about":[{"href":"https:\/\/stoic-curie.212-227-153-4.plesk.page\/hr\/wp-json\/wp\/v2\/types\/product"}],"replies":[{"embeddable":true,"href":"https:\/\/stoic-curie.212-227-153-4.plesk.page\/hr\/wp-json\/wp\/v2\/comments?post=5667120"}],"version-history":[{"count":0,"href":"https:\/\/stoic-curie.212-227-153-4.plesk.page\/hr\/wp-json\/wp\/v2\/product\/5667120\/revisions"}],"wp:featuredmedia":[{"embeddable":true,"href":"https:\/\/stoic-curie.212-227-153-4.plesk.page\/hr\/wp-json\/wp\/v2\/media\/5665967"}],"wp:attachment":[{"href":"https:\/\/stoic-curie.212-227-153-4.plesk.page\/hr\/wp-json\/wp\/v2\/media?parent=5667120"}],"wp:term":[{"taxonomy":"product_brand","embeddable":true,"href":"https:\/\/stoic-curie.212-227-153-4.plesk.page\/hr\/wp-json\/wp\/v2\/product_brand?post=5667120"},{"taxonomy":"product_cat","embeddable":true,"href":"https:\/\/stoic-curie.212-227-153-4.plesk.page\/hr\/wp-json\/wp\/v2\/product_cat?post=5667120"},{"taxonomy":"product_tag","embeddable":true,"href":"https:\/\/stoic-curie.212-227-153-4.plesk.page\/hr\/wp-json\/wp\/v2\/product_tag?post=5667120"}],"curies":[{"name":"wp","href":"https:\/\/api.w.org\/{rel}","templated":true}]}}