{"id":5667121,"date":"2026-02-03T07:47:08","date_gmt":"2026-02-03T06:47:08","guid":{"rendered":"https:\/\/stoic-curie.212-227-153-4.plesk.page\/product\/hh-skagen-f-1-off-shore-cipele-za-zene-velicina-375-65-boja-mornarsko-plava\/"},"modified":"2026-02-25T00:01:49","modified_gmt":"2026-02-25T00:01:49","slug":"hh-skagen-f-1-off-shore-cipele-za-zene-velicina-375-65-boja-mornarsko-plava","status":"publish","type":"product","link":"https:\/\/stoic-curie.212-227-153-4.plesk.page\/hr\/product\/hh-skagen-f-1-off-shore-cipele-za-zene-velicina-375-65-boja-mornarsko-plava\/","title":{"rendered":"Hh Skagen F-1 Off-shore Cipele za \u017dene &#8211; Veli\u010dina 37,5 (6,5) &#8211; Boja: Mornarsko Plava"},"content":{"rendered":"<p>Hh Skagen F-1 Off-shore Cipele za \u017dene &#8211; Veli\u010dina 37,5 (6,5) &#8211; Boja: Mornarsko Plava &#8211; <\/p>\n<p>Iskusite vrhunske performanse jedrenja s Helly Hansen visokokvalitetnim jedrili\u010darskim tenisicama. Ove cipele imaju prozra\u010dnu, fleksibilnu, be\u0161avnu, hidrofobnu i brzo su\u0161e\u0107u mre\u017eastu konstrukciju. Potplat je konstruiran za za\u0161titu va\u0161ih stopala od opreme na palubi i stjenovitih povr\u0161ina, uz dodatak oblikovane antibakterijske EVA izmjenjive ulo\u0161ke i medijalni post 2. gusto\u0107e za optimalnu udobnost. Fleksibilna potplat uklju\u010duje multidirekcijski sustav hvatanja, drena\u017ene kanale i gumirane materijale koji ne ostavljaju tragove za izvrsnu prionljivost. <br \/> Kliknite ovdje za provjeru to\u010dne veli\u010dine:<\/p>\n","protected":false},"excerpt":{"rendered":"<p>Hh Skagen F-1 Off-shore Cipele za \u017dene &#8211; Veli\u010dina 37,5 (6,5) &#8211; Boja: Mornarsko Plava &#8211; Iskusite vrhunske performanse jedrenja<\/p>\n","protected":false},"featured_media":5665967,"comment_status":"open","ping_status":"closed","template":"","meta":[],"product_brand":[3001],"product_cat":[1860],"product_tag":[],"class_list":{"0":"post-5667121","1":"product","2":"type-product","3":"status-publish","4":"has-post-thumbnail","6":"product_brand-helly-hansen-hr","7":"product_cat-nauticke-cipele","9":"first","10":"instock","11":"shipping-taxable","12":"purchasable","13":"product-type-simple"},"_links":{"self":[{"href":"https:\/\/stoic-curie.212-227-153-4.plesk.page\/hr\/wp-json\/wp\/v2\/product\/5667121","targetHints":{"allow":["GET"]}}],"collection":[{"href":"https:\/\/stoic-curie.212-227-153-4.plesk.page\/hr\/wp-json\/wp\/v2\/product"}],"about":[{"href":"https:\/\/stoic-curie.212-227-153-4.plesk.page\/hr\/wp-json\/wp\/v2\/types\/product"}],"replies":[{"embeddable":true,"href":"https:\/\/stoic-curie.212-227-153-4.plesk.page\/hr\/wp-json\/wp\/v2\/comments?post=5667121"}],"version-history":[{"count":0,"href":"https:\/\/stoic-curie.212-227-153-4.plesk.page\/hr\/wp-json\/wp\/v2\/product\/5667121\/revisions"}],"wp:featuredmedia":[{"embeddable":true,"href":"https:\/\/stoic-curie.212-227-153-4.plesk.page\/hr\/wp-json\/wp\/v2\/media\/5665967"}],"wp:attachment":[{"href":"https:\/\/stoic-curie.212-227-153-4.plesk.page\/hr\/wp-json\/wp\/v2\/media?parent=5667121"}],"wp:term":[{"taxonomy":"product_brand","embeddable":true,"href":"https:\/\/stoic-curie.212-227-153-4.plesk.page\/hr\/wp-json\/wp\/v2\/product_brand?post=5667121"},{"taxonomy":"product_cat","embeddable":true,"href":"https:\/\/stoic-curie.212-227-153-4.plesk.page\/hr\/wp-json\/wp\/v2\/product_cat?post=5667121"},{"taxonomy":"product_tag","embeddable":true,"href":"https:\/\/stoic-curie.212-227-153-4.plesk.page\/hr\/wp-json\/wp\/v2\/product_tag?post=5667121"}],"curies":[{"name":"wp","href":"https:\/\/api.w.org\/{rel}","templated":true}]}}