{"id":5667123,"date":"2026-02-03T07:47:13","date_gmt":"2026-02-03T06:47:13","guid":{"rendered":"https:\/\/stoic-curie.212-227-153-4.plesk.page\/product\/hh-skagen-f-1-offshore-cipele-za-zene-velicina-385-75-boja-mornarsko-plava\/"},"modified":"2026-02-25T00:01:49","modified_gmt":"2026-02-25T00:01:49","slug":"hh-skagen-f-1-offshore-cipele-za-zene-velicina-385-75-boja-mornarsko-plava","status":"publish","type":"product","link":"https:\/\/stoic-curie.212-227-153-4.plesk.page\/hr\/product\/hh-skagen-f-1-offshore-cipele-za-zene-velicina-385-75-boja-mornarsko-plava\/","title":{"rendered":"Hh Skagen F-1 Offshore Cipele za \u017dene Veli\u010dina 38,5 (7,5) Boja: Mornarsko Plava"},"content":{"rendered":"<p>Hh Skagen F-1 Offshore Cipele za \u017dene Veli\u010dina 38,5 (7,5) Boja: Mornarsko Plava &#8211; <\/p>\n<p>Helly Hansen cipele za jedrenje visoke izvedbe s prozra\u010dnom, fleksibilnom, be\u0161avnom, hidrofobnom i brzo su\u0161e\u0107om mre\u017enom konstrukcijom. Potplat je dizajniran kako bi za\u0161titio va\u0161e noge od opreme na palubi i stijena, opremljen oblikovanom EVA antibakterijskom izvadnom ulo\u0161kom i sekundarnim medialnim postavljanjem. Fleksibilna potplat pru\u017ea multidirekcijski sustav trakcije, kanale za odvodnju i neozna\u010duju\u0107i gum. <a>Kliknite ovdje da biste provjerili to\u010dnu veli\u010dinu<\/a><\/p>\n","protected":false},"excerpt":{"rendered":"<p>Hh Skagen F-1 Offshore Cipele za \u017dene Veli\u010dina 38,5 (7,5) Boja: Mornarsko Plava &#8211; Helly Hansen cipele za jedrenje visoke<\/p>\n","protected":false},"featured_media":5665967,"comment_status":"open","ping_status":"closed","template":"","meta":[],"product_brand":[3001],"product_cat":[1860],"product_tag":[],"class_list":{"0":"post-5667123","1":"product","2":"type-product","3":"status-publish","4":"has-post-thumbnail","6":"product_brand-helly-hansen-hr","7":"product_cat-nauticke-cipele","9":"first","10":"instock","11":"shipping-taxable","12":"purchasable","13":"product-type-simple"},"_links":{"self":[{"href":"https:\/\/stoic-curie.212-227-153-4.plesk.page\/hr\/wp-json\/wp\/v2\/product\/5667123","targetHints":{"allow":["GET"]}}],"collection":[{"href":"https:\/\/stoic-curie.212-227-153-4.plesk.page\/hr\/wp-json\/wp\/v2\/product"}],"about":[{"href":"https:\/\/stoic-curie.212-227-153-4.plesk.page\/hr\/wp-json\/wp\/v2\/types\/product"}],"replies":[{"embeddable":true,"href":"https:\/\/stoic-curie.212-227-153-4.plesk.page\/hr\/wp-json\/wp\/v2\/comments?post=5667123"}],"version-history":[{"count":0,"href":"https:\/\/stoic-curie.212-227-153-4.plesk.page\/hr\/wp-json\/wp\/v2\/product\/5667123\/revisions"}],"wp:featuredmedia":[{"embeddable":true,"href":"https:\/\/stoic-curie.212-227-153-4.plesk.page\/hr\/wp-json\/wp\/v2\/media\/5665967"}],"wp:attachment":[{"href":"https:\/\/stoic-curie.212-227-153-4.plesk.page\/hr\/wp-json\/wp\/v2\/media?parent=5667123"}],"wp:term":[{"taxonomy":"product_brand","embeddable":true,"href":"https:\/\/stoic-curie.212-227-153-4.plesk.page\/hr\/wp-json\/wp\/v2\/product_brand?post=5667123"},{"taxonomy":"product_cat","embeddable":true,"href":"https:\/\/stoic-curie.212-227-153-4.plesk.page\/hr\/wp-json\/wp\/v2\/product_cat?post=5667123"},{"taxonomy":"product_tag","embeddable":true,"href":"https:\/\/stoic-curie.212-227-153-4.plesk.page\/hr\/wp-json\/wp\/v2\/product_tag?post=5667123"}],"curies":[{"name":"wp","href":"https:\/\/api.w.org\/{rel}","templated":true}]}}