{"id":5667125,"date":"2026-02-03T07:47:14","date_gmt":"2026-02-03T06:47:14","guid":{"rendered":"https:\/\/stoic-curie.212-227-153-4.plesk.page\/product\/hh-skagen-f-1-offshore-cipele-za-zene-velicina-40-85-tamnoplava\/"},"modified":"2026-02-25T00:01:49","modified_gmt":"2026-02-25T00:01:49","slug":"hh-skagen-f-1-offshore-cipele-za-zene-velicina-40-85-tamnoplava","status":"publish","type":"product","link":"https:\/\/stoic-curie.212-227-153-4.plesk.page\/hr\/product\/hh-skagen-f-1-offshore-cipele-za-zene-velicina-40-85-tamnoplava\/","title":{"rendered":"Hh Skagen F-1 Offshore Cipele za \u017dene &#8211; Veli\u010dina 40 (8,5) &#8211; Tamnoplava"},"content":{"rendered":"<p>Hh Skagen F-1 Offshore Cipele za \u017dene &#8211; Veli\u010dina 40 (8,5) &#8211; Tamnoplava &#8211; <\/p>\n<p>Helly Hansen cipele za jedrenje visokih performansi s prozra\u010dnom, fleksibilnom, be\u0161avnom, hidrofobnom i brzo suhom mre\u017eastom konstrukcijom. Potplat je dizajniran da \u0161titi va\u0161e noge od opreme na palubi i stijena, s oblikovanom antibakterijskom EVA ulo\u0161kom koja se mo\u017ee ukloniti i sekundarnim gustinom medijskog oslonca. Fleksibilna vanjska potplat uklju\u010duje sustav prianjanja u vi\u0161e smjerova, kanale za drena\u017eu i gumene dijelove koji ne ostavljaju trag.<\/p>\n<p>Kliknite ovdje za provjeru to\u010dne veli\u010dine:<\/p>\n","protected":false},"excerpt":{"rendered":"<p>Hh Skagen F-1 Offshore Cipele za \u017dene &#8211; Veli\u010dina 40 (8,5) &#8211; Tamnoplava &#8211; Helly Hansen cipele za jedrenje visokih<\/p>\n","protected":false},"featured_media":5665967,"comment_status":"open","ping_status":"closed","template":"","meta":[],"product_brand":[3001],"product_cat":[1860],"product_tag":[],"class_list":{"0":"post-5667125","1":"product","2":"type-product","3":"status-publish","4":"has-post-thumbnail","6":"product_brand-helly-hansen-hr","7":"product_cat-nauticke-cipele","9":"first","10":"instock","11":"shipping-taxable","12":"purchasable","13":"product-type-simple"},"_links":{"self":[{"href":"https:\/\/stoic-curie.212-227-153-4.plesk.page\/hr\/wp-json\/wp\/v2\/product\/5667125","targetHints":{"allow":["GET"]}}],"collection":[{"href":"https:\/\/stoic-curie.212-227-153-4.plesk.page\/hr\/wp-json\/wp\/v2\/product"}],"about":[{"href":"https:\/\/stoic-curie.212-227-153-4.plesk.page\/hr\/wp-json\/wp\/v2\/types\/product"}],"replies":[{"embeddable":true,"href":"https:\/\/stoic-curie.212-227-153-4.plesk.page\/hr\/wp-json\/wp\/v2\/comments?post=5667125"}],"version-history":[{"count":0,"href":"https:\/\/stoic-curie.212-227-153-4.plesk.page\/hr\/wp-json\/wp\/v2\/product\/5667125\/revisions"}],"wp:featuredmedia":[{"embeddable":true,"href":"https:\/\/stoic-curie.212-227-153-4.plesk.page\/hr\/wp-json\/wp\/v2\/media\/5665967"}],"wp:attachment":[{"href":"https:\/\/stoic-curie.212-227-153-4.plesk.page\/hr\/wp-json\/wp\/v2\/media?parent=5667125"}],"wp:term":[{"taxonomy":"product_brand","embeddable":true,"href":"https:\/\/stoic-curie.212-227-153-4.plesk.page\/hr\/wp-json\/wp\/v2\/product_brand?post=5667125"},{"taxonomy":"product_cat","embeddable":true,"href":"https:\/\/stoic-curie.212-227-153-4.plesk.page\/hr\/wp-json\/wp\/v2\/product_cat?post=5667125"},{"taxonomy":"product_tag","embeddable":true,"href":"https:\/\/stoic-curie.212-227-153-4.plesk.page\/hr\/wp-json\/wp\/v2\/product_tag?post=5667125"}],"curies":[{"name":"wp","href":"https:\/\/api.w.org\/{rel}","templated":true}]}}