{"id":5667126,"date":"2026-02-03T07:47:15","date_gmt":"2026-02-03T06:47:15","guid":{"rendered":"https:\/\/stoic-curie.212-227-153-4.plesk.page\/product\/hh-skagen-f-1-offshore-cipele-za-zene-velicina-405-9-mornarsko-plava\/"},"modified":"2026-02-25T00:01:49","modified_gmt":"2026-02-25T00:01:49","slug":"hh-skagen-f-1-offshore-cipele-za-zene-velicina-405-9-mornarsko-plava","status":"publish","type":"product","link":"https:\/\/stoic-curie.212-227-153-4.plesk.page\/hr\/product\/hh-skagen-f-1-offshore-cipele-za-zene-velicina-405-9-mornarsko-plava\/","title":{"rendered":"Hh Skagen F-1 Offshore Cipele za \u017dene Veli\u010dina 40,5 (9) &#8211; Mornarsko Plava"},"content":{"rendered":"<p>Hh Skagen F-1 Offshore Cipele za \u017dene Veli\u010dina 40,5 (9) &#8211; Mornarsko Plava &#8211; <\/p>\n<p>Iskusite ultimativno u visokonastavnom morskom obu\u0107u s Helly Hansen Skagen F-1 Offshore Cipelama. Ove tenisice imaju prozra\u010den, fleksibilan i hidrofobni mre\u017easti dizajn koji se brzo su\u0161i, osiguravaju\u0107i udobnost na brodu i kopnu. Potplat je posebno dizajniran da \u0161titi va\u0161e noge od opreme na palubi i o\u0161trih stijena. S oblikovanom EVA antibakterijskom ulo\u0161kom koja se mo\u017ee ukloniti i sekundarnim medialnim postavljanjem, mo\u017eete se osloniti na izvanrednu podr\u0161ku. Fleksibilna potplata uklju\u010duje vi\u0161esmjernu grip sustav, kanale za odvodnju i izra\u0111ena je od gume koja ne ostavlja tragove radi dodatne udobnosti. <a>Kliknite ovdje da provjerite to\u010dnu veli\u010dinu.<\/a><\/p>\n","protected":false},"excerpt":{"rendered":"<p>Hh Skagen F-1 Offshore Cipele za \u017dene Veli\u010dina 40,5 (9) &#8211; Mornarsko Plava &#8211; Iskusite ultimativno u visokonastavnom morskom obu\u0107u<\/p>\n","protected":false},"featured_media":5665967,"comment_status":"open","ping_status":"closed","template":"","meta":[],"product_brand":[3001],"product_cat":[1860],"product_tag":[],"class_list":{"0":"post-5667126","1":"product","2":"type-product","3":"status-publish","4":"has-post-thumbnail","6":"product_brand-helly-hansen-hr","7":"product_cat-nauticke-cipele","9":"first","10":"instock","11":"shipping-taxable","12":"purchasable","13":"product-type-simple"},"_links":{"self":[{"href":"https:\/\/stoic-curie.212-227-153-4.plesk.page\/hr\/wp-json\/wp\/v2\/product\/5667126","targetHints":{"allow":["GET"]}}],"collection":[{"href":"https:\/\/stoic-curie.212-227-153-4.plesk.page\/hr\/wp-json\/wp\/v2\/product"}],"about":[{"href":"https:\/\/stoic-curie.212-227-153-4.plesk.page\/hr\/wp-json\/wp\/v2\/types\/product"}],"replies":[{"embeddable":true,"href":"https:\/\/stoic-curie.212-227-153-4.plesk.page\/hr\/wp-json\/wp\/v2\/comments?post=5667126"}],"version-history":[{"count":0,"href":"https:\/\/stoic-curie.212-227-153-4.plesk.page\/hr\/wp-json\/wp\/v2\/product\/5667126\/revisions"}],"wp:featuredmedia":[{"embeddable":true,"href":"https:\/\/stoic-curie.212-227-153-4.plesk.page\/hr\/wp-json\/wp\/v2\/media\/5665967"}],"wp:attachment":[{"href":"https:\/\/stoic-curie.212-227-153-4.plesk.page\/hr\/wp-json\/wp\/v2\/media?parent=5667126"}],"wp:term":[{"taxonomy":"product_brand","embeddable":true,"href":"https:\/\/stoic-curie.212-227-153-4.plesk.page\/hr\/wp-json\/wp\/v2\/product_brand?post=5667126"},{"taxonomy":"product_cat","embeddable":true,"href":"https:\/\/stoic-curie.212-227-153-4.plesk.page\/hr\/wp-json\/wp\/v2\/product_cat?post=5667126"},{"taxonomy":"product_tag","embeddable":true,"href":"https:\/\/stoic-curie.212-227-153-4.plesk.page\/hr\/wp-json\/wp\/v2\/product_tag?post=5667126"}],"curies":[{"name":"wp","href":"https:\/\/api.w.org\/{rel}","templated":true}]}}