{"id":5667127,"date":"2026-02-03T07:47:17","date_gmt":"2026-02-03T06:47:17","guid":{"rendered":"https:\/\/stoic-curie.212-227-153-4.plesk.page\/product\/hh-skagen-f-1-off-shore-cipele-za-zene-velicina-41-95-mornarsko-plava\/"},"modified":"2026-02-25T00:01:49","modified_gmt":"2026-02-25T00:01:49","slug":"hh-skagen-f-1-off-shore-cipele-za-zene-velicina-41-95-mornarsko-plava","status":"publish","type":"product","link":"https:\/\/stoic-curie.212-227-153-4.plesk.page\/hr\/product\/hh-skagen-f-1-off-shore-cipele-za-zene-velicina-41-95-mornarsko-plava\/","title":{"rendered":"Hh Skagen F-1 Off-shore Cipele za \u017dene Veli\u010dina 41 (9,5) &#8211; Mornarsko Plava"},"content":{"rendered":"<p>Hh Skagen F-1 Off-shore Cipele za \u017dene Veli\u010dina 41 (9,5) &#8211; Mornarsko Plava &#8211; <\/p>\n<p>Helly Hansen visoko-performantne cipele za jedrenje imaju prozra\u010dnu, fleksibilnu, be\u0161avnu, hidrofobnu i brzo su\u0161e\u0107u mre\u017eastu konstrukciju. Potplat je dizajniran da \u0161titi va\u0161e noge od opreme na palubi i kamenja, s oblikovanom EVA antibakterijskom uklonjivom ulo\u017ekom i postavkom medijalne potporne sekundarne gusto\u0107e. Fleksibilna potplata koja uklju\u010duje multidirekcijski sustav za prianjanje, odvodne kanale i gumu koja ne ostavlja tragove, \u010dini ove cipele savr\u0161enima za svaku jedrili\u010darsku avanturu. <a>Kliknite ovdje da provjerite to\u010dnu veli\u010dinu.<\/a><\/p>\n","protected":false},"excerpt":{"rendered":"<p>Hh Skagen F-1 Off-shore Cipele za \u017dene Veli\u010dina 41 (9,5) &#8211; Mornarsko Plava &#8211; Helly Hansen visoko-performantne cipele za jedrenje<\/p>\n","protected":false},"featured_media":5665967,"comment_status":"open","ping_status":"closed","template":"","meta":[],"product_brand":[3001],"product_cat":[1860],"product_tag":[],"class_list":{"0":"post-5667127","1":"product","2":"type-product","3":"status-publish","4":"has-post-thumbnail","6":"product_brand-helly-hansen-hr","7":"product_cat-nauticke-cipele","9":"first","10":"instock","11":"shipping-taxable","12":"purchasable","13":"product-type-simple"},"_links":{"self":[{"href":"https:\/\/stoic-curie.212-227-153-4.plesk.page\/hr\/wp-json\/wp\/v2\/product\/5667127","targetHints":{"allow":["GET"]}}],"collection":[{"href":"https:\/\/stoic-curie.212-227-153-4.plesk.page\/hr\/wp-json\/wp\/v2\/product"}],"about":[{"href":"https:\/\/stoic-curie.212-227-153-4.plesk.page\/hr\/wp-json\/wp\/v2\/types\/product"}],"replies":[{"embeddable":true,"href":"https:\/\/stoic-curie.212-227-153-4.plesk.page\/hr\/wp-json\/wp\/v2\/comments?post=5667127"}],"version-history":[{"count":0,"href":"https:\/\/stoic-curie.212-227-153-4.plesk.page\/hr\/wp-json\/wp\/v2\/product\/5667127\/revisions"}],"wp:featuredmedia":[{"embeddable":true,"href":"https:\/\/stoic-curie.212-227-153-4.plesk.page\/hr\/wp-json\/wp\/v2\/media\/5665967"}],"wp:attachment":[{"href":"https:\/\/stoic-curie.212-227-153-4.plesk.page\/hr\/wp-json\/wp\/v2\/media?parent=5667127"}],"wp:term":[{"taxonomy":"product_brand","embeddable":true,"href":"https:\/\/stoic-curie.212-227-153-4.plesk.page\/hr\/wp-json\/wp\/v2\/product_brand?post=5667127"},{"taxonomy":"product_cat","embeddable":true,"href":"https:\/\/stoic-curie.212-227-153-4.plesk.page\/hr\/wp-json\/wp\/v2\/product_cat?post=5667127"},{"taxonomy":"product_tag","embeddable":true,"href":"https:\/\/stoic-curie.212-227-153-4.plesk.page\/hr\/wp-json\/wp\/v2\/product_tag?post=5667127"}],"curies":[{"name":"wp","href":"https:\/\/api.w.org\/{rel}","templated":true}]}}