{"id":5667131,"date":"2026-02-03T07:47:20","date_gmt":"2026-02-03T06:47:20","guid":{"rendered":"https:\/\/stoic-curie.212-227-153-4.plesk.page\/product\/rola-za-upijanje-hidrokarbura\/"},"modified":"2026-02-25T00:02:11","modified_gmt":"2026-02-25T00:02:11","slug":"rola-za-upijanje-hidrokarbura","status":"publish","type":"product","link":"https:\/\/stoic-curie.212-227-153-4.plesk.page\/hr\/product\/rola-za-upijanje-hidrokarbura\/","title":{"rendered":"Rola za Upijanje Hidrokarbura"},"content":{"rendered":"<p>Rola za Upijanje Hidrokarbura &#8211; <\/p>\n<p>Jednokratni upijaju\u0107i jastu\u010di\u0107i izra\u0111eni od posebnog materijala koji u\u010dinkovito upija ulje i hidrokarbone, dok ne upija vodu. Svaka rola sadr\u017ei 120 perforiranih listova, svaki veli\u010dine 40&#215;50 cm i debljine 3 mm. Savr\u0161eno za kori\u0161tenje u slu\u010daju ulja, spremnicima motora i pri bilo kakvom izlijevanju goriva ili ulja.<\/p>\n","protected":false},"excerpt":{"rendered":"<p>Rola za Upijanje Hidrokarbura &#8211; Jednokratni upijaju\u0107i jastu\u010di\u0107i izra\u0111eni od posebnog materijala koji u\u010dinkovito upija ulje i hidrokarbone, dok ne<\/p>\n","protected":false},"featured_media":5666034,"comment_status":"open","ping_status":"closed","template":"","meta":[],"product_brand":[3206],"product_cat":[1630],"product_tag":[],"class_list":{"0":"post-5667131","1":"product","2":"type-product","3":"status-publish","4":"has-post-thumbnail","6":"product_brand-nova-argonautica-hr","7":"product_cat-absorbenti-za-ulje-i-gorivo","9":"first","10":"instock","11":"shipping-taxable","12":"purchasable","13":"product-type-simple"},"_links":{"self":[{"href":"https:\/\/stoic-curie.212-227-153-4.plesk.page\/hr\/wp-json\/wp\/v2\/product\/5667131","targetHints":{"allow":["GET"]}}],"collection":[{"href":"https:\/\/stoic-curie.212-227-153-4.plesk.page\/hr\/wp-json\/wp\/v2\/product"}],"about":[{"href":"https:\/\/stoic-curie.212-227-153-4.plesk.page\/hr\/wp-json\/wp\/v2\/types\/product"}],"replies":[{"embeddable":true,"href":"https:\/\/stoic-curie.212-227-153-4.plesk.page\/hr\/wp-json\/wp\/v2\/comments?post=5667131"}],"version-history":[{"count":0,"href":"https:\/\/stoic-curie.212-227-153-4.plesk.page\/hr\/wp-json\/wp\/v2\/product\/5667131\/revisions"}],"wp:featuredmedia":[{"embeddable":true,"href":"https:\/\/stoic-curie.212-227-153-4.plesk.page\/hr\/wp-json\/wp\/v2\/media\/5666034"}],"wp:attachment":[{"href":"https:\/\/stoic-curie.212-227-153-4.plesk.page\/hr\/wp-json\/wp\/v2\/media?parent=5667131"}],"wp:term":[{"taxonomy":"product_brand","embeddable":true,"href":"https:\/\/stoic-curie.212-227-153-4.plesk.page\/hr\/wp-json\/wp\/v2\/product_brand?post=5667131"},{"taxonomy":"product_cat","embeddable":true,"href":"https:\/\/stoic-curie.212-227-153-4.plesk.page\/hr\/wp-json\/wp\/v2\/product_cat?post=5667131"},{"taxonomy":"product_tag","embeddable":true,"href":"https:\/\/stoic-curie.212-227-153-4.plesk.page\/hr\/wp-json\/wp\/v2\/product_tag?post=5667131"}],"curies":[{"name":"wp","href":"https:\/\/api.w.org\/{rel}","templated":true}]}}