{"id":5667132,"date":"2026-02-03T07:47:21","date_gmt":"2026-02-03T06:47:21","guid":{"rendered":"https:\/\/stoic-curie.212-227-153-4.plesk.page\/product\/bilge-alert-alarm-za-visoku-vodu-s-sensorom-spx-34-72303\/"},"modified":"2026-02-25T00:02:19","modified_gmt":"2026-02-25T00:02:19","slug":"bilge-alert-alarm-za-visoku-vodu-s-sensorom-spx-34-72303","status":"publish","type":"product","link":"https:\/\/stoic-curie.212-227-153-4.plesk.page\/hr\/product\/bilge-alert-alarm-za-visoku-vodu-s-sensorom-spx-34-72303\/","title":{"rendered":"Bilge Alert &#8211; Alarm za Visoku Vodu s Sensorom SPX 34-72303"},"content":{"rendered":"<p>Bilge Alert &#8211; Alarm za Visoku Vodu s Sensorom SPX 34-72303 &#8211; <\/p>\n<p>Alarm za detekciju visoke vode Bilge Alert koristi tehnologiju efekta polja za otkrivanje prisutnosti teku\u0107ine. Ovaj detektor je izuzetno pouzdan i izdr\u017eljiv, koriste\u0107i naprednu senzorsku tehnologiju. Alarm od 100 dB aktivira se nakon odgode od 8 sekundi kada do\u0111e u kontakt s vodom.<\/p>\n","protected":false},"excerpt":{"rendered":"<p>Bilge Alert &#8211; Alarm za Visoku Vodu s Sensorom SPX 34-72303 &#8211; Alarm za detekciju visoke vode Bilge Alert koristi<\/p>\n","protected":false},"featured_media":5666039,"comment_status":"open","ping_status":"closed","template":"","meta":[],"product_brand":[3046],"product_cat":[1659],"product_tag":[],"class_list":{"0":"post-5667132","1":"product","2":"type-product","3":"status-publish","4":"has-post-thumbnail","6":"product_brand-johnson-marine-hr","7":"product_cat-elektricne-kaljuzne-pumpe","9":"first","10":"instock","11":"shipping-taxable","12":"purchasable","13":"product-type-simple"},"_links":{"self":[{"href":"https:\/\/stoic-curie.212-227-153-4.plesk.page\/hr\/wp-json\/wp\/v2\/product\/5667132","targetHints":{"allow":["GET"]}}],"collection":[{"href":"https:\/\/stoic-curie.212-227-153-4.plesk.page\/hr\/wp-json\/wp\/v2\/product"}],"about":[{"href":"https:\/\/stoic-curie.212-227-153-4.plesk.page\/hr\/wp-json\/wp\/v2\/types\/product"}],"replies":[{"embeddable":true,"href":"https:\/\/stoic-curie.212-227-153-4.plesk.page\/hr\/wp-json\/wp\/v2\/comments?post=5667132"}],"version-history":[{"count":0,"href":"https:\/\/stoic-curie.212-227-153-4.plesk.page\/hr\/wp-json\/wp\/v2\/product\/5667132\/revisions"}],"wp:featuredmedia":[{"embeddable":true,"href":"https:\/\/stoic-curie.212-227-153-4.plesk.page\/hr\/wp-json\/wp\/v2\/media\/5666039"}],"wp:attachment":[{"href":"https:\/\/stoic-curie.212-227-153-4.plesk.page\/hr\/wp-json\/wp\/v2\/media?parent=5667132"}],"wp:term":[{"taxonomy":"product_brand","embeddable":true,"href":"https:\/\/stoic-curie.212-227-153-4.plesk.page\/hr\/wp-json\/wp\/v2\/product_brand?post=5667132"},{"taxonomy":"product_cat","embeddable":true,"href":"https:\/\/stoic-curie.212-227-153-4.plesk.page\/hr\/wp-json\/wp\/v2\/product_cat?post=5667132"},{"taxonomy":"product_tag","embeddable":true,"href":"https:\/\/stoic-curie.212-227-153-4.plesk.page\/hr\/wp-json\/wp\/v2\/product_tag?post=5667132"}],"curies":[{"name":"wp","href":"https:\/\/api.w.org\/{rel}","templated":true}]}}