{"id":5720416,"date":"2026-02-04T10:04:43","date_gmt":"2026-02-04T09:04:43","guid":{"rendered":"https:\/\/stoic-curie.212-227-153-4.plesk.page\/product\/ocean-macerator-pump-v12\/"},"modified":"2026-02-25T00:01:28","modified_gmt":"2026-02-25T00:01:28","slug":"ocean-macerator-pump-v12","status":"publish","type":"product","link":"https:\/\/stoic-curie.212-227-153-4.plesk.page\/hr\/product\/ocean-macerator-pump-v12\/","title":{"rendered":"Ocean Macerator Pump V12"},"content":{"rendered":"<p>Ocean Macerator Pump V12 &#8211; <\/p>\n<div>\n<div><font><span>Ocean macerator pump s glavom od termooblikovanog polimera idealna je za spremnike i ispiranje WC-a.<\/span><\/font><span>\u00a0Ova pumpa sama se primara do 2 m, omogu\u0107ava vertikalno podizanje do 5 m.<\/span><\/div>\n<p><font><span>Rotiraju\u0107i reza\u010d usitnjava otpad prije nego \u0161to se pumpa u ili iz spremnika za otpad.<\/span><\/font><br \/><font><span>Napomena: Pumpu trebate spojiti \u0161to je bli\u017ee mogu\u0107e izlazu zadr\u017eavnog spremnika.<\/span><\/font><br \/><font><span>Ulaz \u00d8 38 mm \/ Izlaz \u00d8 25 mm.<\/span><\/font><\/div>\n","protected":false},"excerpt":{"rendered":"<p>Ocean Macerator Pump V12 &#8211; Ocean macerator pump s glavom od termooblikovanog polimera idealna je za spremnike i ispiranje WC-a.\u00a0Ova<\/p>\n","protected":false},"featured_media":5718803,"comment_status":"open","ping_status":"closed","template":"","meta":[],"product_brand":[3141],"product_cat":[1672,1675],"product_tag":[],"class_list":{"0":"post-5720416","1":"product","2":"type-product","3":"status-publish","4":"has-post-thumbnail","6":"product_brand-matromarine-hr","7":"product_cat-brodske-pumpe-za-otpadne-vode","8":"product_cat-brodski-wc","10":"first","11":"instock","12":"shipping-taxable","13":"purchasable","14":"product-type-simple"},"_links":{"self":[{"href":"https:\/\/stoic-curie.212-227-153-4.plesk.page\/hr\/wp-json\/wp\/v2\/product\/5720416","targetHints":{"allow":["GET"]}}],"collection":[{"href":"https:\/\/stoic-curie.212-227-153-4.plesk.page\/hr\/wp-json\/wp\/v2\/product"}],"about":[{"href":"https:\/\/stoic-curie.212-227-153-4.plesk.page\/hr\/wp-json\/wp\/v2\/types\/product"}],"replies":[{"embeddable":true,"href":"https:\/\/stoic-curie.212-227-153-4.plesk.page\/hr\/wp-json\/wp\/v2\/comments?post=5720416"}],"version-history":[{"count":0,"href":"https:\/\/stoic-curie.212-227-153-4.plesk.page\/hr\/wp-json\/wp\/v2\/product\/5720416\/revisions"}],"wp:featuredmedia":[{"embeddable":true,"href":"https:\/\/stoic-curie.212-227-153-4.plesk.page\/hr\/wp-json\/wp\/v2\/media\/5718803"}],"wp:attachment":[{"href":"https:\/\/stoic-curie.212-227-153-4.plesk.page\/hr\/wp-json\/wp\/v2\/media?parent=5720416"}],"wp:term":[{"taxonomy":"product_brand","embeddable":true,"href":"https:\/\/stoic-curie.212-227-153-4.plesk.page\/hr\/wp-json\/wp\/v2\/product_brand?post=5720416"},{"taxonomy":"product_cat","embeddable":true,"href":"https:\/\/stoic-curie.212-227-153-4.plesk.page\/hr\/wp-json\/wp\/v2\/product_cat?post=5720416"},{"taxonomy":"product_tag","embeddable":true,"href":"https:\/\/stoic-curie.212-227-153-4.plesk.page\/hr\/wp-json\/wp\/v2\/product_tag?post=5720416"}],"curies":[{"name":"wp","href":"https:\/\/api.w.org\/{rel}","templated":true}]}}