{"id":5720417,"date":"2026-02-04T10:04:44","date_gmt":"2026-02-04T09:04:44","guid":{"rendered":"https:\/\/stoic-curie.212-227-153-4.plesk.page\/product\/ocean-maceratorska-pumpa-v-24\/"},"modified":"2026-02-25T00:01:28","modified_gmt":"2026-02-25T00:01:28","slug":"ocean-maceratorska-pumpa-v-24","status":"publish","type":"product","link":"https:\/\/stoic-curie.212-227-153-4.plesk.page\/hr\/product\/ocean-maceratorska-pumpa-v-24\/","title":{"rendered":"Ocean Maceratorska Pumpa V 24"},"content":{"rendered":"<p>Ocean Maceratorska Pumpa V 24 &#8211; Ocean Maceratorska pumpa s glavom od termosetnog polimera, idealna za spremnike i ispiranje WC-a. Samostalno se primara do 2 metra i ima vertikalnu podiznu sposobnost do 5 metara. Rotacijski rezni ure\u0111aj usitnjava otpad prije nego \u0161to se pumpa u ili iz spremnika. Napomena: Pumpa bi trebala biti spojena \u0161to bli\u017ee izlazu za ispu\u0161tanje spremnika. Promjer ulaza: 38 mm \/ Promjer izlaza: 25 mm.<\/p>\n","protected":false},"excerpt":{"rendered":"<p>Ocean Maceratorska Pumpa V 24 &#8211; Ocean Maceratorska pumpa s glavom od termosetnog polimera, idealna za spremnike i ispiranje WC-a.<\/p>\n","protected":false},"featured_media":5718803,"comment_status":"open","ping_status":"closed","template":"","meta":[],"product_brand":[3141],"product_cat":[1672,1675],"product_tag":[],"class_list":{"0":"post-5720417","1":"product","2":"type-product","3":"status-publish","4":"has-post-thumbnail","6":"product_brand-matromarine-hr","7":"product_cat-brodske-pumpe-za-otpadne-vode","8":"product_cat-brodski-wc","10":"first","11":"instock","12":"shipping-taxable","13":"purchasable","14":"product-type-simple"},"_links":{"self":[{"href":"https:\/\/stoic-curie.212-227-153-4.plesk.page\/hr\/wp-json\/wp\/v2\/product\/5720417","targetHints":{"allow":["GET"]}}],"collection":[{"href":"https:\/\/stoic-curie.212-227-153-4.plesk.page\/hr\/wp-json\/wp\/v2\/product"}],"about":[{"href":"https:\/\/stoic-curie.212-227-153-4.plesk.page\/hr\/wp-json\/wp\/v2\/types\/product"}],"replies":[{"embeddable":true,"href":"https:\/\/stoic-curie.212-227-153-4.plesk.page\/hr\/wp-json\/wp\/v2\/comments?post=5720417"}],"version-history":[{"count":0,"href":"https:\/\/stoic-curie.212-227-153-4.plesk.page\/hr\/wp-json\/wp\/v2\/product\/5720417\/revisions"}],"wp:featuredmedia":[{"embeddable":true,"href":"https:\/\/stoic-curie.212-227-153-4.plesk.page\/hr\/wp-json\/wp\/v2\/media\/5718803"}],"wp:attachment":[{"href":"https:\/\/stoic-curie.212-227-153-4.plesk.page\/hr\/wp-json\/wp\/v2\/media?parent=5720417"}],"wp:term":[{"taxonomy":"product_brand","embeddable":true,"href":"https:\/\/stoic-curie.212-227-153-4.plesk.page\/hr\/wp-json\/wp\/v2\/product_brand?post=5720417"},{"taxonomy":"product_cat","embeddable":true,"href":"https:\/\/stoic-curie.212-227-153-4.plesk.page\/hr\/wp-json\/wp\/v2\/product_cat?post=5720417"},{"taxonomy":"product_tag","embeddable":true,"href":"https:\/\/stoic-curie.212-227-153-4.plesk.page\/hr\/wp-json\/wp\/v2\/product_tag?post=5720417"}],"curies":[{"name":"wp","href":"https:\/\/api.w.org\/{rel}","templated":true}]}}