{"id":5720420,"date":"2026-02-04T10:04:47","date_gmt":"2026-02-04T09:04:47","guid":{"rendered":"https:\/\/stoic-curie.212-227-153-4.plesk.page\/product\/trudesign-kuglasta-ventila-g-1-1-2-navoj\/"},"modified":"2026-02-25T00:01:28","modified_gmt":"2026-02-25T00:01:28","slug":"trudesign-kuglasta-ventila-g-1-1-2-navoj","status":"publish","type":"product","link":"https:\/\/stoic-curie.212-227-153-4.plesk.page\/hr\/product\/trudesign-kuglasta-ventila-g-1-1-2-navoj\/","title":{"rendered":"Trudesign kuglasta ventila g 1 1\/2 navoj (&#8221; )"},"content":{"rendered":"<p>Trudesign kuglasta ventila g 1 1\/2 navoj (&#8221; ) &#8211; <\/p>\n<p>Trudesign kuglasta ventila izra\u0111ena je od kompozita oja\u010danog staklenim vlaknima. Otporna je na kemijsku i galvansku koroziju, habanje i pritisak. Izra\u0111ena od netoksi\u010dnih materijala, u\u010dinkovito radi u temperaturnom rasponu od -40\u00b0C do +110\u00b0C, \u0161to je \u010dini pogodnom za primjene iznad i ispod vodene linije.<\/p>\n","protected":false},"excerpt":{"rendered":"<p>Trudesign kuglasta ventila g 1 1\/2 navoj (&#8221; ) &#8211; Trudesign kuglasta ventila izra\u0111ena je od kompozita oja\u010danog staklenim vlaknima.<\/p>\n","protected":false},"featured_media":5665541,"comment_status":"open","ping_status":"closed","template":"","meta":[],"product_brand":[3206],"product_cat":[1670,1661],"product_tag":[],"class_list":{"0":"post-5720420","1":"product","2":"type-product","3":"status-publish","4":"has-post-thumbnail","6":"product_brand-nova-argonautica-hr","7":"product_cat-brodski-ventili","8":"product_cat-elementi-brodskog-vovovoda-plastika","10":"first","11":"instock","12":"shipping-taxable","13":"purchasable","14":"product-type-simple"},"_links":{"self":[{"href":"https:\/\/stoic-curie.212-227-153-4.plesk.page\/hr\/wp-json\/wp\/v2\/product\/5720420","targetHints":{"allow":["GET"]}}],"collection":[{"href":"https:\/\/stoic-curie.212-227-153-4.plesk.page\/hr\/wp-json\/wp\/v2\/product"}],"about":[{"href":"https:\/\/stoic-curie.212-227-153-4.plesk.page\/hr\/wp-json\/wp\/v2\/types\/product"}],"replies":[{"embeddable":true,"href":"https:\/\/stoic-curie.212-227-153-4.plesk.page\/hr\/wp-json\/wp\/v2\/comments?post=5720420"}],"version-history":[{"count":0,"href":"https:\/\/stoic-curie.212-227-153-4.plesk.page\/hr\/wp-json\/wp\/v2\/product\/5720420\/revisions"}],"wp:featuredmedia":[{"embeddable":true,"href":"https:\/\/stoic-curie.212-227-153-4.plesk.page\/hr\/wp-json\/wp\/v2\/media\/5665541"}],"wp:attachment":[{"href":"https:\/\/stoic-curie.212-227-153-4.plesk.page\/hr\/wp-json\/wp\/v2\/media?parent=5720420"}],"wp:term":[{"taxonomy":"product_brand","embeddable":true,"href":"https:\/\/stoic-curie.212-227-153-4.plesk.page\/hr\/wp-json\/wp\/v2\/product_brand?post=5720420"},{"taxonomy":"product_cat","embeddable":true,"href":"https:\/\/stoic-curie.212-227-153-4.plesk.page\/hr\/wp-json\/wp\/v2\/product_cat?post=5720420"},{"taxonomy":"product_tag","embeddable":true,"href":"https:\/\/stoic-curie.212-227-153-4.plesk.page\/hr\/wp-json\/wp\/v2\/product_tag?post=5720420"}],"curies":[{"name":"wp","href":"https:\/\/api.w.org\/{rel}","templated":true}]}}