{"id":5720437,"date":"2026-02-04T10:05:01","date_gmt":"2026-02-04T09:05:01","guid":{"rendered":"https:\/\/stoic-curie.212-227-153-4.plesk.page\/product\/spx-johnson-aqua-pumpa-za-oksigenaciju-model-800-aqua-flex\/"},"modified":"2026-02-25T00:01:35","modified_gmt":"2026-02-25T00:01:35","slug":"spx-johnson-aqua-pumpa-za-oksigenaciju-model-800-aqua-flex","status":"publish","type":"product","link":"https:\/\/stoic-curie.212-227-153-4.plesk.page\/hr\/product\/spx-johnson-aqua-pumpa-za-oksigenaciju-model-800-aqua-flex\/","title":{"rendered":"SPX Johnson Aqua Pumpa za Oksigenaciju Model 800 Aqua Flex"},"content":{"rendered":"<p>SPX Johnson Aqua Pumpa za Oksigenaciju Model 800 Aqua Flex &#8211; <\/p>\n<p>SPX Johnson Aqua pumpa za oksigenaciju dizajnirana je za akcije koje zahtevaju \u017eivu hranu, nude\u0107i vrhunski kvalitet i dugotrajnost. Ima uklonjivu bazu i glavu za jednostavno \u010di\u0161\u0107enje, i opremljena je vodootpornim kablovskim priklju\u010dkom i Deutsch konektorom, \u0161to omogu\u0107ava brzo isklju\u010denje iz sistema tokom odr\u017eavanja. Ku\u0107i\u0161te od termoplastike sadr\u017ei vodom hla\u0111eni zatvoreni motor i osovinu od nehr\u0111aju\u0107eg \u010delika. Pumpa uklju\u010duje 3\/4&#8243; navojne otvore sa uklju\u010denim priklju\u010dcima. Dimenzije: \u00d880 x H170 mm. Aqua Flex model uklju\u010duje 140 mm kroz-sjedala priklju\u010dak, omogu\u0107uju\u0107i pode\u0161avanje kuta instalacije u bilo kojoj poziciji. Aqua Twinport funkcija omogu\u0107ava kori\u0161tenje istog usisnog priklju\u010dka za dodatnu pumpu, kao \u0161to je pranje palube.<\/p>\n","protected":false},"excerpt":{"rendered":"<p>SPX Johnson Aqua Pumpa za Oksigenaciju Model 800 Aqua Flex &#8211; SPX Johnson Aqua pumpa za oksigenaciju dizajnirana je za<\/p>\n","protected":false},"featured_media":5718843,"comment_status":"open","ping_status":"closed","template":"","meta":[],"product_brand":[3046],"product_cat":[1843],"product_tag":[],"class_list":{"0":"post-5720437","1":"product","2":"type-product","3":"status-publish","4":"has-post-thumbnail","6":"product_brand-johnson-marine-hr","7":"product_cat-oprema-za-ribolov-na-brodu","9":"first","10":"instock","11":"shipping-taxable","12":"purchasable","13":"product-type-simple"},"_links":{"self":[{"href":"https:\/\/stoic-curie.212-227-153-4.plesk.page\/hr\/wp-json\/wp\/v2\/product\/5720437","targetHints":{"allow":["GET"]}}],"collection":[{"href":"https:\/\/stoic-curie.212-227-153-4.plesk.page\/hr\/wp-json\/wp\/v2\/product"}],"about":[{"href":"https:\/\/stoic-curie.212-227-153-4.plesk.page\/hr\/wp-json\/wp\/v2\/types\/product"}],"replies":[{"embeddable":true,"href":"https:\/\/stoic-curie.212-227-153-4.plesk.page\/hr\/wp-json\/wp\/v2\/comments?post=5720437"}],"version-history":[{"count":0,"href":"https:\/\/stoic-curie.212-227-153-4.plesk.page\/hr\/wp-json\/wp\/v2\/product\/5720437\/revisions"}],"wp:featuredmedia":[{"embeddable":true,"href":"https:\/\/stoic-curie.212-227-153-4.plesk.page\/hr\/wp-json\/wp\/v2\/media\/5718843"}],"wp:attachment":[{"href":"https:\/\/stoic-curie.212-227-153-4.plesk.page\/hr\/wp-json\/wp\/v2\/media?parent=5720437"}],"wp:term":[{"taxonomy":"product_brand","embeddable":true,"href":"https:\/\/stoic-curie.212-227-153-4.plesk.page\/hr\/wp-json\/wp\/v2\/product_brand?post=5720437"},{"taxonomy":"product_cat","embeddable":true,"href":"https:\/\/stoic-curie.212-227-153-4.plesk.page\/hr\/wp-json\/wp\/v2\/product_cat?post=5720437"},{"taxonomy":"product_tag","embeddable":true,"href":"https:\/\/stoic-curie.212-227-153-4.plesk.page\/hr\/wp-json\/wp\/v2\/product_tag?post=5720437"}],"curies":[{"name":"wp","href":"https:\/\/api.w.org\/{rel}","templated":true}]}}