{"id":5720438,"date":"2026-02-04T10:05:02","date_gmt":"2026-02-04T09:05:02","guid":{"rendered":"https:\/\/stoic-curie.212-227-153-4.plesk.page\/product\/spx-johnson-aqua-pumpa-za-oksigenaciju-model-500-aqua-twinport\/"},"modified":"2026-02-25T00:01:35","modified_gmt":"2026-02-25T00:01:35","slug":"spx-johnson-aqua-pumpa-za-oksigenaciju-model-500-aqua-twinport","status":"publish","type":"product","link":"https:\/\/stoic-curie.212-227-153-4.plesk.page\/hr\/product\/spx-johnson-aqua-pumpa-za-oksigenaciju-model-500-aqua-twinport\/","title":{"rendered":"SPX Johnson Aqua pumpa za oksigenaciju model 500 Aqua Twinport"},"content":{"rendered":"<p>SPX Johnson Aqua pumpa za oksigenaciju model 500 Aqua Twinport &#8211; <\/p>\n<p>SPX Johnson Aqua pumpa za oksigenaciju dizajnirana je za akvarije s \u017eivim ribama, osiguravaju\u0107i vrhunsku kvalitetu i trajnost. Ima uklonjivu osnovu i glavu za lako \u010di\u0161\u0107enje. Pumpe su opremljene vodootpornom kabelskom spojkom i Deutsch konektorom za brzo isklju\u010divanje iz sustava tijekom odr\u017eavanja. Njena ku\u0107i\u0161te od termoplastike uklju\u010duje vodom hla\u0111eni zape\u010da\u0107eni motor i osovinu od nehr\u0111aju\u0107eg \u010delika. Pumpa ima 3\/4&#8243; navojne ulaze, a priklju\u010dci su uklju\u010deni. Dimenzije pumpe su \u00d880 x H170 mm. Aqua Flex dolazi s priklju\u010dkom od 140 mm za prolaz kroz trup, omogu\u0107uju\u0107i pode\u0161avanje kuta instalacije u bilo kojem polo\u017eaju. Aqua Twinport omogu\u0107uje kori\u0161tenje istog usisnika za dodatnu pumpu, kao \u0161to je pranje palube.<\/p>\n","protected":false},"excerpt":{"rendered":"<p>SPX Johnson Aqua pumpa za oksigenaciju model 500 Aqua Twinport &#8211; SPX Johnson Aqua pumpa za oksigenaciju dizajnirana je za<\/p>\n","protected":false},"featured_media":5718843,"comment_status":"open","ping_status":"closed","template":"","meta":[],"product_brand":[3046],"product_cat":[1843],"product_tag":[],"class_list":{"0":"post-5720438","1":"product","2":"type-product","3":"status-publish","4":"has-post-thumbnail","6":"product_brand-johnson-marine-hr","7":"product_cat-oprema-za-ribolov-na-brodu","9":"first","10":"instock","11":"shipping-taxable","12":"purchasable","13":"product-type-simple"},"_links":{"self":[{"href":"https:\/\/stoic-curie.212-227-153-4.plesk.page\/hr\/wp-json\/wp\/v2\/product\/5720438","targetHints":{"allow":["GET"]}}],"collection":[{"href":"https:\/\/stoic-curie.212-227-153-4.plesk.page\/hr\/wp-json\/wp\/v2\/product"}],"about":[{"href":"https:\/\/stoic-curie.212-227-153-4.plesk.page\/hr\/wp-json\/wp\/v2\/types\/product"}],"replies":[{"embeddable":true,"href":"https:\/\/stoic-curie.212-227-153-4.plesk.page\/hr\/wp-json\/wp\/v2\/comments?post=5720438"}],"version-history":[{"count":0,"href":"https:\/\/stoic-curie.212-227-153-4.plesk.page\/hr\/wp-json\/wp\/v2\/product\/5720438\/revisions"}],"wp:featuredmedia":[{"embeddable":true,"href":"https:\/\/stoic-curie.212-227-153-4.plesk.page\/hr\/wp-json\/wp\/v2\/media\/5718843"}],"wp:attachment":[{"href":"https:\/\/stoic-curie.212-227-153-4.plesk.page\/hr\/wp-json\/wp\/v2\/media?parent=5720438"}],"wp:term":[{"taxonomy":"product_brand","embeddable":true,"href":"https:\/\/stoic-curie.212-227-153-4.plesk.page\/hr\/wp-json\/wp\/v2\/product_brand?post=5720438"},{"taxonomy":"product_cat","embeddable":true,"href":"https:\/\/stoic-curie.212-227-153-4.plesk.page\/hr\/wp-json\/wp\/v2\/product_cat?post=5720438"},{"taxonomy":"product_tag","embeddable":true,"href":"https:\/\/stoic-curie.212-227-153-4.plesk.page\/hr\/wp-json\/wp\/v2\/product_tag?post=5720438"}],"curies":[{"name":"wp","href":"https:\/\/api.w.org\/{rel}","templated":true}]}}