{"id":5720439,"date":"2026-02-04T10:05:03","date_gmt":"2026-02-04T09:05:03","guid":{"rendered":"https:\/\/stoic-curie.212-227-153-4.plesk.page\/product\/spx-johnson-aqua-pumpa-za-oksigen-model-800-aqua-twinport\/"},"modified":"2026-02-25T00:01:35","modified_gmt":"2026-02-25T00:01:35","slug":"spx-johnson-aqua-pumpa-za-oksigen-model-800-aqua-twinport","status":"publish","type":"product","link":"https:\/\/stoic-curie.212-227-153-4.plesk.page\/hr\/product\/spx-johnson-aqua-pumpa-za-oksigen-model-800-aqua-twinport\/","title":{"rendered":"SPX Johnson Aqua Pumpa za Oksigen Model 800 Aqua Twinport"},"content":{"rendered":"<p>SPX Johnson Aqua Pumpa za Oksigen Model 800 Aqua Twinport &#8211; <\/p>\n<p>SPX Johnson Aqua pumpa za oksigen je dizajnirana za \u017eivahne vode, nude\u0107i izvanrednu kvalitetu i trajnost. Njena uklonjena baza i glava olak\u0161avaju \u010di\u0161\u0107enje. Pumpa je opremljena vodootpornim kabelskim koritom i Deutsch priklju\u010dkom za brzu odvojivost sustava tijekom odr\u017eavanja. Ku\u0107i\u0161te izra\u0111eno od termostatskog materijala s vodom hla\u0111enim zatvorenim motorom i osovinom od nehr\u0111aju\u0107eg \u010delika. Uklju\u010duje 3\/4&#8243; priklju\u010dke s fittingom. Dimenzije: \u00d880 x H170 mm. Aqua Flex ima 140 mm priklju\u010dak, koji omogu\u0107uje pode\u0161avanje kuta instalacije u bilo kojem polo\u017eaju. Aqua Twinport omogu\u0107uje kori\u0161tenje istog usisnika za dodatnu pumpu, poput pranja palube.<\/p>\n","protected":false},"excerpt":{"rendered":"<p>SPX Johnson Aqua Pumpa za Oksigen Model 800 Aqua Twinport &#8211; SPX Johnson Aqua pumpa za oksigen je dizajnirana za<\/p>\n","protected":false},"featured_media":5718843,"comment_status":"open","ping_status":"closed","template":"","meta":[],"product_brand":[3046],"product_cat":[1843],"product_tag":[],"class_list":{"0":"post-5720439","1":"product","2":"type-product","3":"status-publish","4":"has-post-thumbnail","6":"product_brand-johnson-marine-hr","7":"product_cat-oprema-za-ribolov-na-brodu","9":"first","10":"instock","11":"shipping-taxable","12":"purchasable","13":"product-type-simple"},"_links":{"self":[{"href":"https:\/\/stoic-curie.212-227-153-4.plesk.page\/hr\/wp-json\/wp\/v2\/product\/5720439","targetHints":{"allow":["GET"]}}],"collection":[{"href":"https:\/\/stoic-curie.212-227-153-4.plesk.page\/hr\/wp-json\/wp\/v2\/product"}],"about":[{"href":"https:\/\/stoic-curie.212-227-153-4.plesk.page\/hr\/wp-json\/wp\/v2\/types\/product"}],"replies":[{"embeddable":true,"href":"https:\/\/stoic-curie.212-227-153-4.plesk.page\/hr\/wp-json\/wp\/v2\/comments?post=5720439"}],"version-history":[{"count":0,"href":"https:\/\/stoic-curie.212-227-153-4.plesk.page\/hr\/wp-json\/wp\/v2\/product\/5720439\/revisions"}],"wp:featuredmedia":[{"embeddable":true,"href":"https:\/\/stoic-curie.212-227-153-4.plesk.page\/hr\/wp-json\/wp\/v2\/media\/5718843"}],"wp:attachment":[{"href":"https:\/\/stoic-curie.212-227-153-4.plesk.page\/hr\/wp-json\/wp\/v2\/media?parent=5720439"}],"wp:term":[{"taxonomy":"product_brand","embeddable":true,"href":"https:\/\/stoic-curie.212-227-153-4.plesk.page\/hr\/wp-json\/wp\/v2\/product_brand?post=5720439"},{"taxonomy":"product_cat","embeddable":true,"href":"https:\/\/stoic-curie.212-227-153-4.plesk.page\/hr\/wp-json\/wp\/v2\/product_cat?post=5720439"},{"taxonomy":"product_tag","embeddable":true,"href":"https:\/\/stoic-curie.212-227-153-4.plesk.page\/hr\/wp-json\/wp\/v2\/product_tag?post=5720439"}],"curies":[{"name":"wp","href":"https:\/\/api.w.org\/{rel}","templated":true}]}}