{"id":5720443,"date":"2026-02-04T10:05:07","date_gmt":"2026-02-04T09:05:07","guid":{"rendered":"https:\/\/stoic-curie.212-227-153-4.plesk.page\/product\/k-tool-punjac-baterija-v12\/"},"modified":"2026-02-25T00:01:35","modified_gmt":"2026-02-25T00:01:35","slug":"k-tool-punjac-baterija-v12","status":"publish","type":"product","link":"https:\/\/stoic-curie.212-227-153-4.plesk.page\/hr\/product\/k-tool-punjac-baterija-v12\/","title":{"rendered":"K-tool Punja\u010d Baterija V12"},"content":{"rendered":"<p>K-tool Punja\u010d Baterija V12 &#8211; Ovaj visoko u\u010dinkoviti punja\u010d baterija ima maksimalnu struju od 3,6A. S kompaktnim dimenzijama od 160 x 80 x 41 mm i te\u017einom od samo 40 g, savr\u0161eno je rje\u0161enje za u\u010dinkovito punjenje.<\/p>\n","protected":false},"excerpt":{"rendered":"<p>K-tool Punja\u010d Baterija V12 &#8211; Ovaj visoko u\u010dinkoviti punja\u010d baterija ima maksimalnu struju od 3,6A. S kompaktnim dimenzijama od 160<\/p>\n","protected":false},"featured_media":5718876,"comment_status":"open","ping_status":"closed","template":"","meta":[],"product_brand":[2831],"product_cat":[1737],"product_tag":[],"class_list":{"0":"post-5720443","1":"product","2":"type-product","3":"status-publish","4":"has-post-thumbnail","6":"product_brand-blue-sea-systems-hr","7":"product_cat-punjaci-baterija","9":"first","10":"instock","11":"shipping-taxable","12":"purchasable","13":"product-type-simple"},"_links":{"self":[{"href":"https:\/\/stoic-curie.212-227-153-4.plesk.page\/hr\/wp-json\/wp\/v2\/product\/5720443","targetHints":{"allow":["GET"]}}],"collection":[{"href":"https:\/\/stoic-curie.212-227-153-4.plesk.page\/hr\/wp-json\/wp\/v2\/product"}],"about":[{"href":"https:\/\/stoic-curie.212-227-153-4.plesk.page\/hr\/wp-json\/wp\/v2\/types\/product"}],"replies":[{"embeddable":true,"href":"https:\/\/stoic-curie.212-227-153-4.plesk.page\/hr\/wp-json\/wp\/v2\/comments?post=5720443"}],"version-history":[{"count":0,"href":"https:\/\/stoic-curie.212-227-153-4.plesk.page\/hr\/wp-json\/wp\/v2\/product\/5720443\/revisions"}],"wp:featuredmedia":[{"embeddable":true,"href":"https:\/\/stoic-curie.212-227-153-4.plesk.page\/hr\/wp-json\/wp\/v2\/media\/5718876"}],"wp:attachment":[{"href":"https:\/\/stoic-curie.212-227-153-4.plesk.page\/hr\/wp-json\/wp\/v2\/media?parent=5720443"}],"wp:term":[{"taxonomy":"product_brand","embeddable":true,"href":"https:\/\/stoic-curie.212-227-153-4.plesk.page\/hr\/wp-json\/wp\/v2\/product_brand?post=5720443"},{"taxonomy":"product_cat","embeddable":true,"href":"https:\/\/stoic-curie.212-227-153-4.plesk.page\/hr\/wp-json\/wp\/v2\/product_cat?post=5720443"},{"taxonomy":"product_tag","embeddable":true,"href":"https:\/\/stoic-curie.212-227-153-4.plesk.page\/hr\/wp-json\/wp\/v2\/product_tag?post=5720443"}],"curies":[{"name":"wp","href":"https:\/\/api.w.org\/{rel}","templated":true}]}}