{"id":5720444,"date":"2026-02-04T10:05:08","date_gmt":"2026-02-04T09:05:08","guid":{"rendered":"https:\/\/stoic-curie.212-227-153-4.plesk.page\/product\/elektronska-kutija-za-baterije-100ah\/"},"modified":"2026-02-25T00:01:35","modified_gmt":"2026-02-25T00:01:35","slug":"elektronska-kutija-za-baterije-100ah","status":"publish","type":"product","link":"https:\/\/stoic-curie.212-227-153-4.plesk.page\/hr\/product\/elektronska-kutija-za-baterije-100ah\/","title":{"rendered":"Elektronska kutija za baterije 100Ah"},"content":{"rendered":"<p>Elektronska kutija za baterije 100Ah &#8211; <\/p>\n<p>Elektronska kutija za baterije dizajnirana je za 12V baterije kapaciteta do 100Ah. Ima display voltmetra, prekida\u010d za bateriju, Anderson konektore, dvostruki USB priklju\u010dak, automatski resetabilni osigura\u010d od 10A, 12V uti\u010dnicu i sigurnosni remen.<\/p>\n","protected":false},"excerpt":{"rendered":"<p>Elektronska kutija za baterije 100Ah &#8211; Elektronska kutija za baterije dizajnirana je za 12V baterije kapaciteta do 100Ah. Ima display<\/p>\n","protected":false},"featured_media":5718878,"comment_status":"open","ping_status":"closed","template":"","meta":[],"product_brand":[3206],"product_cat":[1729],"product_tag":[],"class_list":{"0":"post-5720444","1":"product","2":"type-product","3":"status-publish","4":"has-post-thumbnail","6":"product_brand-nova-argonautica-hr","7":"product_cat-baterije","9":"first","10":"instock","11":"shipping-taxable","12":"purchasable","13":"product-type-simple"},"_links":{"self":[{"href":"https:\/\/stoic-curie.212-227-153-4.plesk.page\/hr\/wp-json\/wp\/v2\/product\/5720444","targetHints":{"allow":["GET"]}}],"collection":[{"href":"https:\/\/stoic-curie.212-227-153-4.plesk.page\/hr\/wp-json\/wp\/v2\/product"}],"about":[{"href":"https:\/\/stoic-curie.212-227-153-4.plesk.page\/hr\/wp-json\/wp\/v2\/types\/product"}],"replies":[{"embeddable":true,"href":"https:\/\/stoic-curie.212-227-153-4.plesk.page\/hr\/wp-json\/wp\/v2\/comments?post=5720444"}],"version-history":[{"count":0,"href":"https:\/\/stoic-curie.212-227-153-4.plesk.page\/hr\/wp-json\/wp\/v2\/product\/5720444\/revisions"}],"wp:featuredmedia":[{"embeddable":true,"href":"https:\/\/stoic-curie.212-227-153-4.plesk.page\/hr\/wp-json\/wp\/v2\/media\/5718878"}],"wp:attachment":[{"href":"https:\/\/stoic-curie.212-227-153-4.plesk.page\/hr\/wp-json\/wp\/v2\/media?parent=5720444"}],"wp:term":[{"taxonomy":"product_brand","embeddable":true,"href":"https:\/\/stoic-curie.212-227-153-4.plesk.page\/hr\/wp-json\/wp\/v2\/product_brand?post=5720444"},{"taxonomy":"product_cat","embeddable":true,"href":"https:\/\/stoic-curie.212-227-153-4.plesk.page\/hr\/wp-json\/wp\/v2\/product_cat?post=5720444"},{"taxonomy":"product_tag","embeddable":true,"href":"https:\/\/stoic-curie.212-227-153-4.plesk.page\/hr\/wp-json\/wp\/v2\/product_tag?post=5720444"}],"curies":[{"name":"wp","href":"https:\/\/api.w.org\/{rel}","templated":true}]}}