{"id":5720446,"date":"2026-02-04T10:05:09","date_gmt":"2026-02-04T09:05:09","guid":{"rendered":"https:\/\/stoic-curie.212-227-153-4.plesk.page\/product\/aluminijski-karbonski-panel-s-nehrdajucim-tipkama-i-tipkama-osiguraca-6d-dimenzije-95-x-178-mm\/"},"modified":"2026-02-25T00:01:35","modified_gmt":"2026-02-25T00:01:35","slug":"aluminijski-karbonski-panel-s-nehrdajucim-tipkama-i-tipkama-osiguraca-6d-dimenzije-95-x-178-mm","status":"publish","type":"product","link":"https:\/\/stoic-curie.212-227-153-4.plesk.page\/hr\/product\/aluminijski-karbonski-panel-s-nehrdajucim-tipkama-i-tipkama-osiguraca-6d-dimenzije-95-x-178-mm\/","title":{"rendered":"Aluminijski Karbonski Panel s Nehr\u0111aju\u0107im Tipkama i Tipkama Osigura\u010da 6D &#8211; Dimenzije: 95 x 178 mm"},"content":{"rendered":"<p>Aluminijski Karbonski Panel s Nehr\u0111aju\u0107im Tipkama i Tipkama Osigura\u010da 6D &#8211; Dimenzije: 95 x 178 mm &#8211; <\/p>\n<p>IP65 Vodootporni aluminijski panel s tipkama od nehr\u0111aju\u0107eg \u010delika D19 mm 12\/24V-15A, plavom LED svjetlom i automatskim ponovo umetnutim osigura\u010dima. Dolazi kompletan s vijcima za monta\u017eu i setom oznaka.<\/p>\n","protected":false},"excerpt":{"rendered":"<p>Aluminijski Karbonski Panel s Nehr\u0111aju\u0107im Tipkama i Tipkama Osigura\u010da 6D &#8211; Dimenzije: 95 x 178 mm &#8211; IP65 Vodootporni aluminijski<\/p>\n","protected":false},"featured_media":5718883,"comment_status":"open","ping_status":"closed","template":"","meta":[],"product_brand":[2831],"product_cat":[1746],"product_tag":[],"class_list":{"0":"post-5720446","1":"product","2":"type-product","3":"status-publish","4":"has-post-thumbnail","6":"product_brand-blue-sea-systems-hr","7":"product_cat-elektricne-ploce-prekidaca","9":"first","10":"instock","11":"shipping-taxable","12":"purchasable","13":"product-type-simple"},"_links":{"self":[{"href":"https:\/\/stoic-curie.212-227-153-4.plesk.page\/hr\/wp-json\/wp\/v2\/product\/5720446","targetHints":{"allow":["GET"]}}],"collection":[{"href":"https:\/\/stoic-curie.212-227-153-4.plesk.page\/hr\/wp-json\/wp\/v2\/product"}],"about":[{"href":"https:\/\/stoic-curie.212-227-153-4.plesk.page\/hr\/wp-json\/wp\/v2\/types\/product"}],"replies":[{"embeddable":true,"href":"https:\/\/stoic-curie.212-227-153-4.plesk.page\/hr\/wp-json\/wp\/v2\/comments?post=5720446"}],"version-history":[{"count":0,"href":"https:\/\/stoic-curie.212-227-153-4.plesk.page\/hr\/wp-json\/wp\/v2\/product\/5720446\/revisions"}],"wp:featuredmedia":[{"embeddable":true,"href":"https:\/\/stoic-curie.212-227-153-4.plesk.page\/hr\/wp-json\/wp\/v2\/media\/5718883"}],"wp:attachment":[{"href":"https:\/\/stoic-curie.212-227-153-4.plesk.page\/hr\/wp-json\/wp\/v2\/media?parent=5720446"}],"wp:term":[{"taxonomy":"product_brand","embeddable":true,"href":"https:\/\/stoic-curie.212-227-153-4.plesk.page\/hr\/wp-json\/wp\/v2\/product_brand?post=5720446"},{"taxonomy":"product_cat","embeddable":true,"href":"https:\/\/stoic-curie.212-227-153-4.plesk.page\/hr\/wp-json\/wp\/v2\/product_cat?post=5720446"},{"taxonomy":"product_tag","embeddable":true,"href":"https:\/\/stoic-curie.212-227-153-4.plesk.page\/hr\/wp-json\/wp\/v2\/product_tag?post=5720446"}],"curies":[{"name":"wp","href":"https:\/\/api.w.org\/{rel}","templated":true}]}}