{"id":5720448,"date":"2026-02-04T10:05:11","date_gmt":"2026-02-04T09:05:11","guid":{"rendered":"https:\/\/stoic-curie.212-227-153-4.plesk.page\/product\/panel-od-nehrdajuceg-celika-s-tipkama-od-nehrdajuceg-celika-6-dimenzija-80-x-110-mm\/"},"modified":"2026-02-25T00:01:35","modified_gmt":"2026-02-25T00:01:35","slug":"panel-od-nehrdajuceg-celika-s-tipkama-od-nehrdajuceg-celika-6-dimenzija-80-x-110-mm","status":"publish","type":"product","link":"https:\/\/stoic-curie.212-227-153-4.plesk.page\/hr\/product\/panel-od-nehrdajuceg-celika-s-tipkama-od-nehrdajuceg-celika-6-dimenzija-80-x-110-mm\/","title":{"rendered":"Panel od Nehr\u0111aju\u0107eg \u010celika s Tipkama od Nehr\u0111aju\u0107eg \u010celika 6 Dimenzija 80 x 110 mm"},"content":{"rendered":"<p>Panel od Nehr\u0111aju\u0107eg \u010celika s Tipkama od Nehr\u0111aju\u0107eg \u010celika 6 Dimenzija 80 x 110 mm &#8211; <\/p>\n<p>IP65 vodootporni panel od nehr\u0111aju\u0107eg \u010delika s \u010deli\u010dnim tipkama D19 mm 12\/24V-15A sa plavim LED svjetlom. U kompletu sa vijcima za monta\u017eu i setom oznaka.<\/p>\n","protected":false},"excerpt":{"rendered":"<p>Panel od Nehr\u0111aju\u0107eg \u010celika s Tipkama od Nehr\u0111aju\u0107eg \u010celika 6 Dimenzija 80 x 110 mm &#8211; IP65 vodootporni panel od<\/p>\n","protected":false},"featured_media":5718898,"comment_status":"open","ping_status":"closed","template":"","meta":[],"product_brand":[2831],"product_cat":[1746],"product_tag":[],"class_list":{"0":"post-5720448","1":"product","2":"type-product","3":"status-publish","4":"has-post-thumbnail","6":"product_brand-blue-sea-systems-hr","7":"product_cat-elektricne-ploce-prekidaca","9":"first","10":"instock","11":"shipping-taxable","12":"purchasable","13":"product-type-simple"},"_links":{"self":[{"href":"https:\/\/stoic-curie.212-227-153-4.plesk.page\/hr\/wp-json\/wp\/v2\/product\/5720448","targetHints":{"allow":["GET"]}}],"collection":[{"href":"https:\/\/stoic-curie.212-227-153-4.plesk.page\/hr\/wp-json\/wp\/v2\/product"}],"about":[{"href":"https:\/\/stoic-curie.212-227-153-4.plesk.page\/hr\/wp-json\/wp\/v2\/types\/product"}],"replies":[{"embeddable":true,"href":"https:\/\/stoic-curie.212-227-153-4.plesk.page\/hr\/wp-json\/wp\/v2\/comments?post=5720448"}],"version-history":[{"count":0,"href":"https:\/\/stoic-curie.212-227-153-4.plesk.page\/hr\/wp-json\/wp\/v2\/product\/5720448\/revisions"}],"wp:featuredmedia":[{"embeddable":true,"href":"https:\/\/stoic-curie.212-227-153-4.plesk.page\/hr\/wp-json\/wp\/v2\/media\/5718898"}],"wp:attachment":[{"href":"https:\/\/stoic-curie.212-227-153-4.plesk.page\/hr\/wp-json\/wp\/v2\/media?parent=5720448"}],"wp:term":[{"taxonomy":"product_brand","embeddable":true,"href":"https:\/\/stoic-curie.212-227-153-4.plesk.page\/hr\/wp-json\/wp\/v2\/product_brand?post=5720448"},{"taxonomy":"product_cat","embeddable":true,"href":"https:\/\/stoic-curie.212-227-153-4.plesk.page\/hr\/wp-json\/wp\/v2\/product_cat?post=5720448"},{"taxonomy":"product_tag","embeddable":true,"href":"https:\/\/stoic-curie.212-227-153-4.plesk.page\/hr\/wp-json\/wp\/v2\/product_tag?post=5720448"}],"curies":[{"name":"wp","href":"https:\/\/api.w.org\/{rel}","templated":true}]}}