{"id":5720449,"date":"2026-02-04T10:05:12","date_gmt":"2026-02-04T09:05:12","guid":{"rendered":"https:\/\/stoic-curie.212-227-153-4.plesk.page\/product\/mikroswitch-dodirni-panel-prekidaci-4-dim-150-x-90-mm\/"},"modified":"2026-02-25T00:01:35","modified_gmt":"2026-02-25T00:01:35","slug":"mikroswitch-dodirni-panel-prekidaci-4-dim-150-x-90-mm","status":"publish","type":"product","link":"https:\/\/stoic-curie.212-227-153-4.plesk.page\/hr\/product\/mikroswitch-dodirni-panel-prekidaci-4-dim-150-x-90-mm\/","title":{"rendered":"Mikroswitch dodirni panel prekida\u010di 4 Dim 150 x 90 mm"},"content":{"rendered":"<p>Mikroswitch dodirni panel prekida\u010di 4 Dim 150 x 90 mm &#8211; <\/p>\n<p>Vodootporni IP67 panel s 12\/24V-10A dodirnim mikroswitch prekida\u010dima, integriranom LED rasvjetom i automatskim ponovno resetivim osigura\u010dima. Uklju\u010duje vijke i set oznaka.<\/p>\n","protected":false},"excerpt":{"rendered":"<p>Mikroswitch dodirni panel prekida\u010di 4 Dim 150 x 90 mm &#8211; Vodootporni IP67 panel s 12\/24V-10A dodirnim mikroswitch prekida\u010dima, integriranom<\/p>\n","protected":false},"featured_media":5718906,"comment_status":"open","ping_status":"closed","template":"","meta":[],"product_brand":[2831],"product_cat":[1746],"product_tag":[],"class_list":{"0":"post-5720449","1":"product","2":"type-product","3":"status-publish","4":"has-post-thumbnail","6":"product_brand-blue-sea-systems-hr","7":"product_cat-elektricne-ploce-prekidaca","9":"first","10":"instock","11":"shipping-taxable","12":"purchasable","13":"product-type-simple"},"_links":{"self":[{"href":"https:\/\/stoic-curie.212-227-153-4.plesk.page\/hr\/wp-json\/wp\/v2\/product\/5720449","targetHints":{"allow":["GET"]}}],"collection":[{"href":"https:\/\/stoic-curie.212-227-153-4.plesk.page\/hr\/wp-json\/wp\/v2\/product"}],"about":[{"href":"https:\/\/stoic-curie.212-227-153-4.plesk.page\/hr\/wp-json\/wp\/v2\/types\/product"}],"replies":[{"embeddable":true,"href":"https:\/\/stoic-curie.212-227-153-4.plesk.page\/hr\/wp-json\/wp\/v2\/comments?post=5720449"}],"version-history":[{"count":0,"href":"https:\/\/stoic-curie.212-227-153-4.plesk.page\/hr\/wp-json\/wp\/v2\/product\/5720449\/revisions"}],"wp:featuredmedia":[{"embeddable":true,"href":"https:\/\/stoic-curie.212-227-153-4.plesk.page\/hr\/wp-json\/wp\/v2\/media\/5718906"}],"wp:attachment":[{"href":"https:\/\/stoic-curie.212-227-153-4.plesk.page\/hr\/wp-json\/wp\/v2\/media?parent=5720449"}],"wp:term":[{"taxonomy":"product_brand","embeddable":true,"href":"https:\/\/stoic-curie.212-227-153-4.plesk.page\/hr\/wp-json\/wp\/v2\/product_brand?post=5720449"},{"taxonomy":"product_cat","embeddable":true,"href":"https:\/\/stoic-curie.212-227-153-4.plesk.page\/hr\/wp-json\/wp\/v2\/product_cat?post=5720449"},{"taxonomy":"product_tag","embeddable":true,"href":"https:\/\/stoic-curie.212-227-153-4.plesk.page\/hr\/wp-json\/wp\/v2\/product_tag?post=5720449"}],"curies":[{"name":"wp","href":"https:\/\/api.w.org\/{rel}","templated":true}]}}