{"id":5720450,"date":"2026-02-04T10:05:12","date_gmt":"2026-02-04T09:05:12","guid":{"rendered":"https:\/\/stoic-curie.212-227-153-4.plesk.page\/product\/aluminijski-crni-panel-s-kliznim-prekidacima-i-skidacima-6-3x5a-2x10a-1x15a-dimenzije-191-x-115-mm\/"},"modified":"2026-02-25T00:01:35","modified_gmt":"2026-02-25T00:01:35","slug":"aluminijski-crni-panel-s-kliznim-prekidacima-i-skidacima-6-3x5a-2x10a-1x15a-dimenzije-191-x-115-mm","status":"publish","type":"product","link":"https:\/\/stoic-curie.212-227-153-4.plesk.page\/hr\/product\/aluminijski-crni-panel-s-kliznim-prekidacima-i-skidacima-6-3x5a-2x10a-1x15a-dimenzije-191-x-115-mm\/","title":{"rendered":"Aluminijski Crni Panel s Kliznim Prekida\u010dima i Skida\u010dima (6: 3x5A \/ 2x10A \/ 1x15A) &#8211; Dimenzije: 191 x 115 mm"},"content":{"rendered":"<p>Aluminijski Crni Panel s Kliznim Prekida\u010dima i Skida\u010dima (6: 3x5A \/ 2x10A \/ 1x15A) &#8211; Dimenzije: 191 x 115 mm &#8211; <\/p>\n<p>IP65 vodootporni aluminijski panel s 12\/24V Carling veli\u010dine prekida\u010dima, opremljen LED svjetlima i automatskim resetabilnim skida\u010dima. Dolazi s vijkovima za monta\u017eu i setom oznaka.<\/p>\n","protected":false},"excerpt":{"rendered":"<p>Aluminijski Crni Panel s Kliznim Prekida\u010dima i Skida\u010dima (6: 3x5A \/ 2x10A \/ 1x15A) &#8211; Dimenzije: 191 x 115 mm<\/p>\n","protected":false},"featured_media":5718914,"comment_status":"open","ping_status":"closed","template":"","meta":[],"product_brand":[2831],"product_cat":[1746],"product_tag":[],"class_list":{"0":"post-5720450","1":"product","2":"type-product","3":"status-publish","4":"has-post-thumbnail","6":"product_brand-blue-sea-systems-hr","7":"product_cat-elektricne-ploce-prekidaca","9":"first","10":"instock","11":"shipping-taxable","12":"purchasable","13":"product-type-simple"},"_links":{"self":[{"href":"https:\/\/stoic-curie.212-227-153-4.plesk.page\/hr\/wp-json\/wp\/v2\/product\/5720450","targetHints":{"allow":["GET"]}}],"collection":[{"href":"https:\/\/stoic-curie.212-227-153-4.plesk.page\/hr\/wp-json\/wp\/v2\/product"}],"about":[{"href":"https:\/\/stoic-curie.212-227-153-4.plesk.page\/hr\/wp-json\/wp\/v2\/types\/product"}],"replies":[{"embeddable":true,"href":"https:\/\/stoic-curie.212-227-153-4.plesk.page\/hr\/wp-json\/wp\/v2\/comments?post=5720450"}],"version-history":[{"count":0,"href":"https:\/\/stoic-curie.212-227-153-4.plesk.page\/hr\/wp-json\/wp\/v2\/product\/5720450\/revisions"}],"wp:featuredmedia":[{"embeddable":true,"href":"https:\/\/stoic-curie.212-227-153-4.plesk.page\/hr\/wp-json\/wp\/v2\/media\/5718914"}],"wp:attachment":[{"href":"https:\/\/stoic-curie.212-227-153-4.plesk.page\/hr\/wp-json\/wp\/v2\/media?parent=5720450"}],"wp:term":[{"taxonomy":"product_brand","embeddable":true,"href":"https:\/\/stoic-curie.212-227-153-4.plesk.page\/hr\/wp-json\/wp\/v2\/product_brand?post=5720450"},{"taxonomy":"product_cat","embeddable":true,"href":"https:\/\/stoic-curie.212-227-153-4.plesk.page\/hr\/wp-json\/wp\/v2\/product_cat?post=5720450"},{"taxonomy":"product_tag","embeddable":true,"href":"https:\/\/stoic-curie.212-227-153-4.plesk.page\/hr\/wp-json\/wp\/v2\/product_tag?post=5720450"}],"curies":[{"name":"wp","href":"https:\/\/api.w.org\/{rel}","templated":true}]}}