{"id":5720455,"date":"2026-02-04T10:05:17","date_gmt":"2026-02-04T09:05:17","guid":{"rendered":"https:\/\/stoic-curie.212-227-153-4.plesk.page\/product\/aluminijski-bijeli-panel-sa-prekidacima-i-automatskim-osiguracima-8-ukupno-4x5a-2x10a-2x15a-dimenzije-240-x-115-mm\/"},"modified":"2026-02-25T00:01:35","modified_gmt":"2026-02-25T00:01:35","slug":"aluminijski-bijeli-panel-sa-prekidacima-i-automatskim-osiguracima-8-ukupno-4x5a-2x10a-2x15a-dimenzije-240-x-115-mm","status":"publish","type":"product","link":"https:\/\/stoic-curie.212-227-153-4.plesk.page\/hr\/product\/aluminijski-bijeli-panel-sa-prekidacima-i-automatskim-osiguracima-8-ukupno-4x5a-2x10a-2x15a-dimenzije-240-x-115-mm\/","title":{"rendered":"Aluminijski Bijeli Panel sa Prekida\u010dima i Automatskim Osigura\u010dima (8 Ukupno: 4x5A \/ 2x10A \/ 2x15A), Dimenzije: 240 x 115 mm"},"content":{"rendered":"<p>Aluminijski Bijeli Panel sa Prekida\u010dima i Automatskim Osigura\u010dima (8 Ukupno: 4x5A \/ 2x10A \/ 2x15A), Dimenzije: 240 x 115 mm &#8211; <\/p>\n<p>IP65 vodootporni aluminijski panel s 12\/24V Carling veli\u010dinskim prekida\u010dima s LED svjetlom i automatskim ponovo resetiraju\u0107im osigura\u010dima. Dolazi s kompletnim setom monta\u017enih vijaka i oznakama.<\/p>\n","protected":false},"excerpt":{"rendered":"<p>Aluminijski Bijeli Panel sa Prekida\u010dima i Automatskim Osigura\u010dima (8 Ukupno: 4x5A \/ 2x10A \/ 2x15A), Dimenzije: 240 x 115 mm<\/p>\n","protected":false},"featured_media":5718966,"comment_status":"open","ping_status":"closed","template":"","meta":[],"product_brand":[2831],"product_cat":[1746],"product_tag":[],"class_list":{"0":"post-5720455","1":"product","2":"type-product","3":"status-publish","4":"has-post-thumbnail","6":"product_brand-blue-sea-systems-hr","7":"product_cat-elektricne-ploce-prekidaca","9":"first","10":"instock","11":"shipping-taxable","12":"purchasable","13":"product-type-simple"},"_links":{"self":[{"href":"https:\/\/stoic-curie.212-227-153-4.plesk.page\/hr\/wp-json\/wp\/v2\/product\/5720455","targetHints":{"allow":["GET"]}}],"collection":[{"href":"https:\/\/stoic-curie.212-227-153-4.plesk.page\/hr\/wp-json\/wp\/v2\/product"}],"about":[{"href":"https:\/\/stoic-curie.212-227-153-4.plesk.page\/hr\/wp-json\/wp\/v2\/types\/product"}],"replies":[{"embeddable":true,"href":"https:\/\/stoic-curie.212-227-153-4.plesk.page\/hr\/wp-json\/wp\/v2\/comments?post=5720455"}],"version-history":[{"count":0,"href":"https:\/\/stoic-curie.212-227-153-4.plesk.page\/hr\/wp-json\/wp\/v2\/product\/5720455\/revisions"}],"wp:featuredmedia":[{"embeddable":true,"href":"https:\/\/stoic-curie.212-227-153-4.plesk.page\/hr\/wp-json\/wp\/v2\/media\/5718966"}],"wp:attachment":[{"href":"https:\/\/stoic-curie.212-227-153-4.plesk.page\/hr\/wp-json\/wp\/v2\/media?parent=5720455"}],"wp:term":[{"taxonomy":"product_brand","embeddable":true,"href":"https:\/\/stoic-curie.212-227-153-4.plesk.page\/hr\/wp-json\/wp\/v2\/product_brand?post=5720455"},{"taxonomy":"product_cat","embeddable":true,"href":"https:\/\/stoic-curie.212-227-153-4.plesk.page\/hr\/wp-json\/wp\/v2\/product_cat?post=5720455"},{"taxonomy":"product_tag","embeddable":true,"href":"https:\/\/stoic-curie.212-227-153-4.plesk.page\/hr\/wp-json\/wp\/v2\/product_tag?post=5720455"}],"curies":[{"name":"wp","href":"https:\/\/api.w.org\/{rel}","templated":true}]}}