{"id":5720458,"date":"2026-02-04T10:05:19","date_gmt":"2026-02-04T09:05:19","guid":{"rendered":"https:\/\/stoic-curie.212-227-153-4.plesk.page\/product\/karbon-ploca-s-preklopnicima-i-sklopkama-5-usb-prikljucaka-voltmetar-dimenzije-182-x-100-mm\/"},"modified":"2026-02-25T00:01:35","modified_gmt":"2026-02-25T00:01:35","slug":"karbon-ploca-s-preklopnicima-i-sklopkama-5-usb-prikljucaka-voltmetar-dimenzije-182-x-100-mm","status":"publish","type":"product","link":"https:\/\/stoic-curie.212-227-153-4.plesk.page\/hr\/product\/karbon-ploca-s-preklopnicima-i-sklopkama-5-usb-prikljucaka-voltmetar-dimenzije-182-x-100-mm\/","title":{"rendered":"Karbon plo\u010da s preklopnicima i sklopkama (5 USB priklju\u010daka + voltmetar) &#8211; Dimenzije: 182 x 100 mm"},"content":{"rendered":"<p>Karbon plo\u010da s preklopnicima i sklopkama (5 USB priklju\u010daka + voltmetar) &#8211; Dimenzije: 182 x 100 mm &#8211; <\/p>\n<p>IP65 vodootporna plo\u010da s Carling veli\u010dinama prekida\u010da (12\/24V) s LED lampicama i automatskim ponovnim insertivnim sklopkama. Uklju\u010duje 4.2A USB priklju\u010dak, digitalni voltmetar, vijke za monta\u017eu i set naljepnica.<\/p>\n","protected":false},"excerpt":{"rendered":"<p>Karbon plo\u010da s preklopnicima i sklopkama (5 USB priklju\u010daka + voltmetar) &#8211; Dimenzije: 182 x 100 mm &#8211; IP65 vodootporna<\/p>\n","protected":false},"featured_media":5719018,"comment_status":"open","ping_status":"closed","template":"","meta":[],"product_brand":[2831],"product_cat":[1746],"product_tag":[],"class_list":{"0":"post-5720458","1":"product","2":"type-product","3":"status-publish","4":"has-post-thumbnail","6":"product_brand-blue-sea-systems-hr","7":"product_cat-elektricne-ploce-prekidaca","9":"first","10":"instock","11":"shipping-taxable","12":"purchasable","13":"product-type-simple"},"_links":{"self":[{"href":"https:\/\/stoic-curie.212-227-153-4.plesk.page\/hr\/wp-json\/wp\/v2\/product\/5720458","targetHints":{"allow":["GET"]}}],"collection":[{"href":"https:\/\/stoic-curie.212-227-153-4.plesk.page\/hr\/wp-json\/wp\/v2\/product"}],"about":[{"href":"https:\/\/stoic-curie.212-227-153-4.plesk.page\/hr\/wp-json\/wp\/v2\/types\/product"}],"replies":[{"embeddable":true,"href":"https:\/\/stoic-curie.212-227-153-4.plesk.page\/hr\/wp-json\/wp\/v2\/comments?post=5720458"}],"version-history":[{"count":0,"href":"https:\/\/stoic-curie.212-227-153-4.plesk.page\/hr\/wp-json\/wp\/v2\/product\/5720458\/revisions"}],"wp:featuredmedia":[{"embeddable":true,"href":"https:\/\/stoic-curie.212-227-153-4.plesk.page\/hr\/wp-json\/wp\/v2\/media\/5719018"}],"wp:attachment":[{"href":"https:\/\/stoic-curie.212-227-153-4.plesk.page\/hr\/wp-json\/wp\/v2\/media?parent=5720458"}],"wp:term":[{"taxonomy":"product_brand","embeddable":true,"href":"https:\/\/stoic-curie.212-227-153-4.plesk.page\/hr\/wp-json\/wp\/v2\/product_brand?post=5720458"},{"taxonomy":"product_cat","embeddable":true,"href":"https:\/\/stoic-curie.212-227-153-4.plesk.page\/hr\/wp-json\/wp\/v2\/product_cat?post=5720458"},{"taxonomy":"product_tag","embeddable":true,"href":"https:\/\/stoic-curie.212-227-153-4.plesk.page\/hr\/wp-json\/wp\/v2\/product_tag?post=5720458"}],"curies":[{"name":"wp","href":"https:\/\/api.w.org\/{rel}","templated":true}]}}