{"id":5720461,"date":"2026-02-04T10:05:22","date_gmt":"2026-02-04T09:05:22","guid":{"rendered":"https:\/\/stoic-curie.212-227-153-4.plesk.page\/product\/plastimo-offshore-75-kompas-crn\/"},"modified":"2026-02-25T00:01:35","modified_gmt":"2026-02-25T00:01:35","slug":"plastimo-offshore-75-kompas-crn","status":"publish","type":"product","link":"https:\/\/stoic-curie.212-227-153-4.plesk.page\/hr\/product\/plastimo-offshore-75-kompas-crn\/","title":{"rendered":"Plastimo Offshore 75 Kompas &#8211; Crn"},"content":{"rendered":"<p>Plastimo Offshore 75 Kompas &#8211; Crn &#8211; <\/p>\n<p>Plastimo Offshore 75 Kompas dizajniran je za ugradnju na ravne horizontalne povr\u0161ine. <br \/>\u2022 Promjer karte: 70 mm <br \/>\u2022 Koni\u010dna karta s 5\u00b0 podjelama za prednje o\u010ditanje <br \/>\u2022 Pogodno za ravnu horizontalnu ili lagano nagnutu ugradnju <br \/>\u2022 Opremljeno LED osvjetljenjem (12\/24 V) \u2013 nemojte rezati \u017eice kako biste izbjegli o\u0161te\u0107enje LED-ova.<\/p>\n","protected":false},"excerpt":{"rendered":"<p>Plastimo Offshore 75 Kompas &#8211; Crn &#8211; Plastimo Offshore 75 Kompas dizajniran je za ugradnju na ravne horizontalne povr\u0161ine. \u2022<\/p>\n","protected":false},"featured_media":5719037,"comment_status":"open","ping_status":"closed","template":"","meta":[],"product_brand":[3206],"product_cat":[1780],"product_tag":[],"class_list":{"0":"post-5720461","1":"product","2":"type-product","3":"status-publish","4":"has-post-thumbnail","6":"product_brand-nova-argonautica-hr","7":"product_cat-navigacijski-kompas","9":"first","10":"instock","11":"shipping-taxable","12":"purchasable","13":"product-type-simple"},"_links":{"self":[{"href":"https:\/\/stoic-curie.212-227-153-4.plesk.page\/hr\/wp-json\/wp\/v2\/product\/5720461","targetHints":{"allow":["GET"]}}],"collection":[{"href":"https:\/\/stoic-curie.212-227-153-4.plesk.page\/hr\/wp-json\/wp\/v2\/product"}],"about":[{"href":"https:\/\/stoic-curie.212-227-153-4.plesk.page\/hr\/wp-json\/wp\/v2\/types\/product"}],"replies":[{"embeddable":true,"href":"https:\/\/stoic-curie.212-227-153-4.plesk.page\/hr\/wp-json\/wp\/v2\/comments?post=5720461"}],"version-history":[{"count":0,"href":"https:\/\/stoic-curie.212-227-153-4.plesk.page\/hr\/wp-json\/wp\/v2\/product\/5720461\/revisions"}],"wp:featuredmedia":[{"embeddable":true,"href":"https:\/\/stoic-curie.212-227-153-4.plesk.page\/hr\/wp-json\/wp\/v2\/media\/5719037"}],"wp:attachment":[{"href":"https:\/\/stoic-curie.212-227-153-4.plesk.page\/hr\/wp-json\/wp\/v2\/media?parent=5720461"}],"wp:term":[{"taxonomy":"product_brand","embeddable":true,"href":"https:\/\/stoic-curie.212-227-153-4.plesk.page\/hr\/wp-json\/wp\/v2\/product_brand?post=5720461"},{"taxonomy":"product_cat","embeddable":true,"href":"https:\/\/stoic-curie.212-227-153-4.plesk.page\/hr\/wp-json\/wp\/v2\/product_cat?post=5720461"},{"taxonomy":"product_tag","embeddable":true,"href":"https:\/\/stoic-curie.212-227-153-4.plesk.page\/hr\/wp-json\/wp\/v2\/product_tag?post=5720461"}],"curies":[{"name":"wp","href":"https:\/\/api.w.org\/{rel}","templated":true}]}}