{"id":5720462,"date":"2026-02-04T10:05:23","date_gmt":"2026-02-04T09:05:23","guid":{"rendered":"https:\/\/stoic-curie.212-227-153-4.plesk.page\/product\/plastimo-offshore-75-kompas-bijela\/"},"modified":"2026-02-25T00:01:35","modified_gmt":"2026-02-25T00:01:35","slug":"plastimo-offshore-75-kompas-bijela","status":"publish","type":"product","link":"https:\/\/stoic-curie.212-227-153-4.plesk.page\/hr\/product\/plastimo-offshore-75-kompas-bijela\/","title":{"rendered":"Plastimo Offshore 75 Kompas &#8211; Bijela"},"content":{"rendered":"<p>Plastimo Offshore 75 Kompas &#8211; Bijela &#8211; <\/p>\n<p>Plastimo Offshore 75 kompas dizajniran je za ugradnju na horizontalne povr\u0161ine. <br \/> \u2022 Promjer karte: 70 mm <br \/> \u2022 Konusna karta s 5\u00b0 gradacijama za prednje \u010ditanje <br \/> \u2022 Pogodno za ugradnju na ravnim ili blago nagnutim povr\u0161inama <br \/> \u2022 Ima LED osvjetljenje kompatibilno s 12\/24 V (nemojte rezati \u017eice kako biste sprije\u010dili o\u0161te\u0107enje LED-a).<\/p>\n","protected":false},"excerpt":{"rendered":"<p>Plastimo Offshore 75 Kompas &#8211; Bijela &#8211; Plastimo Offshore 75 kompas dizajniran je za ugradnju na horizontalne povr\u0161ine. \u2022 Promjer<\/p>\n","protected":false},"featured_media":5719037,"comment_status":"open","ping_status":"closed","template":"","meta":[],"product_brand":[3206],"product_cat":[1780],"product_tag":[],"class_list":{"0":"post-5720462","1":"product","2":"type-product","3":"status-publish","4":"has-post-thumbnail","6":"product_brand-nova-argonautica-hr","7":"product_cat-navigacijski-kompas","9":"first","10":"instock","11":"shipping-taxable","12":"purchasable","13":"product-type-simple"},"_links":{"self":[{"href":"https:\/\/stoic-curie.212-227-153-4.plesk.page\/hr\/wp-json\/wp\/v2\/product\/5720462","targetHints":{"allow":["GET"]}}],"collection":[{"href":"https:\/\/stoic-curie.212-227-153-4.plesk.page\/hr\/wp-json\/wp\/v2\/product"}],"about":[{"href":"https:\/\/stoic-curie.212-227-153-4.plesk.page\/hr\/wp-json\/wp\/v2\/types\/product"}],"replies":[{"embeddable":true,"href":"https:\/\/stoic-curie.212-227-153-4.plesk.page\/hr\/wp-json\/wp\/v2\/comments?post=5720462"}],"version-history":[{"count":0,"href":"https:\/\/stoic-curie.212-227-153-4.plesk.page\/hr\/wp-json\/wp\/v2\/product\/5720462\/revisions"}],"wp:featuredmedia":[{"embeddable":true,"href":"https:\/\/stoic-curie.212-227-153-4.plesk.page\/hr\/wp-json\/wp\/v2\/media\/5719037"}],"wp:attachment":[{"href":"https:\/\/stoic-curie.212-227-153-4.plesk.page\/hr\/wp-json\/wp\/v2\/media?parent=5720462"}],"wp:term":[{"taxonomy":"product_brand","embeddable":true,"href":"https:\/\/stoic-curie.212-227-153-4.plesk.page\/hr\/wp-json\/wp\/v2\/product_brand?post=5720462"},{"taxonomy":"product_cat","embeddable":true,"href":"https:\/\/stoic-curie.212-227-153-4.plesk.page\/hr\/wp-json\/wp\/v2\/product_cat?post=5720462"},{"taxonomy":"product_tag","embeddable":true,"href":"https:\/\/stoic-curie.212-227-153-4.plesk.page\/hr\/wp-json\/wp\/v2\/product_tag?post=5720462"}],"curies":[{"name":"wp","href":"https:\/\/api.w.org\/{rel}","templated":true}]}}