{"id":5720464,"date":"2026-02-04T10:05:25","date_gmt":"2026-02-04T09:05:25","guid":{"rendered":"https:\/\/stoic-curie.212-227-153-4.plesk.page\/product\/clarion-cms-651-sportski-zvucnici-o-175-mm\/"},"modified":"2026-02-25T00:01:41","modified_gmt":"2026-02-25T00:01:41","slug":"clarion-cms-651-sportski-zvucnici-o-175-mm","status":"publish","type":"product","link":"https:\/\/stoic-curie.212-227-153-4.plesk.page\/hr\/product\/clarion-cms-651-sportski-zvucnici-o-175-mm\/","title":{"rendered":"Clarion CMS-651 Sportski Zvu\u010dnici \u00d8 175 mm"},"content":{"rendered":"<p>Clarion CMS-651 Sportski Zvu\u010dnici \u00d8 175 mm &#8211; <\/p>\n<p>Paket Clarion CMS-651 dvostranih zvu\u010dnika izra\u0111enih od komponenti spremnih za more, s kupolastim visokotonskim zvu\u010dnicima i woofer konusima od polimera s visokopropusnim filtrom. Uklju\u010duje dvije izmjenjive bijele mre\u017eice i dvije crne.<\/p>\n","protected":false},"excerpt":{"rendered":"<p>Clarion CMS-651 Sportski Zvu\u010dnici \u00d8 175 mm &#8211; Paket Clarion CMS-651 dvostranih zvu\u010dnika izra\u0111enih od komponenti spremnih za more, s<\/p>\n","protected":false},"featured_media":5719085,"comment_status":"open","ping_status":"closed","template":"","meta":[],"product_brand":[3206],"product_cat":[1733],"product_tag":[],"class_list":{"0":"post-5720464","1":"product","2":"type-product","3":"status-publish","4":"has-post-thumbnail","6":"product_brand-nova-argonautica-hr","7":"product_cat-stereo-i-zvucnici","9":"first","10":"instock","11":"shipping-taxable","12":"purchasable","13":"product-type-simple"},"_links":{"self":[{"href":"https:\/\/stoic-curie.212-227-153-4.plesk.page\/hr\/wp-json\/wp\/v2\/product\/5720464","targetHints":{"allow":["GET"]}}],"collection":[{"href":"https:\/\/stoic-curie.212-227-153-4.plesk.page\/hr\/wp-json\/wp\/v2\/product"}],"about":[{"href":"https:\/\/stoic-curie.212-227-153-4.plesk.page\/hr\/wp-json\/wp\/v2\/types\/product"}],"replies":[{"embeddable":true,"href":"https:\/\/stoic-curie.212-227-153-4.plesk.page\/hr\/wp-json\/wp\/v2\/comments?post=5720464"}],"version-history":[{"count":0,"href":"https:\/\/stoic-curie.212-227-153-4.plesk.page\/hr\/wp-json\/wp\/v2\/product\/5720464\/revisions"}],"wp:featuredmedia":[{"embeddable":true,"href":"https:\/\/stoic-curie.212-227-153-4.plesk.page\/hr\/wp-json\/wp\/v2\/media\/5719085"}],"wp:attachment":[{"href":"https:\/\/stoic-curie.212-227-153-4.plesk.page\/hr\/wp-json\/wp\/v2\/media?parent=5720464"}],"wp:term":[{"taxonomy":"product_brand","embeddable":true,"href":"https:\/\/stoic-curie.212-227-153-4.plesk.page\/hr\/wp-json\/wp\/v2\/product_brand?post=5720464"},{"taxonomy":"product_cat","embeddable":true,"href":"https:\/\/stoic-curie.212-227-153-4.plesk.page\/hr\/wp-json\/wp\/v2\/product_cat?post=5720464"},{"taxonomy":"product_tag","embeddable":true,"href":"https:\/\/stoic-curie.212-227-153-4.plesk.page\/hr\/wp-json\/wp\/v2\/product_tag?post=5720464"}],"curies":[{"name":"wp","href":"https:\/\/api.w.org\/{rel}","templated":true}]}}