{"id":5720480,"date":"2026-02-04T10:05:45","date_gmt":"2026-02-04T09:05:45","guid":{"rendered":"https:\/\/stoic-curie.212-227-153-4.plesk.page\/product\/musto-evo-crew-softshell-prsluk-velicina-xl-boja-crna\/"},"modified":"2026-02-25T00:01:41","modified_gmt":"2026-02-25T00:01:41","slug":"musto-evo-crew-softshell-prsluk-velicina-xl-boja-crna","status":"publish","type":"product","link":"https:\/\/stoic-curie.212-227-153-4.plesk.page\/hr\/product\/musto-evo-crew-softshell-prsluk-velicina-xl-boja-crna\/","title":{"rendered":"Musto Evo Crew Softshell Prsluk, Veli\u010dina XL, Boja Crna"},"content":{"rendered":"<p>Musto Evo Crew Softshell Prsluk, Veli\u010dina XL, Boja Crna &#8211; <\/p>\n<p>Musto Evo Crew Softshell Prsluk izra\u0111en je od rastezljive, prozra\u010dne i vjetrootporne tkanine. Ima PFC-free DWR (Trajna Vodoodbojnost) tretman, dva bo\u010dna d\u017eepa sa YKK\u00ae zatvara\u010dem i elasti\u010dni donji rub za \u010dvrsto pristajanje. Kliknite ovdje da provjerite to\u010dnu veli\u010dinu:<\/p>\n","protected":false},"excerpt":{"rendered":"<p>Musto Evo Crew Softshell Prsluk, Veli\u010dina XL, Boja Crna &#8211; Musto Evo Crew Softshell Prsluk izra\u0111en je od rastezljive, prozra\u010dne<\/p>\n","protected":false},"featured_media":5719116,"comment_status":"open","ping_status":"closed","template":"","meta":[],"product_brand":[3156],"product_cat":[1854],"product_tag":[],"class_list":{"0":"post-5720480","1":"product","2":"type-product","3":"status-publish","4":"has-post-thumbnail","6":"product_brand-musto-hr","7":"product_cat-jedrilicarska-odjeca-musto","9":"first","10":"instock","11":"shipping-taxable","12":"purchasable","13":"product-type-simple"},"_links":{"self":[{"href":"https:\/\/stoic-curie.212-227-153-4.plesk.page\/hr\/wp-json\/wp\/v2\/product\/5720480","targetHints":{"allow":["GET"]}}],"collection":[{"href":"https:\/\/stoic-curie.212-227-153-4.plesk.page\/hr\/wp-json\/wp\/v2\/product"}],"about":[{"href":"https:\/\/stoic-curie.212-227-153-4.plesk.page\/hr\/wp-json\/wp\/v2\/types\/product"}],"replies":[{"embeddable":true,"href":"https:\/\/stoic-curie.212-227-153-4.plesk.page\/hr\/wp-json\/wp\/v2\/comments?post=5720480"}],"version-history":[{"count":0,"href":"https:\/\/stoic-curie.212-227-153-4.plesk.page\/hr\/wp-json\/wp\/v2\/product\/5720480\/revisions"}],"wp:featuredmedia":[{"embeddable":true,"href":"https:\/\/stoic-curie.212-227-153-4.plesk.page\/hr\/wp-json\/wp\/v2\/media\/5719116"}],"wp:attachment":[{"href":"https:\/\/stoic-curie.212-227-153-4.plesk.page\/hr\/wp-json\/wp\/v2\/media?parent=5720480"}],"wp:term":[{"taxonomy":"product_brand","embeddable":true,"href":"https:\/\/stoic-curie.212-227-153-4.plesk.page\/hr\/wp-json\/wp\/v2\/product_brand?post=5720480"},{"taxonomy":"product_cat","embeddable":true,"href":"https:\/\/stoic-curie.212-227-153-4.plesk.page\/hr\/wp-json\/wp\/v2\/product_cat?post=5720480"},{"taxonomy":"product_tag","embeddable":true,"href":"https:\/\/stoic-curie.212-227-153-4.plesk.page\/hr\/wp-json\/wp\/v2\/product_tag?post=5720480"}],"curies":[{"name":"wp","href":"https:\/\/api.w.org\/{rel}","templated":true}]}}